{"id":20887,"date":"2024-07-11T10:18:06","date_gmt":"2024-07-11T10:18:06","guid":{"rendered":"https:\/\/para-pharmacity.tn\/?product=therapia-spiruline-60-gellules"},"modified":"2025-06-13T09:41:54","modified_gmt":"2025-06-13T09:41:54","slug":"therapia-spiruline-60-gellules","status":"publish","type":"product","link":"https:\/\/para-pharmacity.tn\/?product=therapia-spiruline-60-gellules","title":{"rendered":"THERAPIA SPIRULINE 60 GELLULES"},"content":{"rendered":"<p>Ceci est un compl\u00e9ment alimentaire \u00e0 base de plantes, il ne doit pas remplacer une alimentaire diversifi\u00e9e et un mode de vie sain. ne pas d\u00e9passer les doses conseill\u00e9es.<\/p>\n<p>conserver dans un endroit frais , sec et loin de la port\u00e9e des enfants.<\/p>\n<p>*Stimule le syst\u00e8me immunitaire<\/p>\n<p>*Aide \u00e0 lutter contre l&rsquo;an\u00e9mie et \u00e0 la r\u00e9cup\u00e9ration apr\u00e8s un effort physique<\/p>\n<p>*Fortifie et stimule la croissance des cheveux<\/p>\n<p>c&rsquo;est un antioxydant de qualit\u00e9<\/p>\n","protected":false},"excerpt":{"rendered":"<p>La spiruline stimule le syst\u00e8me immunitaire et aide \u00e0 lutter contre l\u2019an\u00e9mie et \u00e0 la r\u00e9cup\u00e9ration apr\u00e8s un effort physique.<\/p>\n","protected":false},"featured_media":26750,"comment_status":"open","ping_status":"closed","template":"","meta":[],"product_cat":[204,217],"product_tag":[],"class_list":{"0":"post-20887","1":"product","2":"type-product","3":"status-publish","4":"has-post-thumbnail","6":"product_cat-complement","7":"product_cat-vitamines","9":"first","10":"instock","11":"shipping-taxable","12":"purchasable","13":"product-type-simple"},"jetpack_sharing_enabled":true,"_links":{"self":[{"href":"https:\/\/para-pharmacity.tn\/index.php?rest_route=\/wp\/v2\/product\/20887","targetHints":{"allow":["GET"]}}],"collection":[{"href":"https:\/\/para-pharmacity.tn\/index.php?rest_route=\/wp\/v2\/product"}],"about":[{"href":"https:\/\/para-pharmacity.tn\/index.php?rest_route=\/wp\/v2\/types\/product"}],"replies":[{"embeddable":true,"href":"https:\/\/para-pharmacity.tn\/index.php?rest_route=%2Fwp%2Fv2%2Fcomments&post=20887"}],"version-history":[{"count":2,"href":"https:\/\/para-pharmacity.tn\/index.php?rest_route=\/wp\/v2\/product\/20887\/revisions"}],"predecessor-version":[{"id":26752,"href":"https:\/\/para-pharmacity.tn\/index.php?rest_route=\/wp\/v2\/product\/20887\/revisions\/26752"}],"wp:featuredmedia":[{"embeddable":true,"href":"https:\/\/para-pharmacity.tn\/index.php?rest_route=\/wp\/v2\/media\/26750"}],"wp:attachment":[{"href":"https:\/\/para-pharmacity.tn\/index.php?rest_route=%2Fwp%2Fv2%2Fmedia&parent=20887"}],"wp:term":[{"taxonomy":"product_cat","embeddable":true,"href":"https:\/\/para-pharmacity.tn\/index.php?rest_route=%2Fwp%2Fv2%2Fproduct_cat&post=20887"},{"taxonomy":"product_tag","embeddable":true,"href":"https:\/\/para-pharmacity.tn\/index.php?rest_route=%2Fwp%2Fv2%2Fproduct_tag&post=20887"}],"curies":[{"name":"wp","href":"https:\/\/api.w.org\/{rel}","templated":true}]}}