{"id":20885,"date":"2024-07-11T10:18:05","date_gmt":"2024-07-11T10:18:05","guid":{"rendered":"https:\/\/para-pharmacity.tn\/?product=svr-xerial-30-pieds-50-ml"},"modified":"2025-06-16T15:00:13","modified_gmt":"2025-06-16T15:00:13","slug":"svr-xerial-30-pieds-50-ml","status":"publish","type":"product","link":"https:\/\/para-pharmacity.tn\/?product=svr-xerial-30-pieds-50-ml","title":{"rendered":"SVR XERIAL 30 PIEDS 50 ML"},"content":{"rendered":"<p>SVR X\u00e9rial 30 est une cr\u00e8me qui r\u00e9pare la peau des pieds tr\u00e8s secs voir m\u00eame ceux ayant des callosit\u00e9s. Cette cr\u00e8me pr\u00e9vient l&rsquo;apparition des callosit\u00e9s. En effet, gr\u00e2ce \u00e0 sa composition \u00e0 savoir : Prot\u00e9ase, beurre de Karit\u00e9, Allanto\u00efne, Acides Amin\u00e8s, Vitamine B5 et la technologie Ur\u00e9e Pure concentr\u00e9e \u00e0 30%, SVR X\u00e9rial 30 r\u00e9duit efficacement l&rsquo;aspect sec et ab\u00eem\u00e9 de la peau mais aussi hydrate et surtout pr\u00e9vient l&rsquo;apparition des callosit\u00e9s. Quant \u00e0 sa texture, elle est adapt\u00e9e et est facile \u00e0 s&rsquo;\u00e9taler. Cette derni\u00e8re p\u00e9n\u00e8tre rapidement.<\/p>\n","protected":false},"excerpt":{"rendered":"<p>XERIAL 30 CR\u00c8ME PIEDS SECS ET AB\u00ceMES :est une cr\u00e8me pour pieds permettant de r\u00e9parer et pr\u00e9venir l\u2019apparition de callosit\u00e9s tout en nourrissant et adoucissant la peau des pieds tr\u00e8s secs et ab\u00eem\u00e9s. Il s&rsquo;agit d&rsquo;un nutri-r\u00e9parateur hydratant 24h pr\u00e9vention callosit\u00e9s.<\/p>\n","protected":false},"featured_media":26872,"comment_status":"open","ping_status":"closed","template":"","meta":[],"product_cat":[235],"product_tag":[],"class_list":{"0":"post-20885","1":"product","2":"type-product","3":"status-publish","4":"has-post-thumbnail","6":"product_cat-corps","8":"first","9":"instock","10":"shipping-taxable","11":"purchasable","12":"product-type-simple"},"jetpack_sharing_enabled":true,"_links":{"self":[{"href":"https:\/\/para-pharmacity.tn\/index.php?rest_route=\/wp\/v2\/product\/20885","targetHints":{"allow":["GET"]}}],"collection":[{"href":"https:\/\/para-pharmacity.tn\/index.php?rest_route=\/wp\/v2\/product"}],"about":[{"href":"https:\/\/para-pharmacity.tn\/index.php?rest_route=\/wp\/v2\/types\/product"}],"replies":[{"embeddable":true,"href":"https:\/\/para-pharmacity.tn\/index.php?rest_route=%2Fwp%2Fv2%2Fcomments&post=20885"}],"version-history":[{"count":2,"href":"https:\/\/para-pharmacity.tn\/index.php?rest_route=\/wp\/v2\/product\/20885\/revisions"}],"predecessor-version":[{"id":26873,"href":"https:\/\/para-pharmacity.tn\/index.php?rest_route=\/wp\/v2\/product\/20885\/revisions\/26873"}],"wp:featuredmedia":[{"embeddable":true,"href":"https:\/\/para-pharmacity.tn\/index.php?rest_route=\/wp\/v2\/media\/26872"}],"wp:attachment":[{"href":"https:\/\/para-pharmacity.tn\/index.php?rest_route=%2Fwp%2Fv2%2Fmedia&parent=20885"}],"wp:term":[{"taxonomy":"product_cat","embeddable":true,"href":"https:\/\/para-pharmacity.tn\/index.php?rest_route=%2Fwp%2Fv2%2Fproduct_cat&post=20885"},{"taxonomy":"product_tag","embeddable":true,"href":"https:\/\/para-pharmacity.tn\/index.php?rest_route=%2Fwp%2Fv2%2Fproduct_tag&post=20885"}],"curies":[{"name":"wp","href":"https:\/\/api.w.org\/{rel}","templated":true}]}}