{"id":20884,"date":"2024-07-11T10:18:05","date_gmt":"2024-07-11T10:18:05","guid":{"rendered":"https:\/\/para-pharmacity.tn\/?product=svr-topialyse-palpebral-baume-30-ml"},"modified":"2025-06-16T15:28:55","modified_gmt":"2025-06-16T15:28:55","slug":"svr-topialyse-palpebral-baume-30-ml","status":"publish","type":"product","link":"https:\/\/para-pharmacity.tn\/?product=svr-topialyse-palpebral-baume-30-ml","title":{"rendered":"SVR TOPIALYSE PALPEBRAL BAUME 30 ML"},"content":{"rendered":"<p style=\"font-weight: 400;\">Visage, contour des yeux et paupi\u00e8res. Peaux s\u00e8ches sujettes \u00e0 crise d\u2019ecz\u00e9ma atopique. Rougeurs, irritations2, d\u00e9mangeaisons2. Pour toute la famille (b\u00e9b\u00e9s, enfants, adultes).<\/p>\n<p style=\"font-weight: 400;\">Sp\u00e9cialement formul\u00e9 pour les zones fragiles du visage et du contour des yeux, le Baume PALPEBRAL hydrate et restaure la barri\u00e8re cutan\u00e9e et le film hydrolipidique pour apaiser instantan\u00e9ment et r\u00e9duire durablement les inconforts pendant 24H4 (irritations2, rougeurs, sensations de d\u00e9mangeaisons et de s\u00e9cheresse). Sa texture riche en acide hyaluronique et en Om\u00e9gas 3, 6, 9 coupl\u00e9s au brevet C\u00e9ramides AD prot\u00e8ge des agressions ext\u00e9rieures (acariens, pollution) pour favoriser la r\u00e9paration cutan\u00e9e.<\/p>\n<p style=\"font-weight: 400;\">PALPEBRAL BAUME, une formule riche en actifs dermatologiques et en phase \u00e9molliente pour retrouver une peau apais\u00e9e, r\u00e9par\u00e9e et prot\u00e9g\u00e9e.<\/p>\n<p style=\"font-weight: 400;\">Brevet C\u00e9ramides AD : comme dans le Baume Protect+, on retrouve ces c\u00e9ramides bien particuli\u00e8res qui prot\u00e8gent la peau des effets n\u00e9fastes des acariens sur la d\u00e9gradation de la barri\u00e8re cutan\u00e9e. Mais ce n\u2019est pas leur unique action ! Elles apportent aussi aux peaux s\u00e8ches \u00e0 tr\u00e8s s\u00e8ches les lipides manquants et limitent la perte insensible en eau.<\/p>\n<p style=\"font-weight: 400;\">Sucre pr\u00e9biotique : issu du muguet du Japon il apaise et hydrate la peau, restaure la barri\u00e8re cutan\u00e9e, maintient le microbiote cutan\u00e9 et a une action anti-d\u00e9mangeaison.<\/p>\n<p style=\"font-weight: 400;\">27,8% de phase grasse : relipidante, elle est primordiale dans la r\u00e9paration de la barri\u00e8re cutan\u00e9e d\u2019une peau \u00e0 tendance atopique. Elle se compose notamment :<\/p>\n<p style=\"font-weight: 400;\">D\u2019huile de Bourrache, source d&rsquo;Om\u00e9gas 3,6,9 : nourrit la peau, pr\u00e9vient de la d\u00e9shydratation, prot\u00e8ge et adoucit la peau.<\/p>\n<p style=\"font-weight: 400;\">De beurres v\u00e9g\u00e9taux : nourrissent et procurent une sensation de confort \u00e0 la peau.<\/p>\n<p style=\"font-weight: 400;\">\u00a0Et de l\u2019Acide Hyaluronique pour hydrater et repulper la peau.<\/p>\n<p style=\"font-weight: 400;\"><b><strong>Conseils d&rsquo;utilisation :<\/strong><\/b><\/p>\n<p style=\"font-weight: 400;\">Produits multi-usages :<\/p>\n<ul>\n<li style=\"font-weight: 400;\">En cas de rougeurs, s\u00e9cheresses d\u00e9mangeaisons intenses : Application sous forme de masque en couche \u00e9paisse sur toutes les zones fragilis\u00e9es du visage sujettes \u00e0 l\u2019ecz\u00e9ma atopique y compris le contour des yeux.<\/li>\n<li style=\"font-weight: 400;\">Au quotidien : D\u00e9poser sur peau propre et s\u00e8che, une petite quantit\u00e9 sous le coin interne de l\u2019\u0153il puis tapoter avec le doigt en suivant le contour, sous l\u2019\u0153il, puis sur la paupi\u00e8re. Appliquez \u00e9galement le produit sur toutes les zones du visage sujettes \u00e0 l\u2019ecz\u00e9ma atopique.<\/li>\n<\/ul>\n<p style=\"font-weight: 400;\">Qualit\u00e9s et caract\u00e9ristiques environnementales : emballage enti\u00e8rement recyclable.<\/p>\n","protected":false},"excerpt":{"rendered":"<p>Palpebral Baume 30ml &#8211; Le r\u00e9confort du visage et du contour des yeux irrit\u00e9s(2), tr\u00e8s secs ou sujets \u00e0 l\u2019ecz\u00e9ma atopique. Apaise, r\u00e9pare 48h(1), protection anti-irritation, anti-grattage.<\/p>\n","protected":false},"featured_media":26881,"comment_status":"open","ping_status":"closed","template":"","meta":[],"product_cat":[213],"product_tag":[],"class_list":{"0":"post-20884","1":"product","2":"type-product","3":"status-publish","4":"has-post-thumbnail","6":"product_cat-visage","8":"first","9":"instock","10":"shipping-taxable","11":"purchasable","12":"product-type-simple"},"jetpack_sharing_enabled":true,"_links":{"self":[{"href":"https:\/\/para-pharmacity.tn\/index.php?rest_route=\/wp\/v2\/product\/20884","targetHints":{"allow":["GET"]}}],"collection":[{"href":"https:\/\/para-pharmacity.tn\/index.php?rest_route=\/wp\/v2\/product"}],"about":[{"href":"https:\/\/para-pharmacity.tn\/index.php?rest_route=\/wp\/v2\/types\/product"}],"replies":[{"embeddable":true,"href":"https:\/\/para-pharmacity.tn\/index.php?rest_route=%2Fwp%2Fv2%2Fcomments&post=20884"}],"version-history":[{"count":2,"href":"https:\/\/para-pharmacity.tn\/index.php?rest_route=\/wp\/v2\/product\/20884\/revisions"}],"predecessor-version":[{"id":26884,"href":"https:\/\/para-pharmacity.tn\/index.php?rest_route=\/wp\/v2\/product\/20884\/revisions\/26884"}],"wp:featuredmedia":[{"embeddable":true,"href":"https:\/\/para-pharmacity.tn\/index.php?rest_route=\/wp\/v2\/media\/26881"}],"wp:attachment":[{"href":"https:\/\/para-pharmacity.tn\/index.php?rest_route=%2Fwp%2Fv2%2Fmedia&parent=20884"}],"wp:term":[{"taxonomy":"product_cat","embeddable":true,"href":"https:\/\/para-pharmacity.tn\/index.php?rest_route=%2Fwp%2Fv2%2Fproduct_cat&post=20884"},{"taxonomy":"product_tag","embeddable":true,"href":"https:\/\/para-pharmacity.tn\/index.php?rest_route=%2Fwp%2Fv2%2Fproduct_tag&post=20884"}],"curies":[{"name":"wp","href":"https:\/\/api.w.org\/{rel}","templated":true}]}}