{"id":20743,"date":"2024-07-11T10:16:45","date_gmt":"2024-07-11T10:16:45","guid":{"rendered":"https:\/\/para-pharmacity.tn\/?product=beesline-creme-hydratant-balance-barrier-creme-50ml"},"modified":"2025-04-24T11:51:43","modified_gmt":"2025-04-24T11:51:43","slug":"beesline-creme-hydratant-balance-barrier-creme-50ml","status":"publish","type":"product","link":"https:\/\/para-pharmacity.tn\/?product=beesline-creme-hydratant-balance-barrier-creme-50ml","title":{"rendered":"BEESLINE CREME HYDRATANT EVRYONE BARRIER CREME 50ML"},"content":{"rendered":"<p class=\"ds-markdown-paragraph\"><strong>BEESLINE Everyone Barrier Cream 50ml<\/strong>\u00a0est un soin hydratant multi-fonctionnel con\u00e7u pour toutes les peaux, m\u00eame les plus sensibles. Formul\u00e9e avec de la\u00a0<strong>cire d\u2019abeille, des c\u00e9ramides et des acides gras essentiels<\/strong>, cette cr\u00e8me restaure et prot\u00e8ge la barri\u00e8re cutan\u00e9e, pr\u00e9venant ainsi la d\u00e9shydratation et les irritations.<\/p>\n<p class=\"ds-markdown-paragraph\">Sa texture\u00a0<strong>riche mais non collante<\/strong>\u00a0p\u00e9n\u00e8tre rapidement pour une hydratation 24h, tout en apaisant les rougeurs et les tiraillements. Id\u00e9ale pour les peaux s\u00e8ches, r\u00e9actives ou expos\u00e9es aux agressions (froid, pollution, stress), elle renforce la r\u00e9sistance de l\u2019\u00e9piderme et am\u00e9liore son \u00e9lasticit\u00e9.<\/p>\n","protected":false},"excerpt":{"rendered":"<p><strong>BEESLINE Cr\u00e8me Hydratante Everyone Barrier Cream 50ml<\/strong>\u00a0\u2013 Une hydratation universelle intense qui renforce la barri\u00e8re cutan\u00e9e pour une peau douce, r\u00e9sistante et prot\u00e9g\u00e9e.<\/p>\n","protected":false},"featured_media":25626,"comment_status":"open","ping_status":"closed","template":"","meta":[],"product_cat":[213],"product_tag":[],"class_list":{"0":"post-20743","1":"product","2":"type-product","3":"status-publish","4":"has-post-thumbnail","6":"product_cat-visage","8":"first","9":"instock","10":"shipping-taxable","11":"purchasable","12":"product-type-simple"},"jetpack_sharing_enabled":true,"_links":{"self":[{"href":"https:\/\/para-pharmacity.tn\/index.php?rest_route=\/wp\/v2\/product\/20743","targetHints":{"allow":["GET"]}}],"collection":[{"href":"https:\/\/para-pharmacity.tn\/index.php?rest_route=\/wp\/v2\/product"}],"about":[{"href":"https:\/\/para-pharmacity.tn\/index.php?rest_route=\/wp\/v2\/types\/product"}],"replies":[{"embeddable":true,"href":"https:\/\/para-pharmacity.tn\/index.php?rest_route=%2Fwp%2Fv2%2Fcomments&post=20743"}],"version-history":[{"count":2,"href":"https:\/\/para-pharmacity.tn\/index.php?rest_route=\/wp\/v2\/product\/20743\/revisions"}],"predecessor-version":[{"id":25627,"href":"https:\/\/para-pharmacity.tn\/index.php?rest_route=\/wp\/v2\/product\/20743\/revisions\/25627"}],"wp:featuredmedia":[{"embeddable":true,"href":"https:\/\/para-pharmacity.tn\/index.php?rest_route=\/wp\/v2\/media\/25626"}],"wp:attachment":[{"href":"https:\/\/para-pharmacity.tn\/index.php?rest_route=%2Fwp%2Fv2%2Fmedia&parent=20743"}],"wp:term":[{"taxonomy":"product_cat","embeddable":true,"href":"https:\/\/para-pharmacity.tn\/index.php?rest_route=%2Fwp%2Fv2%2Fproduct_cat&post=20743"},{"taxonomy":"product_tag","embeddable":true,"href":"https:\/\/para-pharmacity.tn\/index.php?rest_route=%2Fwp%2Fv2%2Fproduct_tag&post=20743"}],"curies":[{"name":"wp","href":"https:\/\/api.w.org\/{rel}","templated":true}]}}