{"id":20741,"date":"2024-07-11T10:16:44","date_gmt":"2024-07-11T10:16:44","guid":{"rendered":"https:\/\/para-pharmacity.tn\/?product=beesline-creme-anti-age-50ml"},"modified":"2025-04-24T11:33:41","modified_gmt":"2025-04-24T11:33:41","slug":"beesline-creme-anti-age-50ml","status":"publish","type":"product","link":"https:\/\/para-pharmacity.tn\/?product=beesline-creme-anti-age-50ml","title":{"rendered":"BEESLINE CREME ANTI AGE 50ML"},"content":{"rendered":"<p><strong>BEESLINE Cr\u00e8me Anti-\u00c2ge 50ml<\/strong> est un soin complet qui combat les rides, les ridules et la perte de fermet\u00e9 pour r\u00e9v\u00e9ler une peau plus jeune et rayonnante. Enrichie en cire d\u2019abeille, en huile d\u2019olive et en extraits botaniques antioxydants, cette cr\u00e8me stimule la production de collag\u00e8ne, am\u00e9liore l\u2019\u00e9lasticit\u00e9 et hydrate intens\u00e9ment. Sa texture onctueuse p\u00e9n\u00e8tre rapidement sans laisser de film gras, pour une peau repulp\u00e9e et prot\u00e9g\u00e9e contre le vieillissement pr\u00e9matur\u00e9. Id\u00e9ale pour une utilisation quotidienne, elle pr\u00e9vient les dommages caus\u00e9s par les radicaux libres et redonne \u00e9clat et douceur \u00e0 l\u2019\u00e9piderme..<\/p>\n","protected":false},"excerpt":{"rendered":"<p><strong>BEESLINE Cr\u00e8me Anti-\u00c2ge 50ml<\/strong>\u00a0\u2013 Un soin nourrissant et raffermissant \u00e0 base de cire d\u2019abeille et d\u2019actifs naturels pour lutter contre les signes de l\u2019\u00e2ge et redonner \u00e9clat \u00e0 votre peau.<\/p>\n","protected":false},"featured_media":25613,"comment_status":"open","ping_status":"closed","template":"","meta":[],"product_cat":[213],"product_tag":[],"class_list":{"0":"post-20741","1":"product","2":"type-product","3":"status-publish","4":"has-post-thumbnail","6":"product_cat-visage","8":"first","9":"instock","10":"shipping-taxable","11":"purchasable","12":"product-type-simple"},"jetpack_sharing_enabled":true,"_links":{"self":[{"href":"https:\/\/para-pharmacity.tn\/index.php?rest_route=\/wp\/v2\/product\/20741","targetHints":{"allow":["GET"]}}],"collection":[{"href":"https:\/\/para-pharmacity.tn\/index.php?rest_route=\/wp\/v2\/product"}],"about":[{"href":"https:\/\/para-pharmacity.tn\/index.php?rest_route=\/wp\/v2\/types\/product"}],"replies":[{"embeddable":true,"href":"https:\/\/para-pharmacity.tn\/index.php?rest_route=%2Fwp%2Fv2%2Fcomments&post=20741"}],"version-history":[{"count":2,"href":"https:\/\/para-pharmacity.tn\/index.php?rest_route=\/wp\/v2\/product\/20741\/revisions"}],"predecessor-version":[{"id":25615,"href":"https:\/\/para-pharmacity.tn\/index.php?rest_route=\/wp\/v2\/product\/20741\/revisions\/25615"}],"wp:featuredmedia":[{"embeddable":true,"href":"https:\/\/para-pharmacity.tn\/index.php?rest_route=\/wp\/v2\/media\/25613"}],"wp:attachment":[{"href":"https:\/\/para-pharmacity.tn\/index.php?rest_route=%2Fwp%2Fv2%2Fmedia&parent=20741"}],"wp:term":[{"taxonomy":"product_cat","embeddable":true,"href":"https:\/\/para-pharmacity.tn\/index.php?rest_route=%2Fwp%2Fv2%2Fproduct_cat&post=20741"},{"taxonomy":"product_tag","embeddable":true,"href":"https:\/\/para-pharmacity.tn\/index.php?rest_route=%2Fwp%2Fv2%2Fproduct_tag&post=20741"}],"curies":[{"name":"wp","href":"https:\/\/api.w.org\/{rel}","templated":true}]}}