{"id":20739,"date":"2024-07-11T10:16:43","date_gmt":"2024-07-11T10:16:43","guid":{"rendered":"https:\/\/para-pharmacity.tn\/?product=beesline-anti-wrinkle-radiance-serum"},"modified":"2025-04-24T10:50:03","modified_gmt":"2025-04-24T10:50:03","slug":"beesline-anti-wrinkle-radiance-serum","status":"publish","type":"product","link":"https:\/\/para-pharmacity.tn\/?product=beesline-anti-wrinkle-radiance-serum","title":{"rendered":"BEESLINE ANTI WRINKLE RADIANCE SERUM"},"content":{"rendered":"<p class=\"\" data-start=\"275\" data-end=\"432\"><span class=\"relative -mx-px my-[-0.2rem] rounded px-px py-[0.2rem] transition-colors duration-100 ease-in-out\">Le <strong data-start=\"3\" data-end=\"45\">Beesline Anti-Wrinkle &amp; Radiance Serum<\/strong> est formul\u00e9 pour cibler les signes visibles du vieillissement cutan\u00e9.<\/span> <span class=\"relative -mx-px my-[-0.2rem] rounded px-px py-[0.2rem] transition-colors duration-100 ease-in-out\">Il contient <strong data-start=\"12\" data-end=\"34\">10% de niacinamide<\/strong>, un ingr\u00e9dient reconnu pour ses propri\u00e9t\u00e9s \u00e9claircissantes et sa capacit\u00e9 \u00e0 am\u00e9liorer la barri\u00e8re cutan\u00e9e.<\/span> <span class=\"relative -mx-px my-[-0.2rem] rounded px-px py-[0.2rem] transition-colors duration-100 ease-in-out\">Le <strong data-start=\"3\" data-end=\"23\">0,05% de r\u00e9tinol<\/strong> agit en stimulant le renouvellement cellulaire, r\u00e9duisant ainsi l&rsquo;apparence des rides et des ridules.<\/span>\u200b<\/p>\n<p class=\"\" data-start=\"434\" data-end=\"456\"><strong data-start=\"434\" data-end=\"456\">Ingr\u00e9dients cl\u00e9s :<\/strong><\/p>\n<ul data-start=\"458\" data-end=\"881\">\n<li class=\"\" data-start=\"458\" data-end=\"529\">\n<p class=\"\" data-start=\"460\" data-end=\"529\"><strong data-start=\"460\" data-end=\"489\">Niacinamide (vitamine B3)<\/strong> : <span class=\"relative -mx-px my-[-0.2rem] rounded px-px py-[0.2rem] transition-colors duration-100 ease-in-out\">Am\u00e9liore l&rsquo;apparence des rides et du teint irr\u00e9gulier.<\/span><\/p>\n<\/li>\n<li class=\"\" data-start=\"530\" data-end=\"585\">\n<p class=\"\" data-start=\"532\" data-end=\"585\"><strong data-start=\"532\" data-end=\"543\">R\u00e9tinol<\/strong> : <span class=\"relative -mx-px my-[-0.2rem] rounded px-px py-[0.2rem] transition-colors duration-100 ease-in-out\">Favorise le renouvellement cellulaire et la production de collag\u00e8ne.<\/span><\/p>\n<\/li>\n<li class=\"\" data-start=\"586\" data-end=\"652\">\n<p class=\"\" data-start=\"588\" data-end=\"652\"><strong data-start=\"588\" data-end=\"610\">Acide hyaluronique<\/strong> : <span class=\"relative -mx-px my-[-0.2rem] rounded px-px py-[0.2rem] transition-colors duration-100 ease-in-out\">Hydrate la peau en profondeur.<\/span><\/p>\n<\/li>\n<li class=\"\" data-start=\"653\" data-end=\"720\">\n<p class=\"\" data-start=\"655\" data-end=\"720\"><strong data-start=\"655\" data-end=\"678\">Extrait d&rsquo;aloe vera<\/strong> : <span class=\"relative -mx-px my-[-0.2rem] rounded px-px py-[0.2rem] transition-colors duration-100 ease-in-out\">Apaise et hydrate la peau.<\/span><\/p>\n<\/li>\n<li class=\"\" data-start=\"721\" data-end=\"779\">\n<p class=\"\" data-start=\"723\" data-end=\"779\"><strong data-start=\"723\" data-end=\"737\">Miel royal<\/strong> : <span class=\"relative -mx-px my-[-0.2rem] rounded px-px py-[0.2rem] transition-colors duration-100 ease-in-out\">Nourrit et revitalise la peau.<\/span><\/p>\n<\/li>\n<li class=\"\" data-start=\"780\" data-end=\"881\">\n<p class=\"\" data-start=\"782\" data-end=\"881\"><strong data-start=\"782\" data-end=\"793\">Curcuma<\/strong> : <span class=\"relative -mx-px my-[-0.2rem] rounded px-px py-[0.2rem] transition-colors duration-100 ease-in-out\">Propri\u00e9t\u00e9s antioxydantes et anti-inflammatoires.<\/span><\/p>\n<\/li>\n<\/ul>\n<p class=\"\" data-start=\"883\" data-end=\"968\"><span class=\"relative -mx-px my-[-0.2rem] rounded px-px py-[0.2rem] transition-colors duration-100 ease-in-out\">Ce s\u00e9rum est exempt de parab\u00e8nes, de paraffine et de tests sur les animaux, ce qui le rend adapt\u00e9 aux peaux sensibles.<\/span>\u200b<\/p>\n<p class=\"\" data-start=\"970\" data-end=\"989\"><strong data-start=\"970\" data-end=\"989\">Mode d&#8217;emploi :<\/strong><\/p>\n<ul data-start=\"991\" data-end=\"1162\">\n<li class=\"\" data-start=\"991\" data-end=\"1032\">\n<p class=\"\" data-start=\"993\" data-end=\"1032\"><span class=\"relative -mx-px my-[-0.2rem] rounded px-px py-[0.2rem] transition-colors duration-100 ease-in-out\">Appliquer le soir, apr\u00e8s le nettoyage de la peau.<\/span><\/p>\n<\/li>\n<li class=\"\" data-start=\"1033\" data-end=\"1074\">\n<p class=\"\" data-start=\"1035\" data-end=\"1074\"><span class=\"relative -mx-px my-[-0.2rem] rounded px-px py-[0.2rem] transition-colors duration-100 ease-in-out\">Commencer par une application une fois par semaine, puis augmenter progressivement jusqu&rsquo;\u00e0 une utilisation quotidienne.<\/span><\/p>\n<\/li>\n<li class=\"\" data-start=\"1075\" data-end=\"1162\">\n<p class=\"\" data-start=\"1077\" data-end=\"1162\"><span class=\"relative -mx-px my-[-0.2rem] rounded px-px py-[0.2rem] transition-colors duration-100 ease-in-out\">Appliquer 2 \u00e0 3 gouttes sur le visage et le cou, en massant doucement jusqu&rsquo;\u00e0 absorption compl\u00e8te.<\/span>\u200b<\/p>\n<\/li>\n<\/ul>\n<p class=\"\" data-start=\"1164\" data-end=\"1249\"><span class=\"relative -mx-px my-[-0.2rem] rounded px-px py-[0.2rem] transition-colors duration-100 ease-in-out\">Des r\u00e9sultats visibles peuvent \u00eatre observ\u00e9s en deux semaines d&rsquo;utilisation r\u00e9guli\u00e8re.<\/span>\u200b<\/p>\n","protected":false},"excerpt":{"rendered":"<p><span class=\"relative -mx-px my-[-0.2rem] rounded px-px py-[0.2rem] transition-colors duration-100 ease-in-out\">S\u00e9rum anti-rides et \u00e9clat de Beesline, enrichi \u00e0 10% de niacinamide et 0,05% de r\u00e9tinol, pour une peau plus lisse, uniforme et radieuse.<\/span>\u200b<\/p>\n","protected":false},"featured_media":25598,"comment_status":"open","ping_status":"closed","template":"","meta":[],"product_cat":[213],"product_tag":[],"class_list":{"0":"post-20739","1":"product","2":"type-product","3":"status-publish","4":"has-post-thumbnail","6":"product_cat-visage","8":"first","9":"instock","10":"shipping-taxable","11":"purchasable","12":"product-type-simple"},"jetpack_sharing_enabled":true,"_links":{"self":[{"href":"https:\/\/para-pharmacity.tn\/index.php?rest_route=\/wp\/v2\/product\/20739","targetHints":{"allow":["GET"]}}],"collection":[{"href":"https:\/\/para-pharmacity.tn\/index.php?rest_route=\/wp\/v2\/product"}],"about":[{"href":"https:\/\/para-pharmacity.tn\/index.php?rest_route=\/wp\/v2\/types\/product"}],"replies":[{"embeddable":true,"href":"https:\/\/para-pharmacity.tn\/index.php?rest_route=%2Fwp%2Fv2%2Fcomments&post=20739"}],"version-history":[{"count":2,"href":"https:\/\/para-pharmacity.tn\/index.php?rest_route=\/wp\/v2\/product\/20739\/revisions"}],"predecessor-version":[{"id":25599,"href":"https:\/\/para-pharmacity.tn\/index.php?rest_route=\/wp\/v2\/product\/20739\/revisions\/25599"}],"wp:featuredmedia":[{"embeddable":true,"href":"https:\/\/para-pharmacity.tn\/index.php?rest_route=\/wp\/v2\/media\/25598"}],"wp:attachment":[{"href":"https:\/\/para-pharmacity.tn\/index.php?rest_route=%2Fwp%2Fv2%2Fmedia&parent=20739"}],"wp:term":[{"taxonomy":"product_cat","embeddable":true,"href":"https:\/\/para-pharmacity.tn\/index.php?rest_route=%2Fwp%2Fv2%2Fproduct_cat&post=20739"},{"taxonomy":"product_tag","embeddable":true,"href":"https:\/\/para-pharmacity.tn\/index.php?rest_route=%2Fwp%2Fv2%2Fproduct_tag&post=20739"}],"curies":[{"name":"wp","href":"https:\/\/api.w.org\/{rel}","templated":true}]}}