{"id":20735,"date":"2024-07-11T10:16:41","date_gmt":"2024-07-11T10:16:41","guid":{"rendered":"https:\/\/para-pharmacity.tn\/?product=bambini-bout-sein-double-avec-bt444"},"modified":"2025-04-21T14:25:30","modified_gmt":"2025-04-21T14:25:30","slug":"bambini-bout-sein-double-avec-bt444","status":"publish","type":"product","link":"https:\/\/para-pharmacity.tn\/?product=bambini-bout-sein-double-avec-bt444","title":{"rendered":"BAMBINI BOUT SEIN DOUBLE AVEC BT444"},"content":{"rendered":"<p>Les BAMBINI Bouts de Sein Double en Silicone avec Bo\u00eete (R\u00e9f. BT444) sont sp\u00e9cialement con\u00e7us pour les mamans rencontrant des difficult\u00e9s lors de l\u2019allaitement, telles que des mamelons crevass\u00e9s, hypersensibles ou ombiliqu\u00e9s. Fabriqu\u00e9s en silicone extra-fin et extra-souple, ils offrent une sensation naturelle et confortable pour la m\u00e8re et le b\u00e9b\u00e9. Leur forme anatomique et leurs petits picots stimulent la lactation tout en assurant un contact peau \u00e0 peau gr\u00e2ce \u00e0 des trous d\u2019a\u00e9ration doux pour la peau. Dot\u00e9s de trois trous, ils garantissent un d\u00e9bit similaire \u00e0 celui du sein maternel, facilitant ainsi la transition pour le nourrisson. Livr\u00e9s avec une bo\u00eete de rangement hygi\u00e9nique, ces bouts de sein sont faciles \u00e0 nettoyer : il suffit de les laver \u00e0 l\u2019eau chaude savonneuse, de les rincer abondamment et de les s\u00e9cher avec un tissu propre avant utilisation.\u200b<\/p>\n","protected":false},"excerpt":{"rendered":"<p>Les bouts de sein en silicone Bambini BT444 offrent une protection optimale des mamelons pendant l\u2019allaitement. Con\u00e7us pour soulager les douleurs li\u00e9es aux crevasses ou aux mamelons sensibles, ils permettent de continuer l\u2019allaitement en toute s\u00e9r\u00e9nit\u00e9.\u200b<\/p>\n","protected":false},"featured_media":25460,"comment_status":"open","ping_status":"closed","template":"","meta":[],"product_cat":[243],"product_tag":[],"class_list":{"0":"post-20735","1":"product","2":"type-product","3":"status-publish","4":"has-post-thumbnail","6":"product_cat-bebe-et-maman","8":"first","9":"instock","10":"shipping-taxable","11":"purchasable","12":"product-type-simple"},"jetpack_sharing_enabled":true,"_links":{"self":[{"href":"https:\/\/para-pharmacity.tn\/index.php?rest_route=\/wp\/v2\/product\/20735","targetHints":{"allow":["GET"]}}],"collection":[{"href":"https:\/\/para-pharmacity.tn\/index.php?rest_route=\/wp\/v2\/product"}],"about":[{"href":"https:\/\/para-pharmacity.tn\/index.php?rest_route=\/wp\/v2\/types\/product"}],"replies":[{"embeddable":true,"href":"https:\/\/para-pharmacity.tn\/index.php?rest_route=%2Fwp%2Fv2%2Fcomments&post=20735"}],"version-history":[{"count":2,"href":"https:\/\/para-pharmacity.tn\/index.php?rest_route=\/wp\/v2\/product\/20735\/revisions"}],"predecessor-version":[{"id":25462,"href":"https:\/\/para-pharmacity.tn\/index.php?rest_route=\/wp\/v2\/product\/20735\/revisions\/25462"}],"wp:featuredmedia":[{"embeddable":true,"href":"https:\/\/para-pharmacity.tn\/index.php?rest_route=\/wp\/v2\/media\/25460"}],"wp:attachment":[{"href":"https:\/\/para-pharmacity.tn\/index.php?rest_route=%2Fwp%2Fv2%2Fmedia&parent=20735"}],"wp:term":[{"taxonomy":"product_cat","embeddable":true,"href":"https:\/\/para-pharmacity.tn\/index.php?rest_route=%2Fwp%2Fv2%2Fproduct_cat&post=20735"},{"taxonomy":"product_tag","embeddable":true,"href":"https:\/\/para-pharmacity.tn\/index.php?rest_route=%2Fwp%2Fv2%2Fproduct_tag&post=20735"}],"curies":[{"name":"wp","href":"https:\/\/api.w.org\/{rel}","templated":true}]}}