{"id":20730,"date":"2024-07-11T10:16:37","date_gmt":"2024-07-11T10:16:37","guid":{"rendered":"https:\/\/para-pharmacity.tn\/?product=babirose-shamp-200ml"},"modified":"2025-04-21T09:59:16","modified_gmt":"2025-04-21T09:59:16","slug":"babirose-shamp-200ml","status":"publish","type":"product","link":"https:\/\/para-pharmacity.tn\/?product=babirose-shamp-200ml","title":{"rendered":"BABIROSE SHAMP 200ML"},"content":{"rendered":"<p class=\"\" data-start=\"314\" data-end=\"471\"><span class=\"relative -mx-px my-[-0.2rem] rounded px-px py-[0.2rem] transition-colors duration-100 ease-in-out\">Le <strong data-start=\"3\" data-end=\"38\">Babirose Shampooing B\u00e9b\u00e9 200 ml<\/strong> est con\u00e7u pour laver en douceur les cheveux d\u00e9licats des nourrissons et des enfants.<\/span> <span class=\"relative -mx-px my-[-0.2rem] rounded px-px py-[0.2rem] transition-colors duration-100 ease-in-out\">Sa formule contient de l&rsquo;huile essentielle d&rsquo;orange douce, reconnue pour ses propri\u00e9t\u00e9s nourrissantes, et de l&rsquo;argile 100% naturelle qui aide \u00e0 purifier le cuir chevelu.<\/span> <span class=\"relative -mx-px my-[-0.2rem] rounded px-px py-[0.2rem] transition-colors duration-100 ease-in-out\">Sans paraben, silicone ni colorant, ce shampooing respecte l&rsquo;\u00e9quilibre naturel du cuir chevelu et convient parfaitement aux cheveux secs.<\/span>\u200b<\/p>\n<p class=\"\" data-start=\"473\" data-end=\"501\"><strong data-start=\"473\" data-end=\"499\">Conseils d&rsquo;utilisation<\/strong> :<\/p>\n<ul data-start=\"502\" data-end=\"673\">\n<li class=\"\" data-start=\"502\" data-end=\"543\">\n<p class=\"\" data-start=\"504\" data-end=\"543\"><span class=\"relative -mx-px my-[-0.2rem] rounded px-px py-[0.2rem] transition-colors duration-100 ease-in-out\">Appliquer sur cheveux mouill\u00e9s.<\/span><\/p>\n<\/li>\n<li class=\"\" data-start=\"544\" data-end=\"585\">\n<p class=\"\" data-start=\"546\" data-end=\"585\"><span class=\"relative -mx-px my-[-0.2rem] rounded px-px py-[0.2rem] transition-colors duration-100 ease-in-out\">Masser d\u00e9licatement jusqu&rsquo;\u00e0 obtention d&rsquo;une mousse l\u00e9g\u00e8re.<\/span><\/p>\n<\/li>\n<li class=\"\" data-start=\"586\" data-end=\"673\">\n<p class=\"\" data-start=\"588\" data-end=\"673\"><span class=\"relative -mx-px my-[-0.2rem] rounded px-px py-[0.2rem] transition-colors duration-100 ease-in-out\">Rincer abondamment \u00e0 l&rsquo;eau claire.<\/span><\/p>\n<\/li>\n<\/ul>\n","protected":false},"excerpt":{"rendered":"<p>Shampooing doux enrichi en huile essentielle d\u2019orange douce et argile naturelle, con\u00e7u pour nettoyer d\u00e9licatement les cheveux secs des b\u00e9b\u00e9s<\/p>\n","protected":false},"featured_media":25371,"comment_status":"open","ping_status":"closed","template":"","meta":[],"product_cat":[243],"product_tag":[],"class_list":{"0":"post-20730","1":"product","2":"type-product","3":"status-publish","4":"has-post-thumbnail","6":"product_cat-bebe-et-maman","8":"first","9":"instock","10":"shipping-taxable","11":"purchasable","12":"product-type-simple"},"jetpack_sharing_enabled":true,"_links":{"self":[{"href":"https:\/\/para-pharmacity.tn\/index.php?rest_route=\/wp\/v2\/product\/20730","targetHints":{"allow":["GET"]}}],"collection":[{"href":"https:\/\/para-pharmacity.tn\/index.php?rest_route=\/wp\/v2\/product"}],"about":[{"href":"https:\/\/para-pharmacity.tn\/index.php?rest_route=\/wp\/v2\/types\/product"}],"replies":[{"embeddable":true,"href":"https:\/\/para-pharmacity.tn\/index.php?rest_route=%2Fwp%2Fv2%2Fcomments&post=20730"}],"version-history":[{"count":2,"href":"https:\/\/para-pharmacity.tn\/index.php?rest_route=\/wp\/v2\/product\/20730\/revisions"}],"predecessor-version":[{"id":25370,"href":"https:\/\/para-pharmacity.tn\/index.php?rest_route=\/wp\/v2\/product\/20730\/revisions\/25370"}],"wp:featuredmedia":[{"embeddable":true,"href":"https:\/\/para-pharmacity.tn\/index.php?rest_route=\/wp\/v2\/media\/25371"}],"wp:attachment":[{"href":"https:\/\/para-pharmacity.tn\/index.php?rest_route=%2Fwp%2Fv2%2Fmedia&parent=20730"}],"wp:term":[{"taxonomy":"product_cat","embeddable":true,"href":"https:\/\/para-pharmacity.tn\/index.php?rest_route=%2Fwp%2Fv2%2Fproduct_cat&post=20730"},{"taxonomy":"product_tag","embeddable":true,"href":"https:\/\/para-pharmacity.tn\/index.php?rest_route=%2Fwp%2Fv2%2Fproduct_tag&post=20730"}],"curies":[{"name":"wp","href":"https:\/\/api.w.org\/{rel}","templated":true}]}}