{"id":20729,"date":"2024-07-11T10:16:36","date_gmt":"2024-07-11T10:16:36","guid":{"rendered":"https:\/\/para-pharmacity.tn\/?product=avent-sterilisateur-vap-a-6-bib-291-00"},"modified":"2025-04-18T14:35:53","modified_gmt":"2025-04-18T14:35:53","slug":"avent-sterilisateur-vap-a-6-bib-291-00","status":"publish","type":"product","link":"https:\/\/para-pharmacity.tn\/?product=avent-sterilisateur-vap-a-6-bib-291-00","title":{"rendered":"AVENT STERILISATEUR VAP A 6 BIB 291\/00"},"content":{"rendered":"<p class=\"\" data-start=\"354\" data-end=\"473\"><span class=\"relative -mx-px my-[-0.2rem] rounded px-px py-[0.2rem] transition-colors duration-100 ease-in-out\">Le <strong data-start=\"3\" data-end=\"53\">st\u00e9rilisateur \u00e0 vapeur Philips Avent SCF291\/00<\/strong> est con\u00e7u pour offrir une st\u00e9rilisation rapide, efficace et sans produits chimiques des accessoires de b\u00e9b\u00e9.<\/span> <span class=\"relative -mx-px my-[-0.2rem] rounded px-px py-[0.2rem] transition-colors duration-100 ease-in-out\">En utilisant de la vapeur pure, il \u00e9limine jusqu&rsquo;\u00e0 99,9\u202f% des germes et bact\u00e9ries en seulement 10 minutes.<\/span>\u200b<\/p>\n<p class=\"\" data-start=\"354\" data-end=\"473\"><strong data-start=\"475\" data-end=\"509\">Caract\u00e9ristiques principales :<\/strong><\/p>\n<ul data-start=\"511\" data-end=\"1590\">\n<li class=\"\" data-start=\"511\" data-end=\"613\">\n<p class=\"\" data-start=\"513\" data-end=\"613\"><strong data-start=\"513\" data-end=\"525\">Capacit\u00e9<\/strong> : <span class=\"relative -mx-px my-[-0.2rem] rounded px-px py-[0.2rem] transition-colors duration-100 ease-in-out\">peut contenir jusqu&rsquo;\u00e0 6 biberons Philips Avent ou d&rsquo;autres accessoires essentiels tels que sucettes et tire-lait manuels.<\/span>\u200b<\/p>\n<\/li>\n<li class=\"\" data-start=\"615\" data-end=\"729\">\n<p class=\"\" data-start=\"617\" data-end=\"729\"><strong data-start=\"617\" data-end=\"641\">St\u00e9rilisation rapide<\/strong> : <span class=\"relative -mx-px my-[-0.2rem] rounded px-px py-[0.2rem] transition-colors duration-100 ease-in-out\">cycle de st\u00e9rilisation de 10 minutes avec arr\u00eat automatique<\/span><\/p>\n<\/li>\n<li class=\"\" data-start=\"731\" data-end=\"847\">\n<p class=\"\" data-start=\"733\" data-end=\"847\"><strong data-start=\"733\" data-end=\"759\">Conservation prolong\u00e9e<\/strong> : <span class=\"relative -mx-px my-[-0.2rem] rounded px-px py-[0.2rem] transition-colors duration-100 ease-in-out\">le contenu reste st\u00e9rilis\u00e9 pendant 24 heures si le couvercle est maintenu ferm\u00e9.<\/span>\u200b<\/p>\n<\/li>\n<li class=\"\" data-start=\"849\" data-end=\"959\">\n<p class=\"\" data-start=\"851\" data-end=\"959\"><strong data-start=\"851\" data-end=\"871\">Entretien facile<\/strong> : <span class=\"relative -mx-px my-[-0.2rem] rounded px-px py-[0.2rem] transition-colors duration-100 ease-in-out\">design compact et \u00e9gouttoir int\u00e9gr\u00e9 pour un nettoyage simplifi\u00e9.<\/span>\u200b<\/p>\n<\/li>\n<li class=\"\" data-start=\"849\" data-end=\"959\">\n<p class=\"\" data-start=\"851\" data-end=\"959\"><strong data-start=\"963\" data-end=\"977\">Dimensions<\/strong> : <span class=\"relative -mx-px my-[-0.2rem] rounded px-px py-[0.2rem] transition-colors duration-100 ease-in-out\">304 x 183 x 359 mm.<\/span>\u200b<\/p>\n<\/li>\n<li class=\"\" data-start=\"1067\" data-end=\"1166\">\n<p class=\"\" data-start=\"1069\" data-end=\"1166\"><strong data-start=\"1069\" data-end=\"1078\">Poids<\/strong> : <span class=\"relative -mx-px my-[-0.2rem] rounded px-px py-[0.2rem] transition-colors duration-100 ease-in-out\">1,78 kg.<\/span>\u200b<\/p>\n<\/li>\n<li class=\"\" data-start=\"1067\" data-end=\"1166\">\n<p class=\"\" data-start=\"1069\" data-end=\"1166\"><strong data-start=\"1170\" data-end=\"1186\">Consommation<\/strong> : <span class=\"relative -mx-px my-[-0.2rem] rounded px-px py-[0.2rem] transition-colors duration-100 ease-in-out\">650 W.<\/span>\u200b<\/p>\n<\/li>\n<li class=\"\" data-start=\"1168\" data-end=\"1274\">\n<p class=\"\" data-start=\"1170\" data-end=\"1274\"><strong data-start=\"1278\" data-end=\"1290\">Mat\u00e9riau<\/strong> : <span class=\"relative -mx-px my-[-0.2rem] rounded px-px py-[0.2rem] transition-colors duration-100 ease-in-out\">plastique (PP).<\/span>\u200b<\/p>\n<\/li>\n<li class=\"\" data-start=\"1380\" data-end=\"1481\">\n<p class=\"\" data-start=\"1382\" data-end=\"1481\"><strong data-start=\"1382\" data-end=\"1393\">Couleur<\/strong> : <span class=\"relative -mx-px my-[-0.2rem] rounded px-px py-[0.2rem] transition-colors duration-100 ease-in-out\">blanc.<\/span>\u200b<\/p>\n<\/li>\n<li class=\"\" data-start=\"1483\" data-end=\"1590\">\n<p class=\"\" data-start=\"1485\" data-end=\"1590\"><strong data-start=\"1485\" data-end=\"1502\">Compatibilit\u00e9<\/strong> : <span class=\"relative -mx-px my-[-0.2rem] rounded px-px py-[0.2rem] transition-colors duration-100 ease-in-out\">compatible avec la gamme Philips Avent.<\/span><\/p>\n<\/li>\n<\/ul>\n<p class=\"\" data-start=\"1592\" data-end=\"1677\"><span class=\"relative -mx-px my-[-0.2rem] rounded px-px py-[0.2rem] transition-colors duration-100 ease-in-out\">Ce st\u00e9rilisateur est id\u00e9al pour les parents soucieux de maintenir une hygi\u00e8ne irr\u00e9prochable des accessoires de b\u00e9b\u00e9, tout en b\u00e9n\u00e9ficiant d&rsquo;un appareil facile \u00e0 utiliser et \u00e0 entretenir.<\/span>\u200b<\/p>\n","protected":false},"excerpt":{"rendered":"<p><span class=\"relative -mx-px my-[-0.2rem] rounded px-px py-[0.2rem] bg-[#FCECC1] dark:bg-[#64572A] transition-colors duration-100 ease-in-out\">Le st\u00e9rilisateur \u00e0 vapeur Philips Avent SCF291\/00 \u00e9limine 99,9\u202f% des germes en seulement 10 minutes, sans produits chimiques.<\/span> <span class=\"relative -mx-px my-[-0.2rem] rounded px-px py-[0.2rem] transition-colors duration-100 ease-in-out\">Il peut contenir jusqu&rsquo;\u00e0 6 biberons Philips Avent ou des accessoires tels que sucettes et tire-lait.<\/span> <span class=\"relative -mx-px my-[-0.2rem] rounded px-px py-[0.2rem] bg-[#FCECC1] dark:bg-[#64572A] transition-colors duration-100 ease-in-out\">Gr\u00e2ce \u00e0 son design compact et son \u00e9gouttoir int\u00e9gr\u00e9, il est facile \u00e0 nettoyer et \u00e0 entretenir.<\/span>\u200b<\/p>\n","protected":false},"featured_media":25331,"comment_status":"open","ping_status":"closed","template":"","meta":[],"product_cat":[243],"product_tag":[],"class_list":{"0":"post-20729","1":"product","2":"type-product","3":"status-publish","4":"has-post-thumbnail","6":"product_cat-bebe-et-maman","8":"first","9":"instock","10":"shipping-taxable","11":"purchasable","12":"product-type-simple"},"jetpack_sharing_enabled":true,"_links":{"self":[{"href":"https:\/\/para-pharmacity.tn\/index.php?rest_route=\/wp\/v2\/product\/20729","targetHints":{"allow":["GET"]}}],"collection":[{"href":"https:\/\/para-pharmacity.tn\/index.php?rest_route=\/wp\/v2\/product"}],"about":[{"href":"https:\/\/para-pharmacity.tn\/index.php?rest_route=\/wp\/v2\/types\/product"}],"replies":[{"embeddable":true,"href":"https:\/\/para-pharmacity.tn\/index.php?rest_route=%2Fwp%2Fv2%2Fcomments&post=20729"}],"version-history":[{"count":2,"href":"https:\/\/para-pharmacity.tn\/index.php?rest_route=\/wp\/v2\/product\/20729\/revisions"}],"predecessor-version":[{"id":25332,"href":"https:\/\/para-pharmacity.tn\/index.php?rest_route=\/wp\/v2\/product\/20729\/revisions\/25332"}],"wp:featuredmedia":[{"embeddable":true,"href":"https:\/\/para-pharmacity.tn\/index.php?rest_route=\/wp\/v2\/media\/25331"}],"wp:attachment":[{"href":"https:\/\/para-pharmacity.tn\/index.php?rest_route=%2Fwp%2Fv2%2Fmedia&parent=20729"}],"wp:term":[{"taxonomy":"product_cat","embeddable":true,"href":"https:\/\/para-pharmacity.tn\/index.php?rest_route=%2Fwp%2Fv2%2Fproduct_cat&post=20729"},{"taxonomy":"product_tag","embeddable":true,"href":"https:\/\/para-pharmacity.tn\/index.php?rest_route=%2Fwp%2Fv2%2Fproduct_tag&post=20729"}],"curies":[{"name":"wp","href":"https:\/\/api.w.org\/{rel}","templated":true}]}}