{"id":20728,"date":"2024-07-11T10:16:36","date_gmt":"2024-07-11T10:16:36","guid":{"rendered":"https:\/\/para-pharmacity.tn\/?product=avent-2-tetines-classic-6m-634-27"},"modified":"2025-04-16T12:18:05","modified_gmt":"2025-04-16T12:18:05","slug":"avent-2-tetines-classic-6m-634-27","status":"publish","type":"product","link":"https:\/\/para-pharmacity.tn\/?product=avent-2-tetines-classic-6m-634-27","title":{"rendered":"AVENT 2 TETINES CLASSIC 6M+ 634\/27"},"content":{"rendered":"<p class=\"\" data-start=\"383\" data-end=\"618\"><span class=\"relative -mx-px my-[-0.2rem] rounded px-px py-[0.2rem] transition-colors duration-100 ease-in-out\">Les t\u00e9tines Philips Avent Classic+ SCF634\/27 sont con\u00e7ues pour les b\u00e9b\u00e9s d\u00e8s 6 mois.<\/span> <span class=\"relative -mx-px my-[-0.2rem] rounded px-px py-[0.2rem] transition-colors duration-100 ease-in-out\">Elles offrent un d\u00e9bit rapide gr\u00e2ce \u00e0 leurs 4 trous, permettant une t\u00e9t\u00e9e ma\u00eetris\u00e9e et naturelle.<\/span> <span class=\"relative -mx-px my-[-0.2rem] rounded px-px py-[0.2rem] transition-colors duration-100 ease-in-out\">La valve anti-coliques Airflex int\u00e9gr\u00e9e r\u00e9duit l&rsquo;ingestion d&rsquo;air, diminuant ainsi les risques de coliques et d&rsquo;inconfort.<\/span> <span class=\"relative -mx-px my-[-0.2rem] rounded px-px py-[0.2rem] transition-colors duration-100 ease-in-out\">La texture rainur\u00e9e emp\u00eache l&rsquo;\u00e9crasement de la t\u00e9tine, assurant une t\u00e9t\u00e9e ininterrompue.<\/span> <span class=\"relative -mx-px my-[-0.2rem] rounded px-px py-[0.2rem] transition-colors duration-100 ease-in-out\">Fabriqu\u00e9es en silicone souple et sans BPA, ces t\u00e9tines sont compatibles avec les biberons Philips Avent Classic et Classic+, ainsi qu&rsquo;avec la valve AirFree.<\/span>\u200b<\/p>\n","protected":false},"excerpt":{"rendered":"<p class=\"\" data-start=\"191\" data-end=\"348\"><span class=\"relative -mx-px my-[-0.2rem] rounded px-px py-[0.2rem] transition-colors duration-100 ease-in-out\">Lot de 2 t\u00e9tines Philips Avent Classic+ pour b\u00e9b\u00e9s de 6 mois et plus, avec d\u00e9bit rapide (4 trous).<\/span> <span class=\"relative -mx-px my-[-0.2rem] rounded px-px py-[0.2rem] transition-colors duration-100 ease-in-out\">Dot\u00e9es d&rsquo;une valve anti-coliques Airflex, elles assurent une t\u00e9t\u00e9e confortable et ma\u00eetris\u00e9e.<\/span> <span class=\"relative -mx-px my-[-0.2rem] rounded px-px py-[0.2rem] transition-colors duration-100 ease-in-out\">Fabriqu\u00e9es en silicone souple, sans BPA, elles sont compatibles avec les biberons Avent Classic et Classic+.<\/span>\u200b<\/p>\n","protected":false},"featured_media":25287,"comment_status":"open","ping_status":"closed","template":"","meta":[],"product_cat":[243],"product_tag":[],"class_list":{"0":"post-20728","1":"product","2":"type-product","3":"status-publish","4":"has-post-thumbnail","6":"product_cat-bebe-et-maman","8":"first","9":"instock","10":"shipping-taxable","11":"purchasable","12":"product-type-simple"},"jetpack_sharing_enabled":true,"_links":{"self":[{"href":"https:\/\/para-pharmacity.tn\/index.php?rest_route=\/wp\/v2\/product\/20728","targetHints":{"allow":["GET"]}}],"collection":[{"href":"https:\/\/para-pharmacity.tn\/index.php?rest_route=\/wp\/v2\/product"}],"about":[{"href":"https:\/\/para-pharmacity.tn\/index.php?rest_route=\/wp\/v2\/types\/product"}],"replies":[{"embeddable":true,"href":"https:\/\/para-pharmacity.tn\/index.php?rest_route=%2Fwp%2Fv2%2Fcomments&post=20728"}],"version-history":[{"count":2,"href":"https:\/\/para-pharmacity.tn\/index.php?rest_route=\/wp\/v2\/product\/20728\/revisions"}],"predecessor-version":[{"id":25288,"href":"https:\/\/para-pharmacity.tn\/index.php?rest_route=\/wp\/v2\/product\/20728\/revisions\/25288"}],"wp:featuredmedia":[{"embeddable":true,"href":"https:\/\/para-pharmacity.tn\/index.php?rest_route=\/wp\/v2\/media\/25287"}],"wp:attachment":[{"href":"https:\/\/para-pharmacity.tn\/index.php?rest_route=%2Fwp%2Fv2%2Fmedia&parent=20728"}],"wp:term":[{"taxonomy":"product_cat","embeddable":true,"href":"https:\/\/para-pharmacity.tn\/index.php?rest_route=%2Fwp%2Fv2%2Fproduct_cat&post=20728"},{"taxonomy":"product_tag","embeddable":true,"href":"https:\/\/para-pharmacity.tn\/index.php?rest_route=%2Fwp%2Fv2%2Fproduct_tag&post=20728"}],"curies":[{"name":"wp","href":"https:\/\/api.w.org\/{rel}","templated":true}]}}