{"id":20726,"date":"2024-07-11T10:16:35","date_gmt":"2024-07-11T10:16:35","guid":{"rendered":"https:\/\/para-pharmacity.tn\/?product=avent-2-tetine-classic-1m-632-27"},"modified":"2025-04-16T11:44:49","modified_gmt":"2025-04-16T11:44:49","slug":"avent-2-tetine-classic-1m-632-27","status":"publish","type":"product","link":"https:\/\/para-pharmacity.tn\/?product=avent-2-tetine-classic-1m-632-27","title":{"rendered":"AVENT 2 TETINE CLASSIC 1M+ 632\/27"},"content":{"rendered":"<p><span class=\"relative -mx-px my-[-0.2rem] rounded px-px py-[0.2rem] transition-colors duration-100 ease-in-out\">Les t\u00e9tines Philips Avent Classic+ SCF632\/27 sont con\u00e7ues pour les b\u00e9b\u00e9s d\u00e8s 1 mois.<\/span> <span class=\"relative -mx-px my-[-0.2rem] rounded px-px py-[0.2rem] transition-colors duration-100 ease-in-out\">Elles offrent un d\u00e9bit lent gr\u00e2ce \u00e0 leurs 2 trous, permettant une t\u00e9t\u00e9e ma\u00eetris\u00e9e.<\/span> <span class=\"relative -mx-px my-[-0.2rem] rounded px-px py-[0.2rem] bg-[#FCECC1] dark:bg-[#64572A] transition-colors duration-100 ease-in-out\">La valve anti-coliques int\u00e9gr\u00e9e r\u00e9duit l&rsquo;ingestion d&rsquo;air, diminuant ainsi les risques de coliques, de gaz et d&rsquo;irritabilit\u00e9.<\/span> <span class=\"relative -mx-px my-[-0.2rem] rounded px-px py-[0.2rem] transition-colors duration-100 ease-in-out\">La texture rainur\u00e9e emp\u00eache l&rsquo;\u00e9crasement de la t\u00e9tine, assurant une t\u00e9t\u00e9e ininterrompue.<\/span> <span class=\"relative -mx-px my-[-0.2rem] rounded px-px py-[0.2rem] transition-colors duration-100 ease-in-out\">Fabriqu\u00e9es en silicone souple et sans BPA, ces t\u00e9tines sont compatibles avec les biberons Philips Avent Classic et Classic+.<\/span>\u200b<\/p>\n","protected":false},"excerpt":{"rendered":"<p class=\"\" data-start=\"123\" data-end=\"280\"><span class=\"relative -mx-px my-[-0.2rem] rounded px-px py-[0.2rem] transition-colors duration-100 ease-in-out\">Lot de 2 t\u00e9tines Philips Avent Classic+ pour b\u00e9b\u00e9s de 1 mois et plus.<\/span> <span class=\"relative -mx-px my-[-0.2rem] rounded px-px py-[0.2rem] transition-colors duration-100 ease-in-out\">Dot\u00e9es de 2 trous pour un d\u00e9bit lent et d&rsquo;une valve anti-coliques int\u00e9gr\u00e9e, elles assurent une t\u00e9t\u00e9e confortable et naturelle.<\/span> <span class=\"relative -mx-px my-[-0.2rem] rounded px-px py-[0.2rem] transition-colors duration-100 ease-in-out\">Fabriqu\u00e9es en silicone souple, sans BPA, elles sont compatibles avec les biberons Avent Classic et Classic+.<\/span>\u200b<\/p>\n","protected":false},"featured_media":25272,"comment_status":"open","ping_status":"closed","template":"","meta":[],"product_cat":[243],"product_tag":[],"class_list":{"0":"post-20726","1":"product","2":"type-product","3":"status-publish","4":"has-post-thumbnail","6":"product_cat-bebe-et-maman","8":"first","9":"instock","10":"shipping-taxable","11":"purchasable","12":"product-type-simple"},"jetpack_sharing_enabled":true,"_links":{"self":[{"href":"https:\/\/para-pharmacity.tn\/index.php?rest_route=\/wp\/v2\/product\/20726","targetHints":{"allow":["GET"]}}],"collection":[{"href":"https:\/\/para-pharmacity.tn\/index.php?rest_route=\/wp\/v2\/product"}],"about":[{"href":"https:\/\/para-pharmacity.tn\/index.php?rest_route=\/wp\/v2\/types\/product"}],"replies":[{"embeddable":true,"href":"https:\/\/para-pharmacity.tn\/index.php?rest_route=%2Fwp%2Fv2%2Fcomments&post=20726"}],"version-history":[{"count":2,"href":"https:\/\/para-pharmacity.tn\/index.php?rest_route=\/wp\/v2\/product\/20726\/revisions"}],"predecessor-version":[{"id":25273,"href":"https:\/\/para-pharmacity.tn\/index.php?rest_route=\/wp\/v2\/product\/20726\/revisions\/25273"}],"wp:featuredmedia":[{"embeddable":true,"href":"https:\/\/para-pharmacity.tn\/index.php?rest_route=\/wp\/v2\/media\/25272"}],"wp:attachment":[{"href":"https:\/\/para-pharmacity.tn\/index.php?rest_route=%2Fwp%2Fv2%2Fmedia&parent=20726"}],"wp:term":[{"taxonomy":"product_cat","embeddable":true,"href":"https:\/\/para-pharmacity.tn\/index.php?rest_route=%2Fwp%2Fv2%2Fproduct_cat&post=20726"},{"taxonomy":"product_tag","embeddable":true,"href":"https:\/\/para-pharmacity.tn\/index.php?rest_route=%2Fwp%2Fv2%2Fproduct_tag&post=20726"}],"curies":[{"name":"wp","href":"https:\/\/api.w.org\/{rel}","templated":true}]}}