{"id":20725,"date":"2024-07-11T10:16:35","date_gmt":"2024-07-11T10:16:35","guid":{"rendered":"https:\/\/para-pharmacity.tn\/?product=avent-2-tetine-0m-631-27"},"modified":"2025-04-16T11:28:43","modified_gmt":"2025-04-16T11:28:43","slug":"avent-2-tetine-0m-631-27","status":"publish","type":"product","link":"https:\/\/para-pharmacity.tn\/?product=avent-2-tetine-0m-631-27","title":{"rendered":"AVENT 2 TETINE 0M+ 631\/27"},"content":{"rendered":"<p><span class=\"relative -mx-px my-[-0.2rem] rounded px-px py-[0.2rem] transition-colors duration-100 ease-in-out\">Les t\u00e9tines Philips Avent Classic+ SCF631\/27 sont sp\u00e9cialement con\u00e7ues pour les nourrissons d\u00e8s la naissance.<\/span> <span class=\"relative -mx-px my-[-0.2rem] rounded px-px py-[0.2rem] transition-colors duration-100 ease-in-out\">Elles disposent d&rsquo;un d\u00e9bit lent (1 trou) adapt\u00e9 aux nouveau-n\u00e9s, permettant une t\u00e9t\u00e9e ma\u00eetris\u00e9e et naturelle.<\/span> <span class=\"relative -mx-px my-[-0.2rem] rounded px-px py-[0.2rem] transition-colors duration-100 ease-in-out\">La valve anti-coliques int\u00e9gr\u00e9e dirige l&rsquo;air vers le biberon plut\u00f4t que dans l&rsquo;estomac de b\u00e9b\u00e9, r\u00e9duisant ainsi les risques de coliques et d&rsquo;inconfort.<\/span> <span class=\"relative -mx-px my-[-0.2rem] rounded px-px py-[0.2rem] transition-colors duration-100 ease-in-out\">La texture rainur\u00e9e de la t\u00e9tine emp\u00eache son \u00e9crasement, assurant une t\u00e9t\u00e9e ininterrompue.<\/span> <span class=\"relative -mx-px my-[-0.2rem] rounded px-px py-[0.2rem] transition-colors duration-100 ease-in-out\">Fabriqu\u00e9es en silicone souple et sans BPA, ces t\u00e9tines sont compatibles avec les biberons Philips Avent Classic et Classic+, ainsi qu&rsquo;avec la valve AirFree.<\/span><\/p>\n","protected":false},"excerpt":{"rendered":"<p><span class=\"relative -mx-px my-[-0.2rem] rounded px-px py-[0.2rem] transition-colors duration-100 ease-in-out\">Lot de 2 t\u00e9tines Philips Avent Classic+ pour nouveau-n\u00e9s (0 mois et plus).<\/span> <span class=\"relative -mx-px my-[-0.2rem] rounded px-px py-[0.2rem] transition-colors duration-100 ease-in-out\">Dot\u00e9es d&rsquo;un d\u00e9bit lent (1 trou) et d&rsquo;une valve anti-coliques int\u00e9gr\u00e9e, elles offrent une t\u00e9t\u00e9e naturelle et confortable.<\/span> <span class=\"relative -mx-px my-[-0.2rem] rounded px-px py-[0.2rem] transition-colors duration-100 ease-in-out\">Fabriqu\u00e9es en silicone souple, sans BPA, elles sont compatibles avec les biberons Avent Classic et Classic+.<\/span>\u200b<\/p>\n","protected":false},"featured_media":25270,"comment_status":"open","ping_status":"closed","template":"","meta":[],"product_cat":[243],"product_tag":[],"class_list":{"0":"post-20725","1":"product","2":"type-product","3":"status-publish","4":"has-post-thumbnail","6":"product_cat-bebe-et-maman","8":"first","9":"instock","10":"shipping-taxable","11":"purchasable","12":"product-type-simple"},"jetpack_sharing_enabled":true,"_links":{"self":[{"href":"https:\/\/para-pharmacity.tn\/index.php?rest_route=\/wp\/v2\/product\/20725","targetHints":{"allow":["GET"]}}],"collection":[{"href":"https:\/\/para-pharmacity.tn\/index.php?rest_route=\/wp\/v2\/product"}],"about":[{"href":"https:\/\/para-pharmacity.tn\/index.php?rest_route=\/wp\/v2\/types\/product"}],"replies":[{"embeddable":true,"href":"https:\/\/para-pharmacity.tn\/index.php?rest_route=%2Fwp%2Fv2%2Fcomments&post=20725"}],"version-history":[{"count":2,"href":"https:\/\/para-pharmacity.tn\/index.php?rest_route=\/wp\/v2\/product\/20725\/revisions"}],"predecessor-version":[{"id":25269,"href":"https:\/\/para-pharmacity.tn\/index.php?rest_route=\/wp\/v2\/product\/20725\/revisions\/25269"}],"wp:featuredmedia":[{"embeddable":true,"href":"https:\/\/para-pharmacity.tn\/index.php?rest_route=\/wp\/v2\/media\/25270"}],"wp:attachment":[{"href":"https:\/\/para-pharmacity.tn\/index.php?rest_route=%2Fwp%2Fv2%2Fmedia&parent=20725"}],"wp:term":[{"taxonomy":"product_cat","embeddable":true,"href":"https:\/\/para-pharmacity.tn\/index.php?rest_route=%2Fwp%2Fv2%2Fproduct_cat&post=20725"},{"taxonomy":"product_tag","embeddable":true,"href":"https:\/\/para-pharmacity.tn\/index.php?rest_route=%2Fwp%2Fv2%2Fproduct_tag&post=20725"}],"curies":[{"name":"wp","href":"https:\/\/api.w.org\/{rel}","templated":true}]}}