{"id":20723,"date":"2024-07-11T10:16:34","date_gmt":"2024-07-11T10:16:34","guid":{"rendered":"https:\/\/para-pharmacity.tn\/?product=artidol-b30"},"modified":"2025-04-16T09:42:59","modified_gmt":"2025-04-16T09:42:59","slug":"artidol-b30","status":"publish","type":"product","link":"https:\/\/para-pharmacity.tn\/?product=artidol-b30","title":{"rendered":"ARTIDOL B30"},"content":{"rendered":"<p class=\"\" data-start=\"311\" data-end=\"660\"><strong data-start=\"311\" data-end=\"326\">ARTIDOL B30<\/strong> est un compl\u00e9ment hom\u00e9opathique sp\u00e9cialement formul\u00e9 pour soutenir la sant\u00e9 articulaire et r\u00e9duire les douleurs associ\u00e9es aux affections articulaires. Gr\u00e2ce \u00e0 sa composition \u00e0 base de principes actifs hom\u00e9opathiques, il aide \u00e0 apaiser les inflammations et \u00e0 am\u00e9liorer la mobilit\u00e9 des articulations, tout en favorisant leur souplesse.<\/p>\n<p class=\"\" data-start=\"662\" data-end=\"929\">Ce produit est particuli\u00e8rement recommand\u00e9 pour les personnes souffrant de douleurs articulaires chroniques ou aig\u00fces, telles que les rhumatismes ou l&rsquo;arthrose. Il agit en profondeur, pour un soulagement durable et une am\u00e9lioration progressive du confort articulaire.<\/p>\n<p class=\"\" data-start=\"931\" data-end=\"959\"><strong data-start=\"931\" data-end=\"957\">Bienfaits principaux :<\/strong><\/p>\n<ul data-start=\"960\" data-end=\"1171\">\n<li class=\"\" data-start=\"960\" data-end=\"1001\">\n<p class=\"\" data-start=\"962\" data-end=\"1001\">Soulagement des douleurs articulaires<\/p>\n<\/li>\n<li class=\"\" data-start=\"1002\" data-end=\"1033\">\n<p class=\"\" data-start=\"1004\" data-end=\"1033\">R\u00e9duction de l&rsquo;inflammation<\/p>\n<\/li>\n<li class=\"\" data-start=\"1034\" data-end=\"1102\">\n<p class=\"\" data-start=\"1036\" data-end=\"1102\">Am\u00e9lioration de la souplesse et de la mobilit\u00e9 des articulations<\/p>\n<\/li>\n<li class=\"\" data-start=\"1103\" data-end=\"1171\">\n<p class=\"\" data-start=\"1105\" data-end=\"1171\">Produit hom\u00e9opathique, respectueux de l&rsquo;\u00e9quilibre naturel du corps<\/p>\n<\/li>\n<\/ul>\n<p class=\"\" data-start=\"1173\" data-end=\"1350\"><strong data-start=\"1173\" data-end=\"1201\">Conseils d&rsquo;utilisation :<\/strong><br data-start=\"1201\" data-end=\"1204\" \/>Prendre 1 \u00e0 2 comprim\u00e9s par jour ou selon la prescription d&rsquo;un professionnel de sant\u00e9. \u00c0 utiliser de mani\u00e8re continue pour des r\u00e9sultats optimaux.<\/p>\n","protected":false},"excerpt":{"rendered":"<p class=\"\" data-start=\"308\" data-end=\"427\">Compl\u00e9ment hom\u00e9opathique <strong data-start=\"110\" data-end=\"125\">ARTIDOL B30<\/strong> con\u00e7u pour apaiser les douleurs articulaires et am\u00e9liorer la mobilit\u00e9. Il aide \u00e0 r\u00e9duire l&rsquo;inflammation et \u00e0 soutenir la sant\u00e9 des articulations.<\/p>\n","protected":false},"featured_media":25235,"comment_status":"open","ping_status":"closed","template":"","meta":[],"product_cat":[204],"product_tag":[],"class_list":{"0":"post-20723","1":"product","2":"type-product","3":"status-publish","4":"has-post-thumbnail","6":"product_cat-complement","8":"first","9":"instock","10":"shipping-taxable","11":"purchasable","12":"product-type-simple"},"jetpack_sharing_enabled":true,"_links":{"self":[{"href":"https:\/\/para-pharmacity.tn\/index.php?rest_route=\/wp\/v2\/product\/20723","targetHints":{"allow":["GET"]}}],"collection":[{"href":"https:\/\/para-pharmacity.tn\/index.php?rest_route=\/wp\/v2\/product"}],"about":[{"href":"https:\/\/para-pharmacity.tn\/index.php?rest_route=\/wp\/v2\/types\/product"}],"replies":[{"embeddable":true,"href":"https:\/\/para-pharmacity.tn\/index.php?rest_route=%2Fwp%2Fv2%2Fcomments&post=20723"}],"version-history":[{"count":2,"href":"https:\/\/para-pharmacity.tn\/index.php?rest_route=\/wp\/v2\/product\/20723\/revisions"}],"predecessor-version":[{"id":25236,"href":"https:\/\/para-pharmacity.tn\/index.php?rest_route=\/wp\/v2\/product\/20723\/revisions\/25236"}],"wp:featuredmedia":[{"embeddable":true,"href":"https:\/\/para-pharmacity.tn\/index.php?rest_route=\/wp\/v2\/media\/25235"}],"wp:attachment":[{"href":"https:\/\/para-pharmacity.tn\/index.php?rest_route=%2Fwp%2Fv2%2Fmedia&parent=20723"}],"wp:term":[{"taxonomy":"product_cat","embeddable":true,"href":"https:\/\/para-pharmacity.tn\/index.php?rest_route=%2Fwp%2Fv2%2Fproduct_cat&post=20723"},{"taxonomy":"product_tag","embeddable":true,"href":"https:\/\/para-pharmacity.tn\/index.php?rest_route=%2Fwp%2Fv2%2Fproduct_tag&post=20723"}],"curies":[{"name":"wp","href":"https:\/\/api.w.org\/{rel}","templated":true}]}}