{"id":20722,"date":"2024-07-11T10:16:34","date_gmt":"2024-07-11T10:16:34","guid":{"rendered":"https:\/\/para-pharmacity.tn\/?product=almaflore-huile-d-argan-50ml"},"modified":"2025-04-15T11:38:00","modified_gmt":"2025-04-15T11:38:00","slug":"almaflore-huile-d-argan-50ml","status":"publish","type":"product","link":"https:\/\/para-pharmacity.tn\/?product=almaflore-huile-d-argan-50ml","title":{"rendered":"ALMAFLORE HUILE D ARGAN 50ML"},"content":{"rendered":"<p class=\"\" data-start=\"330\" data-end=\"663\">L\u2019<strong data-start=\"332\" data-end=\"359\">huile d\u2019argan Almaflore<\/strong> est extraite \u00e0 froid pour pr\u00e9server toutes ses propri\u00e9t\u00e9s. V\u00e9ritable \u00e9lixir de beaut\u00e9, elle est riche en <strong data-start=\"465\" data-end=\"479\">vitamine E<\/strong>, <strong data-start=\"481\" data-end=\"492\">om\u00e9ga-6<\/strong> et <strong data-start=\"496\" data-end=\"512\">antioxydants<\/strong>, offrant une action nourrissante, r\u00e9g\u00e9n\u00e9rante et anti-\u00e2ge. Elle convient \u00e0 tous types de peaux, m\u00eame sensibles, et sublime les cheveux secs ou ternes.<\/p>\n<ul data-start=\"665\" data-end=\"855\">\n<li class=\"\" data-start=\"665\" data-end=\"721\">\n<p class=\"\" data-start=\"667\" data-end=\"721\">Lutte contre les signes du <strong data-start=\"694\" data-end=\"719\">vieillissement cutan\u00e9<\/strong><\/p>\n<\/li>\n<li class=\"\" data-start=\"722\" data-end=\"773\">\n<p class=\"\" data-start=\"724\" data-end=\"773\">Apporte <strong data-start=\"732\" data-end=\"743\">douceur<\/strong> et <strong data-start=\"747\" data-end=\"761\">\u00e9lasticit\u00e9<\/strong> \u00e0 la peau<\/p>\n<\/li>\n<li class=\"\" data-start=\"774\" data-end=\"825\">\n<p class=\"\" data-start=\"776\" data-end=\"825\">Fortifie les cheveux et les rend plus brillants<\/p>\n<\/li>\n<li class=\"\" data-start=\"826\" data-end=\"855\">\n<p class=\"\" data-start=\"828\" data-end=\"855\">Prot\u00e8ge les ongles cassants<\/p>\n<\/li>\n<\/ul>\n","protected":false},"excerpt":{"rendered":"<p class=\"\" data-start=\"127\" data-end=\"231\"><strong data-start=\"127\" data-end=\"160\">Almaflore Huile d\u2019Argan 50 ml<\/strong><br data-start=\"160\" data-end=\"163\" \/>Soin naturel nourrissant pour <strong data-start=\"193\" data-end=\"201\">peau<\/strong>, <strong data-start=\"203\" data-end=\"214\">cheveux<\/strong> et <strong data-start=\"218\" data-end=\"228\">ongles<\/strong>.<\/p>\n<ul data-start=\"232\" data-end=\"290\">\n<li class=\"\" data-start=\"232\" data-end=\"259\">\n<p class=\"\" data-start=\"234\" data-end=\"259\">Riche en <strong data-start=\"243\" data-end=\"257\">vitamine E<\/strong><\/p>\n<\/li>\n<li class=\"\" data-start=\"260\" data-end=\"290\">\n<p class=\"\" data-start=\"262\" data-end=\"290\">Hydrate, r\u00e9g\u00e9n\u00e8re et prot\u00e8ge<\/p>\n<\/li>\n<\/ul>\n","protected":false},"featured_media":25093,"comment_status":"open","ping_status":"closed","template":"","meta":[],"product_cat":[211],"product_tag":[],"class_list":{"0":"post-20722","1":"product","2":"type-product","3":"status-publish","4":"has-post-thumbnail","6":"product_cat-cheveux","8":"first","9":"instock","10":"shipping-taxable","11":"purchasable","12":"product-type-simple"},"jetpack_sharing_enabled":true,"_links":{"self":[{"href":"https:\/\/para-pharmacity.tn\/index.php?rest_route=\/wp\/v2\/product\/20722","targetHints":{"allow":["GET"]}}],"collection":[{"href":"https:\/\/para-pharmacity.tn\/index.php?rest_route=\/wp\/v2\/product"}],"about":[{"href":"https:\/\/para-pharmacity.tn\/index.php?rest_route=\/wp\/v2\/types\/product"}],"replies":[{"embeddable":true,"href":"https:\/\/para-pharmacity.tn\/index.php?rest_route=%2Fwp%2Fv2%2Fcomments&post=20722"}],"version-history":[{"count":2,"href":"https:\/\/para-pharmacity.tn\/index.php?rest_route=\/wp\/v2\/product\/20722\/revisions"}],"predecessor-version":[{"id":25094,"href":"https:\/\/para-pharmacity.tn\/index.php?rest_route=\/wp\/v2\/product\/20722\/revisions\/25094"}],"wp:featuredmedia":[{"embeddable":true,"href":"https:\/\/para-pharmacity.tn\/index.php?rest_route=\/wp\/v2\/media\/25093"}],"wp:attachment":[{"href":"https:\/\/para-pharmacity.tn\/index.php?rest_route=%2Fwp%2Fv2%2Fmedia&parent=20722"}],"wp:term":[{"taxonomy":"product_cat","embeddable":true,"href":"https:\/\/para-pharmacity.tn\/index.php?rest_route=%2Fwp%2Fv2%2Fproduct_cat&post=20722"},{"taxonomy":"product_tag","embeddable":true,"href":"https:\/\/para-pharmacity.tn\/index.php?rest_route=%2Fwp%2Fv2%2Fproduct_tag&post=20722"}],"curies":[{"name":"wp","href":"https:\/\/api.w.org\/{rel}","templated":true}]}}