{"id":20720,"date":"2024-07-11T10:16:33","date_gmt":"2024-07-11T10:16:33","guid":{"rendered":"https:\/\/para-pharmacity.tn\/?product=almaflore-ghassoul-200-gr"},"modified":"2025-04-15T10:59:38","modified_gmt":"2025-04-15T10:59:38","slug":"almaflore-ghassoul-200-gr","status":"publish","type":"product","link":"https:\/\/para-pharmacity.tn\/?product=almaflore-ghassoul-200-gr","title":{"rendered":"ALMAFLORE GHASSOUL 200 GR"},"content":{"rendered":"<p class=\"\" data-start=\"329\" data-end=\"637\"><strong data-start=\"329\" data-end=\"351\">Almaflore Ghassoul<\/strong> est une <strong data-start=\"360\" data-end=\"381\">argile volcanique<\/strong> extraite des montagnes de l\u2019Atlas, utilis\u00e9e depuis des si\u00e8cles dans les soins de beaut\u00e9 traditionnels. Riche en min\u00e9raux, elle nettoie en profondeur, <strong data-start=\"532\" data-end=\"560\">absorbe l\u2019exc\u00e8s de s\u00e9bum<\/strong>, \u00e9limine les <strong data-start=\"574\" data-end=\"587\">impuret\u00e9s<\/strong> et laisse la peau douce et les cheveux brillants.<\/p>\n<ul data-start=\"639\" data-end=\"848\">\n<li class=\"\" data-start=\"639\" data-end=\"696\">\n<p class=\"\" data-start=\"641\" data-end=\"696\">Id\u00e9al pour les <strong data-start=\"656\" data-end=\"673\">peaux grasses<\/strong>, mixtes ou sensibles<\/p>\n<\/li>\n<li class=\"\" data-start=\"697\" data-end=\"735\">\n<p class=\"\" data-start=\"699\" data-end=\"735\">R\u00e9gule le <strong data-start=\"709\" data-end=\"718\">s\u00e9bum<\/strong> sans dess\u00e9cher<\/p>\n<\/li>\n<li class=\"\" data-start=\"736\" data-end=\"776\">\n<p class=\"\" data-start=\"738\" data-end=\"776\">Redonne \u00e9clat aux <strong data-start=\"756\" data-end=\"774\">cheveux ternes<\/strong><\/p>\n<\/li>\n<li class=\"\" data-start=\"777\" data-end=\"848\">\n<p class=\"\" data-start=\"779\" data-end=\"848\">Utilisation en <strong data-start=\"794\" data-end=\"811\">masque visage<\/strong>, <strong data-start=\"813\" data-end=\"827\">shampooing<\/strong> ou <strong data-start=\"831\" data-end=\"848\">soin corporel<\/strong><\/p>\n<\/li>\n<\/ul>\n","protected":false},"excerpt":{"rendered":"<p class=\"\" data-start=\"122\" data-end=\"234\"><strong data-start=\"122\" data-end=\"150\">Almaflore Ghassoul 200 g<\/strong><br data-start=\"150\" data-end=\"153\" \/>Argile naturelle marocaine pour le <strong data-start=\"188\" data-end=\"198\">visage<\/strong>, les <strong data-start=\"204\" data-end=\"215\">cheveux<\/strong> et le <strong data-start=\"222\" data-end=\"231\">corps<\/strong>.<\/p>\n<ul data-start=\"235\" data-end=\"289\">\n<li class=\"\" data-start=\"235\" data-end=\"274\">\n<p class=\"\" data-start=\"237\" data-end=\"274\">Purifie, adoucit et r\u00e9gule le s\u00e9bum<\/p>\n<\/li>\n<li class=\"\" data-start=\"275\" data-end=\"289\">\n<p class=\"\" data-start=\"277\" data-end=\"289\">100% naturel<\/p>\n<\/li>\n<\/ul>\n","protected":false},"featured_media":25075,"comment_status":"open","ping_status":"closed","template":"","meta":[],"product_cat":[213],"product_tag":[],"class_list":{"0":"post-20720","1":"product","2":"type-product","3":"status-publish","4":"has-post-thumbnail","6":"product_cat-visage","8":"first","9":"instock","10":"shipping-taxable","11":"purchasable","12":"product-type-simple"},"jetpack_sharing_enabled":true,"_links":{"self":[{"href":"https:\/\/para-pharmacity.tn\/index.php?rest_route=\/wp\/v2\/product\/20720","targetHints":{"allow":["GET"]}}],"collection":[{"href":"https:\/\/para-pharmacity.tn\/index.php?rest_route=\/wp\/v2\/product"}],"about":[{"href":"https:\/\/para-pharmacity.tn\/index.php?rest_route=\/wp\/v2\/types\/product"}],"replies":[{"embeddable":true,"href":"https:\/\/para-pharmacity.tn\/index.php?rest_route=%2Fwp%2Fv2%2Fcomments&post=20720"}],"version-history":[{"count":2,"href":"https:\/\/para-pharmacity.tn\/index.php?rest_route=\/wp\/v2\/product\/20720\/revisions"}],"predecessor-version":[{"id":25076,"href":"https:\/\/para-pharmacity.tn\/index.php?rest_route=\/wp\/v2\/product\/20720\/revisions\/25076"}],"wp:featuredmedia":[{"embeddable":true,"href":"https:\/\/para-pharmacity.tn\/index.php?rest_route=\/wp\/v2\/media\/25075"}],"wp:attachment":[{"href":"https:\/\/para-pharmacity.tn\/index.php?rest_route=%2Fwp%2Fv2%2Fmedia&parent=20720"}],"wp:term":[{"taxonomy":"product_cat","embeddable":true,"href":"https:\/\/para-pharmacity.tn\/index.php?rest_route=%2Fwp%2Fv2%2Fproduct_cat&post=20720"},{"taxonomy":"product_tag","embeddable":true,"href":"https:\/\/para-pharmacity.tn\/index.php?rest_route=%2Fwp%2Fv2%2Fproduct_tag&post=20720"}],"curies":[{"name":"wp","href":"https:\/\/api.w.org\/{rel}","templated":true}]}}