{"id":20719,"date":"2024-07-11T10:16:33","date_gmt":"2024-07-11T10:16:33","guid":{"rendered":"https:\/\/para-pharmacity.tn\/?product=ala-caps-30-capsules"},"modified":"2025-04-14T13:28:52","modified_gmt":"2025-04-14T13:28:52","slug":"ala-caps-30-capsules","status":"publish","type":"product","link":"https:\/\/para-pharmacity.tn\/?product=ala-caps-30-capsules","title":{"rendered":"ALA CAPS 30 CAPSULES"},"content":{"rendered":"<p class=\"\" data-start=\"457\" data-end=\"825\"><strong data-start=\"457\" data-end=\"481\">ALA CAPS 30 Capsules<\/strong><br data-start=\"481\" data-end=\"484\" \/>Un compl\u00e9ment riche en <strong data-start=\"507\" data-end=\"537\">acide alpha-lipo\u00efque (ALA)<\/strong>, un antioxydant puissant qui prot\u00e8ge les cellules contre les <strong data-start=\"599\" data-end=\"618\">radicaux libres<\/strong> et le <strong data-start=\"625\" data-end=\"644\">stress oxydatif<\/strong>. Ce suppl\u00e9ment aide \u00e9galement \u00e0 maintenir l\u2019\u00e9quilibre \u00e9nerg\u00e9tique et la sant\u00e9 nerveuse, tout en favorisant la r\u00e9duction de la <strong data-start=\"771\" data-end=\"782\">fatigue<\/strong> et l\u2019am\u00e9lioration de la vitalit\u00e9 g\u00e9n\u00e9rale.<\/p>\n<ul data-start=\"827\" data-end=\"1071\">\n<li class=\"\" data-start=\"827\" data-end=\"922\">\n<p class=\"\" data-start=\"829\" data-end=\"922\"><strong data-start=\"829\" data-end=\"853\">Acide alpha-lipo\u00efque<\/strong> : combat le stress oxydatif et soutient la r\u00e9g\u00e9n\u00e9ration cellulaire<\/p>\n<\/li>\n<li class=\"\" data-start=\"923\" data-end=\"999\">\n<p class=\"\" data-start=\"925\" data-end=\"999\">Aide \u00e0 r\u00e9duire la <strong data-start=\"943\" data-end=\"954\">fatigue<\/strong> et \u00e0 am\u00e9liorer la <strong data-start=\"973\" data-end=\"997\">performance physique<\/strong><\/p>\n<\/li>\n<li class=\"\" data-start=\"1000\" data-end=\"1071\">\n<p class=\"\" data-start=\"1002\" data-end=\"1071\">Favorise la sant\u00e9 du <strong data-start=\"1023\" data-end=\"1042\">syst\u00e8me nerveux<\/strong> et la <strong data-start=\"1049\" data-end=\"1071\">fonction cognitive<\/strong><\/p>\n<\/li>\n<\/ul>\n","protected":false},"excerpt":{"rendered":"<p class=\"\" data-start=\"110\" data-end=\"212\"><strong data-start=\"110\" data-end=\"134\">ALA CAPS 30 Capsules<\/strong><br data-start=\"134\" data-end=\"137\" \/>Compl\u00e9ment alimentaire antioxydant pour soutenir la <strong data-start=\"189\" data-end=\"209\">sant\u00e9 cellulaire<\/strong>.<\/p>\n<ul data-start=\"213\" data-end=\"420\">\n<li class=\"\" data-start=\"213\" data-end=\"283\">\n<p class=\"\" data-start=\"215\" data-end=\"283\">Contient de l&rsquo;<strong data-start=\"229\" data-end=\"259\">acide alpha-lipo\u00efque (ALA)<\/strong>, puissant antioxydant<\/p>\n<\/li>\n<li class=\"\" data-start=\"284\" data-end=\"346\">\n<p class=\"\" data-start=\"286\" data-end=\"346\">Aide \u00e0 prot\u00e9ger les cellules contre le <strong data-start=\"325\" data-end=\"344\">stress oxydatif<\/strong><\/p>\n<\/li>\n<li class=\"\" data-start=\"347\" data-end=\"420\">\n<p class=\"\" data-start=\"349\" data-end=\"420\">Favorise la <strong data-start=\"361\" data-end=\"388\">r\u00e9duction de la fatigue<\/strong> et soutient la sant\u00e9 nerveuse<\/p>\n<\/li>\n<\/ul>\n","protected":false},"featured_media":25025,"comment_status":"open","ping_status":"closed","template":"","meta":[],"product_cat":[204],"product_tag":[],"class_list":{"0":"post-20719","1":"product","2":"type-product","3":"status-publish","4":"has-post-thumbnail","6":"product_cat-complement","8":"first","9":"instock","10":"shipping-taxable","11":"purchasable","12":"product-type-simple"},"jetpack_sharing_enabled":true,"_links":{"self":[{"href":"https:\/\/para-pharmacity.tn\/index.php?rest_route=\/wp\/v2\/product\/20719","targetHints":{"allow":["GET"]}}],"collection":[{"href":"https:\/\/para-pharmacity.tn\/index.php?rest_route=\/wp\/v2\/product"}],"about":[{"href":"https:\/\/para-pharmacity.tn\/index.php?rest_route=\/wp\/v2\/types\/product"}],"replies":[{"embeddable":true,"href":"https:\/\/para-pharmacity.tn\/index.php?rest_route=%2Fwp%2Fv2%2Fcomments&post=20719"}],"version-history":[{"count":2,"href":"https:\/\/para-pharmacity.tn\/index.php?rest_route=\/wp\/v2\/product\/20719\/revisions"}],"predecessor-version":[{"id":25027,"href":"https:\/\/para-pharmacity.tn\/index.php?rest_route=\/wp\/v2\/product\/20719\/revisions\/25027"}],"wp:featuredmedia":[{"embeddable":true,"href":"https:\/\/para-pharmacity.tn\/index.php?rest_route=\/wp\/v2\/media\/25025"}],"wp:attachment":[{"href":"https:\/\/para-pharmacity.tn\/index.php?rest_route=%2Fwp%2Fv2%2Fmedia&parent=20719"}],"wp:term":[{"taxonomy":"product_cat","embeddable":true,"href":"https:\/\/para-pharmacity.tn\/index.php?rest_route=%2Fwp%2Fv2%2Fproduct_cat&post=20719"},{"taxonomy":"product_tag","embeddable":true,"href":"https:\/\/para-pharmacity.tn\/index.php?rest_route=%2Fwp%2Fv2%2Fproduct_tag&post=20719"}],"curies":[{"name":"wp","href":"https:\/\/api.w.org\/{rel}","templated":true}]}}