{"id":20713,"date":"2024-07-11T10:16:30","date_gmt":"2024-07-11T10:16:30","guid":{"rendered":"https:\/\/para-pharmacity.tn\/?product=vitis-bad-mediumdent-gingival-15ml"},"modified":"2025-05-07T09:46:12","modified_gmt":"2025-05-07T09:46:12","slug":"vitis-bad-mediumdent-gingival-15ml","status":"publish","type":"product","link":"https:\/\/para-pharmacity.tn\/?product=vitis-bad-mediumdent-gingival-15ml","title":{"rendered":"VITIS BAD MEDIUM+DENT GINGIVAL 15ML"},"content":{"rendered":"<div class=\"product attribute description\">\n<h2>Description Vitis Medium Access Brosse \u00e0 Dents + Vitis Dentifrice Gingival 15ml<\/h2>\n<div class=\"value\">\n<div data-content-type=\"row\" data-appearance=\"contained\" data-element=\"main\">\n<div data-enable-parallax=\"0\" data-parallax-speed=\"0.5\" data-background-images=\"{}\" data-background-type=\"image\" data-video-loop=\"true\" data-video-play-only-visible=\"true\" data-video-lazy-load=\"true\" data-video-fallback-src=\" data-element = \" data-pb-style=\"KQNT1PC\">\n<div data-content-type=\" text \" data-appearance=\" default \" data-element=\" main \">\n<h1>Kit Vitis Gencives Sensibles<\/h1>\n<p>Kit compos\u00e9 d&rsquo;une brosse \u00e0 dents Vitis medium Access et d&rsquo;un dentifrice Vitis Gingival.<br \/>\nBrosse \u00e0 dents Lo a des poils moyennement durs, une petite t\u00eate et un profil de poils en zigzag.<br \/>\nLe dentifrice convient \u00e0 un usage quotidien et est formul\u00e9 pour am\u00e9liorer l&rsquo;hygi\u00e8ne bucco-dentaire en luttant contre la plaque, r renforcer l&rsquo;\u00e9mail et prot\u00e9ger et revitaliser les gencives.<\/p>\n<p>Convient aux gencives sensibles.<\/p>\n<p><strong>Mode d&#8217;emploi<\/strong><br \/>\nAppliquer une petite quantit\u00e9 de Vitis Dentifrice gingival sur votre brosse \u00e0 dents.<br \/>\nUtiliser au moins deux fois par jour ou apr\u00e8s chaque repas.<\/p>\n<p><strong>Ingr\u00e9dients<\/strong><br \/>\nDentifrice : Aqua, sorbitol, silice, glyc\u00e9rine, xanthane gomme, dioxyde de titane, panth\u00e9nol, gluconate de sodium, laurylsulfate de sodium, fluorure de sodium, lactate de zinc, acide lactique, saccharine sodique, m\u00e9thylparab\u00e8ne sodique, chlorure de c\u00e9tylpyridinium, ar\u00f4me, CI 77947.<\/p>\n<p><strong>Avertissements<\/strong><br \/>\nConvient aux adultes et aux enfants \u00e0 partir de 7 ans.<br \/>\nTenir hors de port\u00e9e des enfants.<br \/>\nNe pas ing\u00e9rer.<br \/>\nNe pas utiliser tube ouvert.<\/p>\n<p><strong>Conservation<\/strong><br \/>\nD\u00e9lai de stockage \u00e0 partir de la date de fabrication, en emballage non ouvert : 36 mois.<br \/>\nD\u00e9lai de stockage \u00e0 partir de l&rsquo;ouverture : 12 mois.<\/p>\n<p id=\"TMPGU44\"><strong>Format<\/strong><br \/>\nLe paquet contient :<br \/>\n&#8211; 1 Brosse \u00e0 Dents Vitis Medium Access<br \/>\n&#8211; 1 Dentifrice Gingival Vitis 15 ml.<\/p>\n<\/div>\n<\/div>\n<\/div>\n<\/div>\n<\/div>\n","protected":false},"excerpt":{"rendered":"<p>La brosse \u00e0 dents\u00a0<strong>Vitis Gingival<\/strong>\u00a0est conseill\u00e9e pour les gencives sensibles ou dans les cas d&rsquo;inflammation pour un usage quotidien.<\/p>\n","protected":false},"featured_media":25931,"comment_status":"open","ping_status":"closed","template":"","meta":[],"product_cat":[20],"product_tag":[],"class_list":{"0":"post-20713","1":"product","2":"type-product","3":"status-publish","4":"has-post-thumbnail","6":"product_cat-accessories","8":"first","9":"instock","10":"shipping-taxable","11":"purchasable","12":"product-type-simple"},"jetpack_sharing_enabled":true,"_links":{"self":[{"href":"https:\/\/para-pharmacity.tn\/index.php?rest_route=\/wp\/v2\/product\/20713","targetHints":{"allow":["GET"]}}],"collection":[{"href":"https:\/\/para-pharmacity.tn\/index.php?rest_route=\/wp\/v2\/product"}],"about":[{"href":"https:\/\/para-pharmacity.tn\/index.php?rest_route=\/wp\/v2\/types\/product"}],"replies":[{"embeddable":true,"href":"https:\/\/para-pharmacity.tn\/index.php?rest_route=%2Fwp%2Fv2%2Fcomments&post=20713"}],"version-history":[{"count":2,"href":"https:\/\/para-pharmacity.tn\/index.php?rest_route=\/wp\/v2\/product\/20713\/revisions"}],"predecessor-version":[{"id":25934,"href":"https:\/\/para-pharmacity.tn\/index.php?rest_route=\/wp\/v2\/product\/20713\/revisions\/25934"}],"wp:featuredmedia":[{"embeddable":true,"href":"https:\/\/para-pharmacity.tn\/index.php?rest_route=\/wp\/v2\/media\/25931"}],"wp:attachment":[{"href":"https:\/\/para-pharmacity.tn\/index.php?rest_route=%2Fwp%2Fv2%2Fmedia&parent=20713"}],"wp:term":[{"taxonomy":"product_cat","embeddable":true,"href":"https:\/\/para-pharmacity.tn\/index.php?rest_route=%2Fwp%2Fv2%2Fproduct_cat&post=20713"},{"taxonomy":"product_tag","embeddable":true,"href":"https:\/\/para-pharmacity.tn\/index.php?rest_route=%2Fwp%2Fv2%2Fproduct_tag&post=20713"}],"curies":[{"name":"wp","href":"https:\/\/api.w.org\/{rel}","templated":true}]}}