{"id":20709,"date":"2024-07-11T10:16:29","date_gmt":"2024-07-11T10:16:29","guid":{"rendered":"https:\/\/para-pharmacity.tn\/?product=vital-vitonic-fer-grossesse"},"modified":"2025-05-08T10:12:19","modified_gmt":"2025-05-08T10:12:19","slug":"vital-vitonic-fer-grossesse","status":"publish","type":"product","link":"https:\/\/para-pharmacity.tn\/?product=vital-vitonic-fer-grossesse","title":{"rendered":"VITAL VITONIC FER GROSSESSE"},"content":{"rendered":"<p>Les g\u00e9lules VITONIC FER GROSSESSE sont sp\u00e9cialement con\u00e7ues pour les femmes enceintes et allaitantes. Elles contiennent du fer, un min\u00e9ral essentiel pendant la grossesse pour pr\u00e9venir l&rsquo;an\u00e9mie et favoriser le bon d\u00e9veloppement du f\u0153tus. Enrichies en vitamines et min\u00e9raux, ces g\u00e9lules contribuent \u00e0 couvrir les besoins nutritionnels sp\u00e9cifiques des futures mamans et de leurs b\u00e9b\u00e9s. Leur formule douce et naturelle est adapt\u00e9e aux femmes enceintes sensibles et leur permet de b\u00e9n\u00e9ficier d&rsquo;un apport en fer sans effets secondaires ind\u00e9sirables. Ces g\u00e9lules sont fabriqu\u00e9es en France, sous contr\u00f4le strict, pour garantir leur qualit\u00e9 et leur efficacit\u00e9. Profitez d&rsquo;une grossesse en toute s\u00e9r\u00e9nit\u00e9 avec VITONIC FER GROSSESSE !<br \/>\n&#8211; Fer<br \/>\n&#8211; Vitamine C<br \/>\n&#8211; Vitamine B9<br \/>\n&#8211; Vitamine B12<br \/>\n&#8211; Vitamine E<br \/>\n&#8211; Vitamine B6<br \/>\n&#8211; Vitamine B2<br \/>\n&#8211; Vitamine B1<br \/>\n&#8211; Vitamine B5<br \/>\n&#8211; Vitamine D<br \/>\n&#8211; Vitamine B8<br \/>\n&#8211; Vitamine B3<br \/>\n&#8211; Cuivre<br \/>\n&#8211; Zinc<br \/>\nVoici des conseils d&rsquo;utilisation du produit VITONIC FER GROSSESSE :<\/p>\n<p>&#8211; Prendre 1 g\u00e9lule par jour avec un grand verre d&rsquo;eau, de pr\u00e9f\u00e9rence au cours du repas.<br \/>\n&#8211; Ne pas d\u00e9passer la dose journali\u00e8re recommand\u00e9e.<br \/>\n&#8211; Tenir hors de port\u00e9e des enfants.<br \/>\n&#8211; Ce compl\u00e9ment alimentaire est destin\u00e9 aux femmes enceintes ou allaitantes, veuillez consulter votre m\u00e9decin avant de commencer toute suppl\u00e9mentation.<br \/>\n&#8211; Conserver le produit dans un endroit frais et sec, \u00e0 l&rsquo;abri de la lumi\u00e8re.<\/p>\n<p>N&rsquo;h\u00e9sitez pas \u00e0 consulter notre \u00e9quipe de pharmaciens pour plus d&rsquo;informations sur ce produit et son utilisation pendant la grossesse et l&rsquo;allaitement.<\/p>\n","protected":false},"excerpt":{"rendered":"<p>Vital Vitonic Fer Grossesse apporte un soutien essentiel durant la grossesse. Enrichi en fer, vitamines et gingembre, il pr\u00e9vient les carences, favorise le d\u00e9veloppement du b\u00e9b\u00e9 et aide \u00e0 r\u00e9duire les naus\u00e9es matinales pour une grossesse sereine.<\/p>\n","protected":false},"featured_media":25980,"comment_status":"open","ping_status":"closed","template":"","meta":[],"product_cat":[286],"product_tag":[],"class_list":{"0":"post-20709","1":"product","2":"type-product","3":"status-publish","4":"has-post-thumbnail","6":"product_cat-complement-alimentaire","8":"first","9":"instock","10":"shipping-taxable","11":"purchasable","12":"product-type-simple"},"jetpack_sharing_enabled":true,"_links":{"self":[{"href":"https:\/\/para-pharmacity.tn\/index.php?rest_route=\/wp\/v2\/product\/20709","targetHints":{"allow":["GET"]}}],"collection":[{"href":"https:\/\/para-pharmacity.tn\/index.php?rest_route=\/wp\/v2\/product"}],"about":[{"href":"https:\/\/para-pharmacity.tn\/index.php?rest_route=\/wp\/v2\/types\/product"}],"replies":[{"embeddable":true,"href":"https:\/\/para-pharmacity.tn\/index.php?rest_route=%2Fwp%2Fv2%2Fcomments&post=20709"}],"version-history":[{"count":2,"href":"https:\/\/para-pharmacity.tn\/index.php?rest_route=\/wp\/v2\/product\/20709\/revisions"}],"predecessor-version":[{"id":25981,"href":"https:\/\/para-pharmacity.tn\/index.php?rest_route=\/wp\/v2\/product\/20709\/revisions\/25981"}],"wp:featuredmedia":[{"embeddable":true,"href":"https:\/\/para-pharmacity.tn\/index.php?rest_route=\/wp\/v2\/media\/25980"}],"wp:attachment":[{"href":"https:\/\/para-pharmacity.tn\/index.php?rest_route=%2Fwp%2Fv2%2Fmedia&parent=20709"}],"wp:term":[{"taxonomy":"product_cat","embeddable":true,"href":"https:\/\/para-pharmacity.tn\/index.php?rest_route=%2Fwp%2Fv2%2Fproduct_cat&post=20709"},{"taxonomy":"product_tag","embeddable":true,"href":"https:\/\/para-pharmacity.tn\/index.php?rest_route=%2Fwp%2Fv2%2Fproduct_tag&post=20709"}],"curies":[{"name":"wp","href":"https:\/\/api.w.org\/{rel}","templated":true}]}}