{"id":20707,"date":"2024-07-11T10:16:28","date_gmt":"2024-07-11T10:16:28","guid":{"rendered":"https:\/\/para-pharmacity.tn\/?product=vital-vinaigre-de-figue-barb-250-ml"},"modified":"2025-05-08T14:08:05","modified_gmt":"2025-05-08T14:08:05","slug":"vital-vinaigre-de-figue-barb-250-ml","status":"publish","type":"product","link":"https:\/\/para-pharmacity.tn\/?product=vital-vinaigre-de-figue-barb-250-ml","title":{"rendered":"VITAL VINAIGRE DE FIGUE BARB 250 ML"},"content":{"rendered":"<p>Le\u00a0<strong>Vinaigre de Figue de Barbarie Bio Orient<\/strong>\u00a0est un vinaigre pur avec un go\u00fbt caract\u00e9ristique fruit\u00e9, fabriqu\u00e9 exclusivement avec des fruits issus de l\u2019agriculture biologique. Les fruits subissent une fermentation alcoolique et ac\u00e9tique naturelle et donnent ainsi \u00e0 ce vinaigre son ar\u00f4me d\u00e9licat et ses propri\u00e9t\u00e9s sp\u00e9cifiques.<\/p>\n<p><strong>Le\u00a0Vinaigre de Figue de Barbarie, votre alli\u00e9 minceur&#8230;<\/strong><\/p>\n<p><strong>Aide-minceur efficace<\/strong>\u00a0et naturel, le vinaigre de figue de barbarie stimule la perte de poids et affine la silhouette. Gr\u00e2ce \u00e0 ses propri\u00e9t\u00e9s hypoglyc\u00e9miantes, il r\u00e9gule l\u2019app\u00e9tit et aide \u00e0 lutter contre le grignotage. Il stimule la flore intestinale et am\u00e9liore la digestion, \u00e9vitant ainsi les sensations ballonnements. Sa double action de br\u00fble-graisse et draineur en fait l\u2019alli\u00e9 id\u00e9al de votre r\u00e9\u00e9quilibrage alimentaire. Sa saveur douce et fruit\u00e9e en fait\u00a0 un accompagnement sain, original et raffin\u00e9 pour vos salades et vos plats.<\/p>\n<p>En cosm\u00e9tique, le vinaigre de figue de barbarie est conseill\u00e9 pour les cheveux ternes et ab\u00eem\u00e9s. Utilis\u00e9 dans le shampoing, il donne brillance, \u00e9clat et vitalit\u00e9 \u00e0 vos cheveux.<\/p>\n<h3><strong>Conseils d&rsquo;utilisation<\/strong>:<\/h3>\n<p>Dans le cadre d\u2019un r\u00e9gime alimentaire: diluer deux cuill\u00e8res \u00e0 caf\u00e9 de vinaigre de figue de barbarie dans un grand verre d\u2019eau avant chaque repas, midi et soir.<\/p>\n<p>En soin des cheveux: diluer quelques gouttes de vinaigre de figue de barbarie dans du shampoing ou dans l\u2019eau de rin\u00e7age.<\/p>\n<h3><strong>Fabrication<\/strong><\/h3>\n<p>BIO orient a opt\u00e9 un proc\u00e9d\u00e9 de fabrication biologique, sans additif ni acc\u00e9l\u00e9rateur. Le jus, issu des fruits frais, mature selon un lent processus de fermentation naturel conserve toutes les vertus phytosanitaires du vinaigre pour une meilleure efficacit\u00e9.<\/p>\n","protected":false},"excerpt":{"rendered":"<p><b>Am\u00e9liore la digestion et fait d\u00e9gonfler le ventre<\/b>. . Capte l\u2019eau pi\u00e9g\u00e9e dans les tissus pour permettre \u00e0 l\u2019organisme de l\u2019\u00e9liminer. Il contient des acides amin\u00e9s qui r\u00e9gulent l\u2019app\u00e9tit et \u00e9vitent l\u2019\u00e9nervement qui fait souvent obstacle \u00e0 la r\u00e9ussite d\u2019un amincissement.<\/p>\n","protected":false},"featured_media":25995,"comment_status":"open","ping_status":"closed","template":"","meta":[],"product_cat":[286],"product_tag":[],"class_list":{"0":"post-20707","1":"product","2":"type-product","3":"status-publish","4":"has-post-thumbnail","6":"product_cat-complement-alimentaire","8":"first","9":"instock","10":"shipping-taxable","11":"purchasable","12":"product-type-simple"},"jetpack_sharing_enabled":true,"_links":{"self":[{"href":"https:\/\/para-pharmacity.tn\/index.php?rest_route=\/wp\/v2\/product\/20707","targetHints":{"allow":["GET"]}}],"collection":[{"href":"https:\/\/para-pharmacity.tn\/index.php?rest_route=\/wp\/v2\/product"}],"about":[{"href":"https:\/\/para-pharmacity.tn\/index.php?rest_route=\/wp\/v2\/types\/product"}],"replies":[{"embeddable":true,"href":"https:\/\/para-pharmacity.tn\/index.php?rest_route=%2Fwp%2Fv2%2Fcomments&post=20707"}],"version-history":[{"count":2,"href":"https:\/\/para-pharmacity.tn\/index.php?rest_route=\/wp\/v2\/product\/20707\/revisions"}],"predecessor-version":[{"id":25996,"href":"https:\/\/para-pharmacity.tn\/index.php?rest_route=\/wp\/v2\/product\/20707\/revisions\/25996"}],"wp:featuredmedia":[{"embeddable":true,"href":"https:\/\/para-pharmacity.tn\/index.php?rest_route=\/wp\/v2\/media\/25995"}],"wp:attachment":[{"href":"https:\/\/para-pharmacity.tn\/index.php?rest_route=%2Fwp%2Fv2%2Fmedia&parent=20707"}],"wp:term":[{"taxonomy":"product_cat","embeddable":true,"href":"https:\/\/para-pharmacity.tn\/index.php?rest_route=%2Fwp%2Fv2%2Fproduct_cat&post=20707"},{"taxonomy":"product_tag","embeddable":true,"href":"https:\/\/para-pharmacity.tn\/index.php?rest_route=%2Fwp%2Fv2%2Fproduct_tag&post=20707"}],"curies":[{"name":"wp","href":"https:\/\/api.w.org\/{rel}","templated":true}]}}