{"id":20692,"date":"2024-07-11T10:16:19","date_gmt":"2024-07-11T10:16:19","guid":{"rendered":"https:\/\/para-pharmacity.tn\/?product=vessie-a-glaces-27-5-cm-large"},"modified":"2025-05-29T11:30:19","modified_gmt":"2025-05-29T11:30:19","slug":"vessie-a-glaces-27-5-cm-large","status":"publish","type":"product","link":"https:\/\/para-pharmacity.tn\/?product=vessie-a-glaces-27-5-cm-large","title":{"rendered":"VESSIE A GLACES 27.5 CM LARGE"},"content":{"rendered":"<p style=\"font-weight: 400;\">Cette vessie \u00e0 glace, dot\u00e9e d&rsquo;un rev\u00eatement tissu, assure une transmission efficace du froid et permet de d\u00e9congestionner ou de calmer la douleur de mani\u00e8re efficace en cas d&rsquo;h\u00e9matome, d&rsquo;entorse, de foulure etc. &#8230;<\/p>\n<p style=\"font-weight: 400;\">Elle est tr\u00e8s simple d&rsquo;utilisation. Il suffit de remplir \u00e0 moiti\u00e9 la vessie \u00e0 glace, puis de bien refermer le bouchon. Contr\u00f4ler ensuite son \u00e9tanch\u00e9it\u00e9 en la renversant, puis appliquer la vessie sur la zone \u00e0 soulager, en l&rsquo;entourant d&rsquo;un linge pour qu&rsquo;elle ne soit pas en contact direct avec la peau.<\/p>\n<p style=\"font-weight: 400;\">Elle est st\u00e9rilisable \u00e0 l&rsquo;oxyde d&rsquo;\u00e9thyl\u00e8ne et chimique (pas \u00e0 l&rsquo;air chaud ou gamma) et se nettoie \u00e0 l&rsquo;eau savonneuse ou au d\u00e9tergent n&rsquo;attaquant pas le caoutchouc, le PVC et le nylon.<\/p>\n<p style=\"font-weight: 400;\">La vessie \u00e0 glace est disponible en trois diam\u00e8tres :27.5CM\/L<\/p>\n","protected":false},"excerpt":{"rendered":"<p>Cette vessie \u00e0 glace, dot\u00e9e d&rsquo;un rev\u00eatement tissu, assure une transmission efficace du froid et permet de d\u00e9congestionner ou de calmer la douleur de mani\u00e8re efficace en cas d&rsquo;h\u00e9matome, d&rsquo;entorse, de foulure etc. &#8230;<\/p>\n","protected":false},"featured_media":26398,"comment_status":"open","ping_status":"closed","template":"","meta":[],"product_cat":[202],"product_tag":[],"class_list":{"0":"post-20692","1":"product","2":"type-product","3":"status-publish","4":"has-post-thumbnail","6":"product_cat-consommable","8":"first","9":"instock","10":"shipping-taxable","11":"purchasable","12":"product-type-simple"},"jetpack_sharing_enabled":true,"_links":{"self":[{"href":"https:\/\/para-pharmacity.tn\/index.php?rest_route=\/wp\/v2\/product\/20692","targetHints":{"allow":["GET"]}}],"collection":[{"href":"https:\/\/para-pharmacity.tn\/index.php?rest_route=\/wp\/v2\/product"}],"about":[{"href":"https:\/\/para-pharmacity.tn\/index.php?rest_route=\/wp\/v2\/types\/product"}],"replies":[{"embeddable":true,"href":"https:\/\/para-pharmacity.tn\/index.php?rest_route=%2Fwp%2Fv2%2Fcomments&post=20692"}],"version-history":[{"count":2,"href":"https:\/\/para-pharmacity.tn\/index.php?rest_route=\/wp\/v2\/product\/20692\/revisions"}],"predecessor-version":[{"id":26401,"href":"https:\/\/para-pharmacity.tn\/index.php?rest_route=\/wp\/v2\/product\/20692\/revisions\/26401"}],"wp:featuredmedia":[{"embeddable":true,"href":"https:\/\/para-pharmacity.tn\/index.php?rest_route=\/wp\/v2\/media\/26398"}],"wp:attachment":[{"href":"https:\/\/para-pharmacity.tn\/index.php?rest_route=%2Fwp%2Fv2%2Fmedia&parent=20692"}],"wp:term":[{"taxonomy":"product_cat","embeddable":true,"href":"https:\/\/para-pharmacity.tn\/index.php?rest_route=%2Fwp%2Fv2%2Fproduct_cat&post=20692"},{"taxonomy":"product_tag","embeddable":true,"href":"https:\/\/para-pharmacity.tn\/index.php?rest_route=%2Fwp%2Fv2%2Fproduct_tag&post=20692"}],"curies":[{"name":"wp","href":"https:\/\/api.w.org\/{rel}","templated":true}]}}