{"id":20689,"date":"2024-07-11T10:16:18","date_gmt":"2024-07-11T10:16:18","guid":{"rendered":"https:\/\/para-pharmacity.tn\/?product=venixe-15-aleses-6090-cm"},"modified":"2025-05-30T11:20:11","modified_gmt":"2025-05-30T11:20:11","slug":"venixe-15-aleses-6090-cm","status":"publish","type":"product","link":"https:\/\/para-pharmacity.tn\/?product=venixe-15-aleses-6090-cm","title":{"rendered":"VENIXE 15 ALESES 60*90 CM"},"content":{"rendered":"<p>Les al\u00e8ses sont un syst\u00e8me de protection de lit jetable qui garantit hygi\u00e8ne et confort aux personnes incontinentes.<\/p>\n<p>De par ses caract\u00e9ristiques, il vous permet d&rsquo;\u00e9viter les probl\u00e8mes de peau et les inconforts caus\u00e9s par l&rsquo;utilisation de la toile cir\u00e9e tout en gardant le linge de lit propre.<\/p>\n<p>Disponible en 3 formats.<\/p>\n<p>Taille : 60\u00d790cm<\/p>\n<p>Quantit\u00e9 totale : paquets de 15 pi\u00e8ces<\/p>\n","protected":false},"excerpt":{"rendered":"<p>Les\u00a0<strong>al\u00e8ses absorbantes VENIXE 60 X 90 cm<\/strong> sont recommand\u00e9es pour la protection des surfaces utilis\u00e9es par les personnes alit\u00e9es ou assises qui ont des fuites urinaires et\/ou f\u00e9cales. Elles prot\u00e8gent les lits, fauteuils, chaises et autres si\u00e8ges. <span class=\"morecontent\">\u00a0\u00a0<\/span><\/p>\n","protected":false},"featured_media":26432,"comment_status":"open","ping_status":"closed","template":"","meta":[],"product_cat":[230],"product_tag":[],"class_list":{"0":"post-20689","1":"product","2":"type-product","3":"status-publish","4":"has-post-thumbnail","6":"product_cat-hygiene","8":"first","9":"instock","10":"shipping-taxable","11":"purchasable","12":"product-type-simple"},"jetpack_sharing_enabled":true,"_links":{"self":[{"href":"https:\/\/para-pharmacity.tn\/index.php?rest_route=\/wp\/v2\/product\/20689","targetHints":{"allow":["GET"]}}],"collection":[{"href":"https:\/\/para-pharmacity.tn\/index.php?rest_route=\/wp\/v2\/product"}],"about":[{"href":"https:\/\/para-pharmacity.tn\/index.php?rest_route=\/wp\/v2\/types\/product"}],"replies":[{"embeddable":true,"href":"https:\/\/para-pharmacity.tn\/index.php?rest_route=%2Fwp%2Fv2%2Fcomments&post=20689"}],"version-history":[{"count":2,"href":"https:\/\/para-pharmacity.tn\/index.php?rest_route=\/wp\/v2\/product\/20689\/revisions"}],"predecessor-version":[{"id":26433,"href":"https:\/\/para-pharmacity.tn\/index.php?rest_route=\/wp\/v2\/product\/20689\/revisions\/26433"}],"wp:featuredmedia":[{"embeddable":true,"href":"https:\/\/para-pharmacity.tn\/index.php?rest_route=\/wp\/v2\/media\/26432"}],"wp:attachment":[{"href":"https:\/\/para-pharmacity.tn\/index.php?rest_route=%2Fwp%2Fv2%2Fmedia&parent=20689"}],"wp:term":[{"taxonomy":"product_cat","embeddable":true,"href":"https:\/\/para-pharmacity.tn\/index.php?rest_route=%2Fwp%2Fv2%2Fproduct_cat&post=20689"},{"taxonomy":"product_tag","embeddable":true,"href":"https:\/\/para-pharmacity.tn\/index.php?rest_route=%2Fwp%2Fv2%2Fproduct_tag&post=20689"}],"curies":[{"name":"wp","href":"https:\/\/api.w.org\/{rel}","templated":true}]}}