{"id":20687,"date":"2024-07-11T10:16:17","date_gmt":"2024-07-11T10:16:17","guid":{"rendered":"https:\/\/para-pharmacity.tn\/?product=veinax-chausette-homme-4n-classe-2-bleu"},"modified":"2025-05-30T11:36:31","modified_gmt":"2025-05-30T11:36:31","slug":"veinax-chausette-homme-4n-classe-2-bleu","status":"publish","type":"product","link":"https:\/\/para-pharmacity.tn\/?product=veinax-chausette-homme-4n-classe-2-bleu","title":{"rendered":"VEINAX CHAUSETTE HOMME 4N CLASSE 2 BLEU"},"content":{"rendered":"<ul>\n<li>Texture tr\u00e8s douce \u00e0 base de coton qui respecte les peaux sensibles.<\/li>\n<li>Facilit\u00e9 d\u2019enfilage.<\/li>\n<li>Renfort au talon.<\/li>\n<li>Se porte aussi bien par Monsieur que par Madame.<\/li>\n<li>Sans latex.<\/li>\n<li>Disponible en 5 tailles.<\/li>\n<li>Disponible en 2 hauteurs (Normal et Long)<\/li>\n<\/ul>\n","protected":false},"excerpt":{"rendered":"<ul>\n<li>Sympt\u00f4mes de maladie veineuse chronique d\u00e9butante.<\/li>\n<li>Varices de petit calibre.<\/li>\n<li>Pr\u00e9vention de la thrombose veineuse profonde.<\/li>\n<li>Pr\u00e9vention (voyages et longs trajets en avion, phl\u00e9bites et \u0153d\u00e8mes).<\/li>\n<\/ul>\n","protected":false},"featured_media":26435,"comment_status":"open","ping_status":"closed","template":"","meta":[],"product_cat":[20],"product_tag":[],"class_list":{"0":"post-20687","1":"product","2":"type-product","3":"status-publish","4":"has-post-thumbnail","6":"product_cat-accessories","8":"first","9":"instock","10":"shipping-taxable","11":"purchasable","12":"product-type-simple"},"jetpack_sharing_enabled":true,"_links":{"self":[{"href":"https:\/\/para-pharmacity.tn\/index.php?rest_route=\/wp\/v2\/product\/20687","targetHints":{"allow":["GET"]}}],"collection":[{"href":"https:\/\/para-pharmacity.tn\/index.php?rest_route=\/wp\/v2\/product"}],"about":[{"href":"https:\/\/para-pharmacity.tn\/index.php?rest_route=\/wp\/v2\/types\/product"}],"replies":[{"embeddable":true,"href":"https:\/\/para-pharmacity.tn\/index.php?rest_route=%2Fwp%2Fv2%2Fcomments&post=20687"}],"version-history":[{"count":2,"href":"https:\/\/para-pharmacity.tn\/index.php?rest_route=\/wp\/v2\/product\/20687\/revisions"}],"predecessor-version":[{"id":26436,"href":"https:\/\/para-pharmacity.tn\/index.php?rest_route=\/wp\/v2\/product\/20687\/revisions\/26436"}],"wp:featuredmedia":[{"embeddable":true,"href":"https:\/\/para-pharmacity.tn\/index.php?rest_route=\/wp\/v2\/media\/26435"}],"wp:attachment":[{"href":"https:\/\/para-pharmacity.tn\/index.php?rest_route=%2Fwp%2Fv2%2Fmedia&parent=20687"}],"wp:term":[{"taxonomy":"product_cat","embeddable":true,"href":"https:\/\/para-pharmacity.tn\/index.php?rest_route=%2Fwp%2Fv2%2Fproduct_cat&post=20687"},{"taxonomy":"product_tag","embeddable":true,"href":"https:\/\/para-pharmacity.tn\/index.php?rest_route=%2Fwp%2Fv2%2Fproduct_tag&post=20687"}],"curies":[{"name":"wp","href":"https:\/\/api.w.org\/{rel}","templated":true}]}}