{"id":20685,"date":"2024-07-11T10:16:16","date_gmt":"2024-07-11T10:16:16","guid":{"rendered":"https:\/\/para-pharmacity.tn\/?product=veinax-chausette-homme-3l-classe-2-gris"},"modified":"2025-05-30T11:46:07","modified_gmt":"2025-05-30T11:46:07","slug":"veinax-chausette-homme-3l-classe-2-gris","status":"publish","type":"product","link":"https:\/\/para-pharmacity.tn\/?product=veinax-chausette-homme-3l-classe-2-gris","title":{"rendered":"VEINAX CHAUSETTE HOMME 3L CLASSE 2 GRIS"},"content":{"rendered":"<p>Sympt\u00f4mes de maladie veineuse chronique d\u00e9butante.<\/p>\n<p>Varices de petit calibre.<\/p>\n<p>Pr\u00e9vention de la thrombose veineuse profonde.<\/p>\n<p>Pr\u00e9vention (voyages et longs trajets en avion, phl\u00e9bites et oed\u00e8mes).<\/p>\n<p>B\u00e9n\u00e9fices<\/p>\n<p>Texture tr\u00e8s douce \u00e0 base de coton qui respecte les peaux sensibles<\/p>\n<p>Facilit\u00e9 d\u2019enfi lage<\/p>\n<p>Renfort au talon<\/p>\n<p>Se porte aussi bien par Monsieur que par Madame<\/p>\n<p>Sans latex<\/p>\n<p>*Conseils d utilisation<\/p>\n<p>Appliquer comme une chaussette.<\/p>\n","protected":false},"excerpt":{"rendered":"<p>Classe : Classe 2<\/p>\n<p>Couleurs : Noir, Gris , marron<\/p>\n<p>Transparence : Opaque<\/p>\n<p>Pieds : Pieds ferm\u00e9s<\/p>\n<p>Composition : Polyamide, Elasthanne, Coton<\/p>\n<p>La gamme Coton du Laboratoire Veinax est douce et agr\u00e9able au porter gr\u00e2ce au coton qui respectent les peaux sensibles.<\/p>\n<p>Une compression extra douce et r\u00e9sistante, des coutures extra-plates.<\/p>\n<p>Une semelle renforc\u00e9e, un renfort au talon. Facilit\u00e9 d&rsquo;enfilage.<\/p>\n","protected":false},"featured_media":26438,"comment_status":"open","ping_status":"closed","template":"","meta":[],"product_cat":[20],"product_tag":[],"class_list":{"0":"post-20685","1":"product","2":"type-product","3":"status-publish","4":"has-post-thumbnail","6":"product_cat-accessories","8":"first","9":"instock","10":"shipping-taxable","11":"purchasable","12":"product-type-simple"},"jetpack_sharing_enabled":true,"_links":{"self":[{"href":"https:\/\/para-pharmacity.tn\/index.php?rest_route=\/wp\/v2\/product\/20685","targetHints":{"allow":["GET"]}}],"collection":[{"href":"https:\/\/para-pharmacity.tn\/index.php?rest_route=\/wp\/v2\/product"}],"about":[{"href":"https:\/\/para-pharmacity.tn\/index.php?rest_route=\/wp\/v2\/types\/product"}],"replies":[{"embeddable":true,"href":"https:\/\/para-pharmacity.tn\/index.php?rest_route=%2Fwp%2Fv2%2Fcomments&post=20685"}],"version-history":[{"count":2,"href":"https:\/\/para-pharmacity.tn\/index.php?rest_route=\/wp\/v2\/product\/20685\/revisions"}],"predecessor-version":[{"id":26439,"href":"https:\/\/para-pharmacity.tn\/index.php?rest_route=\/wp\/v2\/product\/20685\/revisions\/26439"}],"wp:featuredmedia":[{"embeddable":true,"href":"https:\/\/para-pharmacity.tn\/index.php?rest_route=\/wp\/v2\/media\/26438"}],"wp:attachment":[{"href":"https:\/\/para-pharmacity.tn\/index.php?rest_route=%2Fwp%2Fv2%2Fmedia&parent=20685"}],"wp:term":[{"taxonomy":"product_cat","embeddable":true,"href":"https:\/\/para-pharmacity.tn\/index.php?rest_route=%2Fwp%2Fv2%2Fproduct_cat&post=20685"},{"taxonomy":"product_tag","embeddable":true,"href":"https:\/\/para-pharmacity.tn\/index.php?rest_route=%2Fwp%2Fv2%2Fproduct_tag&post=20685"}],"curies":[{"name":"wp","href":"https:\/\/api.w.org\/{rel}","templated":true}]}}