{"id":20678,"date":"2024-07-11T10:16:14","date_gmt":"2024-07-11T10:16:14","guid":{"rendered":"https:\/\/para-pharmacity.tn\/?product=uveblock-50-mineral-teinte"},"modified":"2025-05-30T15:13:09","modified_gmt":"2025-05-30T15:13:09","slug":"uveblock-50-mineral-teinte","status":"publish","type":"product","link":"https:\/\/para-pharmacity.tn\/?product=uveblock-50-mineral-teinte","title":{"rendered":"UVEBLOCK 50+ MINERAL TEINTE"},"content":{"rendered":"<div class=\"product-tabs\">\n<div class=\"std new-std\">\n<p>ISISPHARMA\u00a0Uveblock SPF50+ Mineral<br \/>\nCr\u00e8me min\u00e9rale teint\u00e9e tr\u00e8s haute protection\u00a0Peaux intol\u00e9rantes\u00a040ml<\/p>\n<p>La\u00a0Cr\u00e8me Min\u00e9rale Uveblock SPF50+ Mineral\u00a0offre une tr\u00e8s haute protection aux\u00a0peaux\u00a0intol\u00e9rantes\u00a0aux filtres chimiques.<br \/>\nLa cr\u00e8me est l\u00e9g\u00e8rement teint\u00e9e.<br \/>\nElle poss\u00e8de une\u00a0formule\u00a0minimaliste\u00a0pour une tol\u00e9rance extr\u00eame.<br \/>\nLa texture velout\u00e9e de cette cr\u00e8me permet une\u00a0application\u00a0facile.<br \/>\nNe laisse pas de traces.<\/p>\n<\/div>\n<\/div>\n<div class=\"product-tabs\">\n<h3 class=\"tabs-title\">CONSEILS D\u2019UTILISATION<\/h3>\n<div class=\"std new-std\">\n<p>\u00c9viter le contact avec les yeux.<\/p>\n<p>Avant de vous exposer au soleil, appliquez sur une quantit\u00e9 de cr\u00e8me min\u00e9rale sur le visage et cou.<br \/>\nConseil :\u00a0pour prot\u00e9ger au maximum votre peau, renouveler l\u2019application apr\u00e8s la baignade, activit\u00e9 ou frottement.<\/p>\n<\/div>\n<\/div>\n<div class=\"product-tabs\">\n<h3 class=\"tabs-title\">COMPOSITION<\/h3>\n<div class=\"std new-std\">\n<p>Formule INCI : Isohexadecane, Aqua (Water), Titanium Dioxide [Nano] Ethylhexyl Stearate, PEG-30 Dipolhydroxystearate, Glycerin, Nylon-12, Silica, Trihydroxystearin, Alumina, CI 77891 (Titanium Dioxide), Pentylene Glycol, Polyglyceryl-3 Diisostearate, Zinc Oxide [Nano], Stearic Acid, CI 77492 (Iron Oxydes), Chlorphenesin, Sodium Chloride, CI 77491 (Iron Oxides), O-Cymen-5-Ol, CI 77499 (Iron Oxides), Hydrogenated Lecithin, Trithoxycaprylylsilane.<\/p>\n<\/div>\n<\/div>\n","protected":false},"excerpt":{"rendered":"<p>ISISPHARMA<br \/>\nUveblock SPF50+ Mineral<br \/>\nCr\u00e8me min\u00e9rale teint\u00e9e tr\u00e8s haute protection<br \/>\nPeaux intol\u00e9rantes<br \/>\n40ml<\/p>\n","protected":false},"featured_media":26473,"comment_status":"open","ping_status":"closed","template":"","meta":[],"product_cat":[213],"product_tag":[],"class_list":{"0":"post-20678","1":"product","2":"type-product","3":"status-publish","4":"has-post-thumbnail","6":"product_cat-visage","8":"first","9":"instock","10":"shipping-taxable","11":"purchasable","12":"product-type-simple"},"jetpack_sharing_enabled":true,"_links":{"self":[{"href":"https:\/\/para-pharmacity.tn\/index.php?rest_route=\/wp\/v2\/product\/20678","targetHints":{"allow":["GET"]}}],"collection":[{"href":"https:\/\/para-pharmacity.tn\/index.php?rest_route=\/wp\/v2\/product"}],"about":[{"href":"https:\/\/para-pharmacity.tn\/index.php?rest_route=\/wp\/v2\/types\/product"}],"replies":[{"embeddable":true,"href":"https:\/\/para-pharmacity.tn\/index.php?rest_route=%2Fwp%2Fv2%2Fcomments&post=20678"}],"version-history":[{"count":2,"href":"https:\/\/para-pharmacity.tn\/index.php?rest_route=\/wp\/v2\/product\/20678\/revisions"}],"predecessor-version":[{"id":26474,"href":"https:\/\/para-pharmacity.tn\/index.php?rest_route=\/wp\/v2\/product\/20678\/revisions\/26474"}],"wp:featuredmedia":[{"embeddable":true,"href":"https:\/\/para-pharmacity.tn\/index.php?rest_route=\/wp\/v2\/media\/26473"}],"wp:attachment":[{"href":"https:\/\/para-pharmacity.tn\/index.php?rest_route=%2Fwp%2Fv2%2Fmedia&parent=20678"}],"wp:term":[{"taxonomy":"product_cat","embeddable":true,"href":"https:\/\/para-pharmacity.tn\/index.php?rest_route=%2Fwp%2Fv2%2Fproduct_cat&post=20678"},{"taxonomy":"product_tag","embeddable":true,"href":"https:\/\/para-pharmacity.tn\/index.php?rest_route=%2Fwp%2Fv2%2Fproduct_tag&post=20678"}],"curies":[{"name":"wp","href":"https:\/\/api.w.org\/{rel}","templated":true}]}}