{"id":20676,"date":"2024-07-11T10:16:13","date_gmt":"2024-07-11T10:16:13","guid":{"rendered":"https:\/\/para-pharmacity.tn\/?product=uriage-bariederm-daily-serum-cica-10-5"},"modified":"2025-06-02T11:25:27","modified_gmt":"2025-06-02T11:25:27","slug":"uriage-bariederm-daily-serum-cica-10-5","status":"publish","type":"product","link":"https:\/\/para-pharmacity.tn\/?product=uriage-bariederm-daily-serum-cica-10-5","title":{"rendered":"URIAGE BARIEDERM DAILY SERUM CICA 10.5"},"content":{"rendered":"<p><b>Hydrate :<\/b>\u00a0L&rsquo;eau thermale d&rsquo;Uriage associ\u00e9e \u00e0 l&rsquo;acide hyaluronique de haut et bas poids mol\u00e9culaire hydrate en profondeur les peaux fragilis\u00e9es.<\/p>\n<p><b>R\u00e9\u00e9quilibre:<\/b>\u00a0L&rsquo;inuline est un pr\u00e9biotique qui va r\u00e9\u00e9quilibrer le microbiome cutan\u00e9.<\/p>\n<p><b>Apaise et prot\u00e8ge<\/b>: L&rsquo;hydrocotyle est une plante connue pour ses propri\u00e9t\u00e9s r\u00e9paratrices. Elle am\u00e9liore la cicatrisation et r\u00e9duit les ridules en favorisant la synth\u00e8se de collag\u00e8ne.<\/p>\n<p>Le cuivre et Zinc apportent du confort \u00e0 votre peau gr\u00e2ce \u00e0 leurs actions purifiantes.<\/p>\n<p>Enrichi en dipeptide, ce s\u00e9rum ralenti les signes de l&rsquo;\u00e2ge.<\/p>\n<p><b>Conseil d&rsquo;utilisation :<\/b><\/p>\n<p>Appliquer 1 \u00e0 2 pipettes matin et soir sur l&rsquo;ensemble du visage, avant votre cr\u00e8me, sur une peau parfaitement nettoy\u00e9e et s\u00e9ch\u00e9e.<\/p>\n<p>\u00c9viter le contact avec les yeux.<\/p>\n<p><b>Indication :<\/b>\u00a0Visage. Peaux fragiles.<\/p>\n","protected":false},"excerpt":{"rendered":"<p>Uriage Bari\u00e9derm Cica Daily S\u00e9rum 30 ml est un s\u00e9rum dermatologique haute tol\u00e9rance qui renforce, prot\u00e8ge et r\u00e9pare les peaux agress\u00e9es et fragilis\u00e9es quotidiennement.<\/p>\n","protected":false},"featured_media":26508,"comment_status":"open","ping_status":"closed","template":"","meta":[],"product_cat":[213],"product_tag":[],"class_list":{"0":"post-20676","1":"product","2":"type-product","3":"status-publish","4":"has-post-thumbnail","6":"product_cat-visage","8":"first","9":"instock","10":"shipping-taxable","11":"purchasable","12":"product-type-simple"},"jetpack_sharing_enabled":true,"_links":{"self":[{"href":"https:\/\/para-pharmacity.tn\/index.php?rest_route=\/wp\/v2\/product\/20676","targetHints":{"allow":["GET"]}}],"collection":[{"href":"https:\/\/para-pharmacity.tn\/index.php?rest_route=\/wp\/v2\/product"}],"about":[{"href":"https:\/\/para-pharmacity.tn\/index.php?rest_route=\/wp\/v2\/types\/product"}],"replies":[{"embeddable":true,"href":"https:\/\/para-pharmacity.tn\/index.php?rest_route=%2Fwp%2Fv2%2Fcomments&post=20676"}],"version-history":[{"count":2,"href":"https:\/\/para-pharmacity.tn\/index.php?rest_route=\/wp\/v2\/product\/20676\/revisions"}],"predecessor-version":[{"id":26509,"href":"https:\/\/para-pharmacity.tn\/index.php?rest_route=\/wp\/v2\/product\/20676\/revisions\/26509"}],"wp:featuredmedia":[{"embeddable":true,"href":"https:\/\/para-pharmacity.tn\/index.php?rest_route=\/wp\/v2\/media\/26508"}],"wp:attachment":[{"href":"https:\/\/para-pharmacity.tn\/index.php?rest_route=%2Fwp%2Fv2%2Fmedia&parent=20676"}],"wp:term":[{"taxonomy":"product_cat","embeddable":true,"href":"https:\/\/para-pharmacity.tn\/index.php?rest_route=%2Fwp%2Fv2%2Fproduct_cat&post=20676"},{"taxonomy":"product_tag","embeddable":true,"href":"https:\/\/para-pharmacity.tn\/index.php?rest_route=%2Fwp%2Fv2%2Fproduct_tag&post=20676"}],"curies":[{"name":"wp","href":"https:\/\/api.w.org\/{rel}","templated":true}]}}