{"id":20675,"date":"2024-07-11T10:16:13","date_gmt":"2024-07-11T10:16:13","guid":{"rendered":"https:\/\/para-pharmacity.tn\/?product=uriage-bariederm-cica-cr-cuivre-spf"},"modified":"2025-06-02T12:45:58","modified_gmt":"2025-06-02T12:45:58","slug":"uriage-bariederm-cica-cr-cuivre-spf","status":"publish","type":"product","link":"https:\/\/para-pharmacity.tn\/?product=uriage-bariederm-cica-cr-cuivre-spf","title":{"rendered":"URIAGE BARIEDERM CICA CR CUIVRE SPF"},"content":{"rendered":"<div class=\"widget__content\">\n<p>Cette cr\u00e8me protectrice et r\u00e9paratrice est le soin id\u00e9al pour les peaux fragilis\u00e9es \u00e0 la suite d\u2019agressions diverses pouvant \u00eatre expos\u00e9es au soleil : Sensations de d\u00e9mangeaisons, \u00e9chauffements, post-actes dermo-esth\u00e9tiques, tatouages&#8230;<\/p>\n<p>Isole et Prot\u00e8ge<\/p>\n<\/div>\n<p>Double protection : Le brevet Poly-2P cr\u00e9e un \u00ab effet barri\u00e8re \u00bb imm\u00e9diat non-occlusif pour isoler et prot\u00e9ger la peau des agents ext\u00e9rieurs. La tr\u00e8s haute protection solaire SPF50+ prot\u00e8ge et aide \u00e0 pr\u00e9venir les marques post-cicatricielles (taches brunes ou rouges).<\/p>\n<ul class=\"list-steps\">\n<li>\n<h2>R\u00e9pare<\/h2>\n<p>Le complexe brevet\u00e9 GF-Repair stimule les facteurs de croissance pour favoriser la r\u00e9paration de l\u2019\u00e9piderme.<\/li>\n<li>\n<h2>Assainit et Apaise<\/h2>\n<p>L\u2019Eau Thermale d\u2019Uriage associ\u00e9 au D-Panth\u00e9nol apaise imm\u00e9diatement et durablement les irritations. Le Cuivre-Zinc aide \u00e0 limiter le risque de prolif\u00e9ration bact\u00e9rienne.<\/li>\n<\/ul>\n","protected":false},"excerpt":{"rendered":"<div id=\"product-description-short-4655\" class=\"product-description\">\n<p>Cette cr\u00e8me protectrice et r\u00e9paratrice est le soin id\u00e9al pour les peaux sensibles<\/p>\n<\/div>\n","protected":false},"featured_media":26529,"comment_status":"open","ping_status":"closed","template":"","meta":[],"product_cat":[213],"product_tag":[],"class_list":{"0":"post-20675","1":"product","2":"type-product","3":"status-publish","4":"has-post-thumbnail","6":"product_cat-visage","8":"first","9":"instock","10":"shipping-taxable","11":"purchasable","12":"product-type-simple"},"jetpack_sharing_enabled":true,"_links":{"self":[{"href":"https:\/\/para-pharmacity.tn\/index.php?rest_route=\/wp\/v2\/product\/20675","targetHints":{"allow":["GET"]}}],"collection":[{"href":"https:\/\/para-pharmacity.tn\/index.php?rest_route=\/wp\/v2\/product"}],"about":[{"href":"https:\/\/para-pharmacity.tn\/index.php?rest_route=\/wp\/v2\/types\/product"}],"replies":[{"embeddable":true,"href":"https:\/\/para-pharmacity.tn\/index.php?rest_route=%2Fwp%2Fv2%2Fcomments&post=20675"}],"version-history":[{"count":2,"href":"https:\/\/para-pharmacity.tn\/index.php?rest_route=\/wp\/v2\/product\/20675\/revisions"}],"predecessor-version":[{"id":26524,"href":"https:\/\/para-pharmacity.tn\/index.php?rest_route=\/wp\/v2\/product\/20675\/revisions\/26524"}],"wp:featuredmedia":[{"embeddable":true,"href":"https:\/\/para-pharmacity.tn\/index.php?rest_route=\/wp\/v2\/media\/26529"}],"wp:attachment":[{"href":"https:\/\/para-pharmacity.tn\/index.php?rest_route=%2Fwp%2Fv2%2Fmedia&parent=20675"}],"wp:term":[{"taxonomy":"product_cat","embeddable":true,"href":"https:\/\/para-pharmacity.tn\/index.php?rest_route=%2Fwp%2Fv2%2Fproduct_cat&post=20675"},{"taxonomy":"product_tag","embeddable":true,"href":"https:\/\/para-pharmacity.tn\/index.php?rest_route=%2Fwp%2Fv2%2Fproduct_tag&post=20675"}],"curies":[{"name":"wp","href":"https:\/\/api.w.org\/{rel}","templated":true}]}}