{"id":20672,"date":"2024-07-11T10:16:11","date_gmt":"2024-07-11T10:16:11","guid":{"rendered":"https:\/\/para-pharmacity.tn\/?product=ultrasun-castera-brume-thermale-300ml"},"modified":"2025-06-04T11:08:04","modified_gmt":"2025-06-04T11:08:04","slug":"ultrasun-castera-brume-thermale-300ml","status":"publish","type":"product","link":"https:\/\/para-pharmacity.tn\/?product=ultrasun-castera-brume-thermale-300ml","title":{"rendered":"ULTRASUN CASTERA BRUME THERMALE 300ML"},"content":{"rendered":"<p>Gr\u00e2ce \u00e0 sa puret\u00e9 et \u00e0 sa composition min\u00e9rale unique, l\u2019Eau thermale de Cast\u00e9ra prend soin des peaux sensibles de toute la famille. Elle est naturellement anti-oxydante, apaisante et cicatrisante. La brume thermale Cast\u00e9ra aide \u00e0 pr\u00e9server la sant\u00e9 de votre peau.<\/p>\n<p>Hypoallerg\u00e9nique, test\u00e9e sous contr\u00f4le dermatologique.<\/p>\n<h4><strong>Conseils d&rsquo;utilisation :<\/strong><\/h4>\n<ul>\n<li>Pulv\u00e9riser aussi souvent que vous souhaitez cette brume \u00e0 15 cm de la peau afin de garantir une pulv\u00e9risation optimale.<\/li>\n<\/ul>\n<ul>\n<li>Laisser agir quelques instants.<\/li>\n<\/ul>\n<ul>\n<li>S\u00e9cher d\u00e9licatement si vous le souhaitez.<\/li>\n<\/ul>\n","protected":false},"excerpt":{"rendered":"<p>Castera Brume Thermale Capacit\u00e9: 300 ml &#8211; Apaisante, anti-irritante &#8211; Naturellement antioxydante &#8211; 100% Eau Thermal\u00a0 &#8211; Adapt\u00e9 aux b\u00e9b\u00e9s<\/p>\n","protected":false},"featured_media":26551,"comment_status":"open","ping_status":"closed","template":"","meta":[],"product_cat":[213],"product_tag":[],"class_list":{"0":"post-20672","1":"product","2":"type-product","3":"status-publish","4":"has-post-thumbnail","6":"product_cat-visage","8":"first","9":"instock","10":"shipping-taxable","11":"purchasable","12":"product-type-simple"},"jetpack_sharing_enabled":true,"_links":{"self":[{"href":"https:\/\/para-pharmacity.tn\/index.php?rest_route=\/wp\/v2\/product\/20672","targetHints":{"allow":["GET"]}}],"collection":[{"href":"https:\/\/para-pharmacity.tn\/index.php?rest_route=\/wp\/v2\/product"}],"about":[{"href":"https:\/\/para-pharmacity.tn\/index.php?rest_route=\/wp\/v2\/types\/product"}],"replies":[{"embeddable":true,"href":"https:\/\/para-pharmacity.tn\/index.php?rest_route=%2Fwp%2Fv2%2Fcomments&post=20672"}],"version-history":[{"count":2,"href":"https:\/\/para-pharmacity.tn\/index.php?rest_route=\/wp\/v2\/product\/20672\/revisions"}],"predecessor-version":[{"id":26552,"href":"https:\/\/para-pharmacity.tn\/index.php?rest_route=\/wp\/v2\/product\/20672\/revisions\/26552"}],"wp:featuredmedia":[{"embeddable":true,"href":"https:\/\/para-pharmacity.tn\/index.php?rest_route=\/wp\/v2\/media\/26551"}],"wp:attachment":[{"href":"https:\/\/para-pharmacity.tn\/index.php?rest_route=%2Fwp%2Fv2%2Fmedia&parent=20672"}],"wp:term":[{"taxonomy":"product_cat","embeddable":true,"href":"https:\/\/para-pharmacity.tn\/index.php?rest_route=%2Fwp%2Fv2%2Fproduct_cat&post=20672"},{"taxonomy":"product_tag","embeddable":true,"href":"https:\/\/para-pharmacity.tn\/index.php?rest_route=%2Fwp%2Fv2%2Fproduct_tag&post=20672"}],"curies":[{"name":"wp","href":"https:\/\/api.w.org\/{rel}","templated":true}]}}