{"id":20668,"date":"2024-07-11T10:16:08","date_gmt":"2024-07-11T10:16:08","guid":{"rendered":"https:\/\/para-pharmacity.tn\/?product=tynor-protege-platre-main-universel"},"modified":"2025-06-11T09:58:58","modified_gmt":"2025-06-11T09:58:58","slug":"tynor-protege-platre-main-universel","status":"publish","type":"product","link":"https:\/\/para-pharmacity.tn\/?product=tynor-protege-platre-main-universel","title":{"rendered":"TYNOR PROTEGE PLATRE MAIN UNIVERSEL"},"content":{"rendered":"<p>Prot\u00e8ge Pl\u00e2tre pour bras est un protecteur g\u00e9n\u00e9rique de pl\u00e2tre\u00a0 bandage\u00a0 plaie, con\u00e7u pour fournir une couverture \u00e9tanche \u00e0 l\u2019eau du pl\u00e2tre\u00a0 pansement\u00a0 plaie et le garder au sec pendant la douche ou la pluie. Il est r\u00e9utilisable.<\/p>\n<p>Joint d\u2019eau automatique<br \/>\nApplication facile \u00e0 tirer.<br \/>\nPas de n\u0153uds, pas de liens.<br \/>\nConception anatomique, mouvements libres des mains ou des pieds<br \/>\nLe diaphragme en caoutchouc est extensible pour s\u2019adapter \u00e0 n\u2019importe quelle taille de bras \/ pl\u00e2tre, forme un joint \u00e9tanche \u00e0 l\u2019eau autour de la jambe. L\u2019application simple et facile \u00e0 tirer est conviviale, il n\u2019est pas n\u00e9cessaire de fixer des bandes ou des sangles.<br \/>\nL\u2019anneau rigide maintient le diaphragme et offre un m\u00e9canisme d\u2019auto-\u00e9tanch\u00e9it\u00e9. Il est facile \u00e0 nettoyer \u00e0 entretenir, \u00e0 porter et \u00e0 enlever.<br \/>\nLe corps flexible transparent est non poreux, \u00e9tanche \u00e0 l\u2019eau, doux, flexible, l\u00e9ger et durable avec une esth\u00e9tique agr\u00e9able. Il abrite confortablement la jambe \/ pl\u00e2tre.<\/p>\n","protected":false},"excerpt":{"rendered":"<p>Prot\u00e8ge Pl\u00e2tre pour Bras est un protecteur g\u00e9n\u00e9rique de pl\u00e2tre \/ bandage \/ plaie, qui rend le raccord \u00e9tanche \u00e0 l&rsquo;eau et maintient votre pl\u00e2tre \/ bandage \/ plaie au sec pendant la douche ou autrement. Il est r\u00e9utilisable.<\/p>\n","protected":false},"featured_media":26567,"comment_status":"open","ping_status":"closed","template":"","meta":[],"product_cat":[20],"product_tag":[],"class_list":{"0":"post-20668","1":"product","2":"type-product","3":"status-publish","4":"has-post-thumbnail","6":"product_cat-accessories","8":"first","9":"instock","10":"shipping-taxable","11":"purchasable","12":"product-type-simple"},"jetpack_sharing_enabled":true,"_links":{"self":[{"href":"https:\/\/para-pharmacity.tn\/index.php?rest_route=\/wp\/v2\/product\/20668","targetHints":{"allow":["GET"]}}],"collection":[{"href":"https:\/\/para-pharmacity.tn\/index.php?rest_route=\/wp\/v2\/product"}],"about":[{"href":"https:\/\/para-pharmacity.tn\/index.php?rest_route=\/wp\/v2\/types\/product"}],"replies":[{"embeddable":true,"href":"https:\/\/para-pharmacity.tn\/index.php?rest_route=%2Fwp%2Fv2%2Fcomments&post=20668"}],"version-history":[{"count":2,"href":"https:\/\/para-pharmacity.tn\/index.php?rest_route=\/wp\/v2\/product\/20668\/revisions"}],"predecessor-version":[{"id":26568,"href":"https:\/\/para-pharmacity.tn\/index.php?rest_route=\/wp\/v2\/product\/20668\/revisions\/26568"}],"wp:featuredmedia":[{"embeddable":true,"href":"https:\/\/para-pharmacity.tn\/index.php?rest_route=\/wp\/v2\/media\/26567"}],"wp:attachment":[{"href":"https:\/\/para-pharmacity.tn\/index.php?rest_route=%2Fwp%2Fv2%2Fmedia&parent=20668"}],"wp:term":[{"taxonomy":"product_cat","embeddable":true,"href":"https:\/\/para-pharmacity.tn\/index.php?rest_route=%2Fwp%2Fv2%2Fproduct_cat&post=20668"},{"taxonomy":"product_tag","embeddable":true,"href":"https:\/\/para-pharmacity.tn\/index.php?rest_route=%2Fwp%2Fv2%2Fproduct_tag&post=20668"}],"curies":[{"name":"wp","href":"https:\/\/api.w.org\/{rel}","templated":true}]}}