{"id":20664,"date":"2024-07-11T10:16:07","date_gmt":"2024-07-11T10:16:07","guid":{"rendered":"https:\/\/para-pharmacity.tn\/?product=tynor-genoulliere-ligamentaire-ar-f-3"},"modified":"2025-06-11T11:04:15","modified_gmt":"2025-06-11T11:04:15","slug":"tynor-genoulliere-ligamentaire-ar-f-3","status":"publish","type":"product","link":"https:\/\/para-pharmacity.tn\/?product=tynor-genoulliere-ligamentaire-ar-f-3","title":{"rendered":"TYNOR GENOULLIERE LIGAMENTAIRE AR F"},"content":{"rendered":"<p>La genouill\u00e8re \u00e9lastique Tynor D-08 offre l\u2019avantage d\u2019une compression contr\u00f4l\u00e9e autour du genou et d\u2019une immobilisation lat\u00e9rale rigide et du soutien d\u2019une attelle. Elle permet une flexion normale et un mouvement libre de l\u2019articulation du genou.<\/p>\n<p>Utilisations :<br \/>\nElle est utilis\u00e9e pour fournir un soutien \u00e0 l\u2019articulation du genou et aux ligaments.<\/p>\n<p>Sp\u00e9cifications et caract\u00e9ristiques du produit :<br \/>\nApplication et retrait faciles sur les genoux gonfl\u00e9s ou asym\u00e9triques<br \/>\nApplication et retrait faciles pour les patients faibles ou g\u00e9riatriques<br \/>\nPermet une compression personnalis\u00e9e<br \/>\nAssure l\u2019absence de flambage lors de la flexion<br \/>\nPas de vasoconstriction sur la zone dorsale<br \/>\nPeut \u00eatre utilis\u00e9 pour les maladies f\u00e9moro-patellaires<br \/>\nMouvement de flexion libre<\/p>\n","protected":false},"excerpt":{"rendered":"<div class=\"woocommerce-product-details__short-description\">\n<p>La genouill\u00e8re \u00e9lastique Tynor D-08 offre l\u2019avantage d\u2019une compression contr\u00f4l\u00e9e autour du genou et d\u2019une immobilisation lat\u00e9rale rigide et du soutien de l\u2019 attelle.<\/p>\n<\/div>\n","protected":false},"featured_media":26584,"comment_status":"open","ping_status":"closed","template":"","meta":[],"product_cat":[20],"product_tag":[],"class_list":{"0":"post-20664","1":"product","2":"type-product","3":"status-publish","4":"has-post-thumbnail","6":"product_cat-accessories","8":"first","9":"instock","10":"shipping-taxable","11":"purchasable","12":"product-type-simple"},"jetpack_sharing_enabled":true,"_links":{"self":[{"href":"https:\/\/para-pharmacity.tn\/index.php?rest_route=\/wp\/v2\/product\/20664","targetHints":{"allow":["GET"]}}],"collection":[{"href":"https:\/\/para-pharmacity.tn\/index.php?rest_route=\/wp\/v2\/product"}],"about":[{"href":"https:\/\/para-pharmacity.tn\/index.php?rest_route=\/wp\/v2\/types\/product"}],"replies":[{"embeddable":true,"href":"https:\/\/para-pharmacity.tn\/index.php?rest_route=%2Fwp%2Fv2%2Fcomments&post=20664"}],"version-history":[{"count":2,"href":"https:\/\/para-pharmacity.tn\/index.php?rest_route=\/wp\/v2\/product\/20664\/revisions"}],"predecessor-version":[{"id":26585,"href":"https:\/\/para-pharmacity.tn\/index.php?rest_route=\/wp\/v2\/product\/20664\/revisions\/26585"}],"wp:featuredmedia":[{"embeddable":true,"href":"https:\/\/para-pharmacity.tn\/index.php?rest_route=\/wp\/v2\/media\/26584"}],"wp:attachment":[{"href":"https:\/\/para-pharmacity.tn\/index.php?rest_route=%2Fwp%2Fv2%2Fmedia&parent=20664"}],"wp:term":[{"taxonomy":"product_cat","embeddable":true,"href":"https:\/\/para-pharmacity.tn\/index.php?rest_route=%2Fwp%2Fv2%2Fproduct_cat&post=20664"},{"taxonomy":"product_tag","embeddable":true,"href":"https:\/\/para-pharmacity.tn\/index.php?rest_route=%2Fwp%2Fv2%2Fproduct_tag&post=20664"}],"curies":[{"name":"wp","href":"https:\/\/api.w.org\/{rel}","templated":true}]}}