{"id":20663,"date":"2024-07-11T10:16:06","date_gmt":"2024-07-11T10:16:06","guid":{"rendered":"https:\/\/para-pharmacity.tn\/?product=tynor-genoulliere-ligament-arti-m"},"modified":"2025-06-11T10:54:57","modified_gmt":"2025-06-11T10:54:57","slug":"tynor-genoulliere-ligament-arti-m","status":"publish","type":"product","link":"https:\/\/para-pharmacity.tn\/?product=tynor-genoulliere-ligament-arti-m","title":{"rendered":"TYNOR GENOULLIERE LIGAMENT ARTI M"},"content":{"rendered":"<p><strong>La Genouill\u00e8re Ligamentaire Articul\u00e9e (avec charni\u00e8re rigide)<\/strong>\u00a0est une conception simplifi\u00e9e mais efficace qui offre l&rsquo;avantage de la compression autour du genou et le soutien d&rsquo;une attelle lat\u00e9rale.\u00a0Il permet une flexion normale du genou.<\/p>\n<ul>\n<li>Cerclage anti garrot<\/li>\n<li>Bon d\u00e9chargement<\/li>\n<li>Mouvement de flexion libre<\/li>\n<li>Extensibilit\u00e9 \u00e0 quatre voies<\/li>\n<\/ul>\n<ul>\n<li>Les charni\u00e8res rigides assurent une attelle lat\u00e9rale solide mais un mouvement de flexion libre.<\/li>\n<li>Bicouche.\u00a0Le coton \u00e0 l&rsquo;int\u00e9rieur assure une interphase dermophile avec la peau, une bonne absorption de la transpiration, un confort et une compliance am\u00e9lior\u00e9s.\u00a0Le nylon \u00e0 l&rsquo;ext\u00e9rieur assure une durabilit\u00e9 \u00e9lev\u00e9e, une excellente esth\u00e9tique et une solidit\u00e9 des couleurs.<\/li>\n<li>Le syst\u00e8me de cerclage anti garrot n&rsquo;assure aucune constriction du flux sanguin d&rsquo;une part mais une meilleure adh\u00e9rence au corps d&rsquo;autre part.<\/li>\n<\/ul>\n","protected":false},"excerpt":{"rendered":"<p><strong>La Genouill\u00e8re Ligamentaire Articul\u00e9e (avec charni\u00e8re rigide)<\/strong>\u00a0est une conception simplifi\u00e9e mais efficace qui offre l&rsquo;avantage de la compression autour du genou et le soutien d&rsquo;une attelle lat\u00e9rale.\u00a0Il permet une flexion normale du genou.<\/p>\n","protected":false},"featured_media":26581,"comment_status":"open","ping_status":"closed","template":"","meta":[],"product_cat":[20],"product_tag":[],"class_list":{"0":"post-20663","1":"product","2":"type-product","3":"status-publish","4":"has-post-thumbnail","6":"product_cat-accessories","8":"first","9":"instock","10":"shipping-taxable","11":"purchasable","12":"product-type-simple"},"jetpack_sharing_enabled":true,"_links":{"self":[{"href":"https:\/\/para-pharmacity.tn\/index.php?rest_route=\/wp\/v2\/product\/20663","targetHints":{"allow":["GET"]}}],"collection":[{"href":"https:\/\/para-pharmacity.tn\/index.php?rest_route=\/wp\/v2\/product"}],"about":[{"href":"https:\/\/para-pharmacity.tn\/index.php?rest_route=\/wp\/v2\/types\/product"}],"replies":[{"embeddable":true,"href":"https:\/\/para-pharmacity.tn\/index.php?rest_route=%2Fwp%2Fv2%2Fcomments&post=20663"}],"version-history":[{"count":2,"href":"https:\/\/para-pharmacity.tn\/index.php?rest_route=\/wp\/v2\/product\/20663\/revisions"}],"predecessor-version":[{"id":26582,"href":"https:\/\/para-pharmacity.tn\/index.php?rest_route=\/wp\/v2\/product\/20663\/revisions\/26582"}],"wp:featuredmedia":[{"embeddable":true,"href":"https:\/\/para-pharmacity.tn\/index.php?rest_route=\/wp\/v2\/media\/26581"}],"wp:attachment":[{"href":"https:\/\/para-pharmacity.tn\/index.php?rest_route=%2Fwp%2Fv2%2Fmedia&parent=20663"}],"wp:term":[{"taxonomy":"product_cat","embeddable":true,"href":"https:\/\/para-pharmacity.tn\/index.php?rest_route=%2Fwp%2Fv2%2Fproduct_cat&post=20663"},{"taxonomy":"product_tag","embeddable":true,"href":"https:\/\/para-pharmacity.tn\/index.php?rest_route=%2Fwp%2Fv2%2Fproduct_tag&post=20663"}],"curies":[{"name":"wp","href":"https:\/\/api.w.org\/{rel}","templated":true}]}}