{"id":20661,"date":"2024-07-11T10:16:06","date_gmt":"2024-07-11T10:16:06","guid":{"rendered":"https:\/\/para-pharmacity.tn\/?product=tynor-genouillere-ligam-art-med"},"modified":"2025-06-11T11:32:01","modified_gmt":"2025-06-11T11:32:01","slug":"tynor-genouillere-ligam-art-med","status":"publish","type":"product","link":"https:\/\/para-pharmacity.tn\/?product=tynor-genouillere-ligam-art-med","title":{"rendered":"TYNOR GENOUILLERE LIGAM ART MED"},"content":{"rendered":"<p>Le support fonctionnel du genou Tynor D-09 Rigide est un dispositif d\u2019ouverture ant\u00e9rieure qui offre l\u2019avantage d\u2019une compression contr\u00f4l\u00e9e autour du genou et d\u2019un support lat\u00e9ral rigide et d\u2019une immobilisation.<\/p>\n<p>Utilisations :<br \/>\nIl permet une flexion normale et un mouvement libre de l\u2019articulation du genou.<\/p>\n<p>Sp\u00e9cifications et caract\u00e9ristiques du produit :<br \/>\nLa charni\u00e8re bi-axiale en aluminium robuste imite l\u2019articulation naturelle du genou, assure une prise en charge compl\u00e8te du poids et permet un mouvement de flexion libre<br \/>\nLe tissu extensible dans les quatre sens offre une compression contr\u00f4l\u00e9e et confortable, sans vasoconstriction<br \/>\nLa conception ouverte de la rotule lib\u00e8re la pression rotulienne et maintient la rotule en position et peut \u00eatre utilis\u00e9e pour les maladies f\u00e9moro-patellaires<br \/>\nConception enveloppante avec fermeture ant\u00e9rieure pour une application et un retrait faciles sur les genoux gonfl\u00e9s ou asym\u00e9triques et permet une compression personnalis\u00e9e<br \/>\nConception ergonomique avec effet anti-garrot \u2014 assure l\u2019absence de restriction du flux sanguin et une meilleure adh\u00e9rence du produit au corps<\/p>\n","protected":false},"excerpt":{"rendered":"<p>Le support fonctionnel du genou Tynor D-09 est un dispositif d\u2019ouverture ant\u00e9rieure qui offre l\u2019avantage d\u2019une compression contr\u00f4l\u00e9e autour du genou et d\u2019un support lat\u00e9ral rigide et d\u2019une immobilisation.<\/p>\n","protected":false},"featured_media":26596,"comment_status":"open","ping_status":"closed","template":"","meta":[],"product_cat":[20],"product_tag":[],"class_list":{"0":"post-20661","1":"product","2":"type-product","3":"status-publish","4":"has-post-thumbnail","6":"product_cat-accessories","8":"first","9":"instock","10":"shipping-taxable","11":"purchasable","12":"product-type-simple"},"jetpack_sharing_enabled":true,"_links":{"self":[{"href":"https:\/\/para-pharmacity.tn\/index.php?rest_route=\/wp\/v2\/product\/20661","targetHints":{"allow":["GET"]}}],"collection":[{"href":"https:\/\/para-pharmacity.tn\/index.php?rest_route=\/wp\/v2\/product"}],"about":[{"href":"https:\/\/para-pharmacity.tn\/index.php?rest_route=\/wp\/v2\/types\/product"}],"replies":[{"embeddable":true,"href":"https:\/\/para-pharmacity.tn\/index.php?rest_route=%2Fwp%2Fv2%2Fcomments&post=20661"}],"version-history":[{"count":2,"href":"https:\/\/para-pharmacity.tn\/index.php?rest_route=\/wp\/v2\/product\/20661\/revisions"}],"predecessor-version":[{"id":26597,"href":"https:\/\/para-pharmacity.tn\/index.php?rest_route=\/wp\/v2\/product\/20661\/revisions\/26597"}],"wp:featuredmedia":[{"embeddable":true,"href":"https:\/\/para-pharmacity.tn\/index.php?rest_route=\/wp\/v2\/media\/26596"}],"wp:attachment":[{"href":"https:\/\/para-pharmacity.tn\/index.php?rest_route=%2Fwp%2Fv2%2Fmedia&parent=20661"}],"wp:term":[{"taxonomy":"product_cat","embeddable":true,"href":"https:\/\/para-pharmacity.tn\/index.php?rest_route=%2Fwp%2Fv2%2Fproduct_cat&post=20661"},{"taxonomy":"product_tag","embeddable":true,"href":"https:\/\/para-pharmacity.tn\/index.php?rest_route=%2Fwp%2Fv2%2Fproduct_tag&post=20661"}],"curies":[{"name":"wp","href":"https:\/\/api.w.org\/{rel}","templated":true}]}}