{"id":20655,"date":"2024-07-11T10:16:04","date_gmt":"2024-07-11T10:16:04","guid":{"rendered":"https:\/\/para-pharmacity.tn\/?product=tynor-cuissiere-s-m-l"},"modified":"2025-06-11T12:27:42","modified_gmt":"2025-06-11T12:27:42","slug":"tynor-cuissiere-s-m-l","status":"publish","type":"product","link":"https:\/\/para-pharmacity.tn\/?product=tynor-cuissiere-s-m-l","title":{"rendered":"TYNOR CUISSIERE S\/M\/L"},"content":{"rendered":"<p>Le support de cuisse Tynor D-14 est utilis\u00e9 en orthop\u00e9die, en traumatologie, entorses, foulures, r\u00e9\u00e9ducation post-chirurgicale et gestion des br\u00fblures pour fournir une compression ferme, de la chaleur et un soutien \u00e0 la zone de la cuisse, pour soulager la douleur et l\u2019inflammation, g\u00e9n\u00e9ralement associ\u00e9es \u00e0 la vieillesse, \u00e0 l\u2019arthrite, aux blessures sportives, etc. Utilisations : Il s\u2019agit d\u2019un tissage extensible dans les quatre sens qui am\u00e9liore le confort et la compression, offre robustesse, stabilit\u00e9 aux cuisses, r\u00e9duit les sympt\u00f4mes de douleur et les crampes aux cuisses. Sp\u00e9cifications et caract\u00e9ristiques du produit :<\/p>\n<p>Soutien \u00e0 la r\u00e9\u00e9ducation post-op\u00e9ratoire, aux blessures sportives, aux entorses et aux foulures<br \/>\nExtensible dans les quatre sens, durable et confortable<br \/>\nIl suffit de tirer sur l\u2019application et elle offre une compression ferme et une chaleur th\u00e9rapeutique<br \/>\nSoutien psychologique aux patients g\u00e9riatriques souffrant de blessures sportives, d\u2019entorses et de foulures<br \/>\nTailles disponibles : S (14,8\u2033-17,2\u2033), M (17,2\u2033-19,6\u2033), L (19,6\u2033-22\u2033) et XL (plus de 22\u2033)<\/p>\n<p>Mode d\u2019emploi :<br \/>\nUtiliser selon les directives du professionnel de la sant\u00e9.<\/p>\n<p>Informations sur la s\u00e9curit\u00e9 :<br \/>\nLire attentivement l\u2019\u00e9tiquette avant utilisation<br \/>\nTenir hors de port\u00e9e des enfants<br \/>\nConserver dans un endroit frais et sec<\/p>\n","protected":false},"excerpt":{"rendered":"<p>Cuissi\u00e8re\u00a0 Tynor est utilis\u00e9 en orthop\u00e9die, en gestion des traumatismes et des br\u00fblures pour fournir une compression ferme, de la chaleur et un soutien \u00e0 la cuisse, pour soulager la douleur et l\u2019inflammation, g\u00e9n\u00e9ralement associ\u00e9es \u00e0 la vieillesse, \u00e0 l\u2019arthrite, aux blessures sportives, etc.<\/p>\n","protected":false},"featured_media":26608,"comment_status":"open","ping_status":"closed","template":"","meta":[],"product_cat":[20],"product_tag":[],"class_list":{"0":"post-20655","1":"product","2":"type-product","3":"status-publish","4":"has-post-thumbnail","6":"product_cat-accessories","8":"first","9":"instock","10":"shipping-taxable","11":"purchasable","12":"product-type-simple"},"jetpack_sharing_enabled":true,"_links":{"self":[{"href":"https:\/\/para-pharmacity.tn\/index.php?rest_route=\/wp\/v2\/product\/20655","targetHints":{"allow":["GET"]}}],"collection":[{"href":"https:\/\/para-pharmacity.tn\/index.php?rest_route=\/wp\/v2\/product"}],"about":[{"href":"https:\/\/para-pharmacity.tn\/index.php?rest_route=\/wp\/v2\/types\/product"}],"replies":[{"embeddable":true,"href":"https:\/\/para-pharmacity.tn\/index.php?rest_route=%2Fwp%2Fv2%2Fcomments&post=20655"}],"version-history":[{"count":2,"href":"https:\/\/para-pharmacity.tn\/index.php?rest_route=\/wp\/v2\/product\/20655\/revisions"}],"predecessor-version":[{"id":26610,"href":"https:\/\/para-pharmacity.tn\/index.php?rest_route=\/wp\/v2\/product\/20655\/revisions\/26610"}],"wp:featuredmedia":[{"embeddable":true,"href":"https:\/\/para-pharmacity.tn\/index.php?rest_route=\/wp\/v2\/media\/26608"}],"wp:attachment":[{"href":"https:\/\/para-pharmacity.tn\/index.php?rest_route=%2Fwp%2Fv2%2Fmedia&parent=20655"}],"wp:term":[{"taxonomy":"product_cat","embeddable":true,"href":"https:\/\/para-pharmacity.tn\/index.php?rest_route=%2Fwp%2Fv2%2Fproduct_cat&post=20655"},{"taxonomy":"product_tag","embeddable":true,"href":"https:\/\/para-pharmacity.tn\/index.php?rest_route=%2Fwp%2Fv2%2Fproduct_tag&post=20655"}],"curies":[{"name":"wp","href":"https:\/\/api.w.org\/{rel}","templated":true}]}}