{"id":20654,"date":"2024-07-11T10:16:03","date_gmt":"2024-07-11T10:16:03","guid":{"rendered":"https:\/\/para-pharmacity.tn\/?product=tynor-corset-dorsolombaire-thorax"},"modified":"2025-06-11T15:01:22","modified_gmt":"2025-06-11T15:01:22","slug":"tynor-corset-dorsolombaire-thorax","status":"publish","type":"product","link":"https:\/\/para-pharmacity.tn\/?product=tynor-corset-dorsolombaire-thorax","title":{"rendered":"TYNOR CORSET DORSOLOMBAIRE THORAX"},"content":{"rendered":"<p>Une immobilisation efficace maintient la colonne vert\u00e9brale en position neutre.<br \/>\nLe tissu 3D offre une apparence agr\u00e9able et une ventilation ad\u00e9quate qui am\u00e9liore le confort de l\u2019utilisateur.<br \/>\nLes bretelles r\u00e9glables assurent un ajustement parfait et une posture correcte des \u00e9paules.<br \/>\nFacile \u00e0 utiliser, l\u00e9ger, taille pratique et durable pour une longue dur\u00e9e de vie fonctionnelle.<br \/>\nDisponible en deux hauteurs et deux circonf\u00e9rences pour s\u2019adapter \u00e0 tous.<br \/>\nAJUSTEMENT EXACT \u2013 Pour un ajustement parfait et plus de confort, nous recommandons \u00e0 l\u2019utilisateur de suivre strictement le tableau des tailles indiqu\u00e9 et la mesure doit \u00eatre prise conform\u00e9ment aux instructions fournies.<\/p>\n","protected":false},"excerpt":{"rendered":"<p>L\u2019attelle urbaine longue de Tynor Taylor est une orth\u00e8se vert\u00e9brale l\u00e9g\u00e8re con\u00e7ue pour fournir un soutien complet et une couverture compl\u00e8te aux sections de la colonne vert\u00e9brale.<\/p>\n","protected":false},"featured_media":26612,"comment_status":"open","ping_status":"closed","template":"","meta":[],"product_cat":[20],"product_tag":[],"class_list":{"0":"post-20654","1":"product","2":"type-product","3":"status-publish","4":"has-post-thumbnail","6":"product_cat-accessories","8":"first","9":"instock","10":"shipping-taxable","11":"purchasable","12":"product-type-simple"},"jetpack_sharing_enabled":true,"_links":{"self":[{"href":"https:\/\/para-pharmacity.tn\/index.php?rest_route=\/wp\/v2\/product\/20654","targetHints":{"allow":["GET"]}}],"collection":[{"href":"https:\/\/para-pharmacity.tn\/index.php?rest_route=\/wp\/v2\/product"}],"about":[{"href":"https:\/\/para-pharmacity.tn\/index.php?rest_route=\/wp\/v2\/types\/product"}],"replies":[{"embeddable":true,"href":"https:\/\/para-pharmacity.tn\/index.php?rest_route=%2Fwp%2Fv2%2Fcomments&post=20654"}],"version-history":[{"count":2,"href":"https:\/\/para-pharmacity.tn\/index.php?rest_route=\/wp\/v2\/product\/20654\/revisions"}],"predecessor-version":[{"id":26613,"href":"https:\/\/para-pharmacity.tn\/index.php?rest_route=\/wp\/v2\/product\/20654\/revisions\/26613"}],"wp:featuredmedia":[{"embeddable":true,"href":"https:\/\/para-pharmacity.tn\/index.php?rest_route=\/wp\/v2\/media\/26612"}],"wp:attachment":[{"href":"https:\/\/para-pharmacity.tn\/index.php?rest_route=%2Fwp%2Fv2%2Fmedia&parent=20654"}],"wp:term":[{"taxonomy":"product_cat","embeddable":true,"href":"https:\/\/para-pharmacity.tn\/index.php?rest_route=%2Fwp%2Fv2%2Fproduct_cat&post=20654"},{"taxonomy":"product_tag","embeddable":true,"href":"https:\/\/para-pharmacity.tn\/index.php?rest_route=%2Fwp%2Fv2%2Fproduct_tag&post=20654"}],"curies":[{"name":"wp","href":"https:\/\/api.w.org\/{rel}","templated":true}]}}