{"id":20649,"date":"2024-07-11T10:16:02","date_gmt":"2024-07-11T10:16:02","guid":{"rendered":"https:\/\/para-pharmacity.tn\/?product=tynor-ceinture-thoracique-simple"},"modified":"2025-06-12T09:20:48","modified_gmt":"2025-06-12T09:20:48","slug":"tynor-ceinture-thoracique-simple","status":"publish","type":"product","link":"https:\/\/para-pharmacity.tn\/?product=tynor-ceinture-thoracique-simple","title":{"rendered":"TYNOR CEINTURE THORACIQUE SIMPLE"},"content":{"rendered":"<p>TYNOR A-09 CEINTURE THORACIQUE SIMPLE Taille\u00a0 S-M-XL<\/p>\n<p>poids l\u00e9ger et la construction mince am\u00e9liore l\u2019observance du patient.<\/p>\n<p>Ethafoam Pad peut \u00eatre plac\u00e9 sur le site de fracture pour renforcer l\u2019action de attelles et la tenue des c\u00f4tes cass\u00e9es.<\/p>\n<p>La sangle poreuse am\u00e9liore la ventilation et le confort du patient.<\/p>\n<p>crochet large et panneau de bande en boucle offre une meilleure tenue et la flexibilit\u00e9 de dimensionnement.<\/p>\n","protected":false},"excerpt":{"rendered":"<p>Ceinture thoracique simple est appliqu\u00e9e sur la r\u00e9gion thoracique et la partie abdominale sup\u00e9rieure pour comprimer et lier la cage thoracique pendant les fractures des c\u00f4tes et les soins postop\u00e9ratoires, tout en offrant une flexibilit\u00e9 suffisante pour une respiration confortable.<\/p>\n","protected":false},"featured_media":26649,"comment_status":"open","ping_status":"closed","template":"","meta":[],"product_cat":[20],"product_tag":[],"class_list":{"0":"post-20649","1":"product","2":"type-product","3":"status-publish","4":"has-post-thumbnail","6":"product_cat-accessories","8":"first","9":"instock","10":"shipping-taxable","11":"purchasable","12":"product-type-simple"},"jetpack_sharing_enabled":true,"_links":{"self":[{"href":"https:\/\/para-pharmacity.tn\/index.php?rest_route=\/wp\/v2\/product\/20649","targetHints":{"allow":["GET"]}}],"collection":[{"href":"https:\/\/para-pharmacity.tn\/index.php?rest_route=\/wp\/v2\/product"}],"about":[{"href":"https:\/\/para-pharmacity.tn\/index.php?rest_route=\/wp\/v2\/types\/product"}],"replies":[{"embeddable":true,"href":"https:\/\/para-pharmacity.tn\/index.php?rest_route=%2Fwp%2Fv2%2Fcomments&post=20649"}],"version-history":[{"count":2,"href":"https:\/\/para-pharmacity.tn\/index.php?rest_route=\/wp\/v2\/product\/20649\/revisions"}],"predecessor-version":[{"id":26651,"href":"https:\/\/para-pharmacity.tn\/index.php?rest_route=\/wp\/v2\/product\/20649\/revisions\/26651"}],"wp:featuredmedia":[{"embeddable":true,"href":"https:\/\/para-pharmacity.tn\/index.php?rest_route=\/wp\/v2\/media\/26649"}],"wp:attachment":[{"href":"https:\/\/para-pharmacity.tn\/index.php?rest_route=%2Fwp%2Fv2%2Fmedia&parent=20649"}],"wp:term":[{"taxonomy":"product_cat","embeddable":true,"href":"https:\/\/para-pharmacity.tn\/index.php?rest_route=%2Fwp%2Fv2%2Fproduct_cat&post=20649"},{"taxonomy":"product_tag","embeddable":true,"href":"https:\/\/para-pharmacity.tn\/index.php?rest_route=%2Fwp%2Fv2%2Fproduct_tag&post=20649"}],"curies":[{"name":"wp","href":"https:\/\/api.w.org\/{rel}","templated":true}]}}