{"id":20646,"date":"2024-07-11T10:16:01","date_gmt":"2024-07-11T10:16:01","guid":{"rendered":"https:\/\/para-pharmacity.tn\/?product=tynor-ceinture-lombo-renf-aere"},"modified":"2025-06-12T09:56:15","modified_gmt":"2025-06-12T09:56:15","slug":"tynor-ceinture-lombo-renf-aere","status":"publish","type":"product","link":"https:\/\/para-pharmacity.tn\/?product=tynor-ceinture-lombo-renf-aere","title":{"rendered":"TYNOR CEINTURE LOMBO RENF AERE"},"content":{"rendered":"<p><strong>Ceinture Lombaire<\/strong>\u00a0offre l\u2019avantage d\u2019une conception avanc\u00e9e et des mat\u00e9riaux techniquement corrects afin de fournir au patient un soutien et une immobilisation efficaces d\u2019une part et une excellente esth\u00e9tique et un confort de l\u2019autre.\u00a0Le lombopore maintient les r\u00e9gions lombaire et sacr\u00e9e en position neutre pour apaiser le syndrome de la lombalgie.<\/p>\n<ul>\n<li>Extra poreux<\/li>\n<li>Forme anatomique<\/li>\n<li>Esth\u00e9tiquement plaisant<\/li>\n<li>M\u00e9canisme \u00e0 double traction<\/li>\n<li>Attelles profil\u00e9es semi-rigides<\/li>\n<\/ul>\n<ul>\n<li>L\u2019\u00e9lastique d\u00e9nud\u00e9 monofilament est durable et a une meilleure compression.\u00a0Il est l\u00e9ger et tr\u00e8s poreux, ce qui offre plus de ventilation et am\u00e9liore le confort.<\/li>\n<li>Les attelles anatomiques, pr\u00e9form\u00e9es et semi-rigides assurent un ajustement parfait, une meilleure immobilisation et un confort accru.\u00a0Il soulage le stress musculaire d\u00fb \u00e0 une mauvaise posture.<\/li>\n<li>Le tissu intercalaire \u00e0 l\u2019arri\u00e8re am\u00e9liore l\u2019amorti m\u00eame dans les sections transversales minces, permet une action d\u2019attelle efficace, en raison de la proximit\u00e9 du corps.<\/li>\n<li>Le m\u00e9canisme \u00e9lastique \u00e0 double traction offre une compression suppl\u00e9mentaire pour une action d\u2019attelle efficace et une prise ferme.<\/li>\n<li>Le large panneau crochet-boucle assure une application facile et une meilleure flexibilit\u00e9 de dimensionnement.<\/li>\n<\/ul>\n","protected":false},"excerpt":{"rendered":"<p>La ceinture lombopore de Tynor est con\u00e7ue pour offrir un soutien efficace \u00e0 ceux qui souffrent de douleurs au bas du dos. Elle est particuli\u00e8rement utile dans les conditions suivantes : spondylarthrite lombaire, faible mal de dos, spondylolisth\u00e9sis, mauvaise posture et disque gliss\u00e9.<\/p>\n","protected":false},"featured_media":26657,"comment_status":"open","ping_status":"closed","template":"","meta":[],"product_cat":[20],"product_tag":[],"class_list":{"0":"post-20646","1":"product","2":"type-product","3":"status-publish","4":"has-post-thumbnail","6":"product_cat-accessories","8":"first","9":"instock","10":"shipping-taxable","11":"purchasable","12":"product-type-simple"},"jetpack_sharing_enabled":true,"_links":{"self":[{"href":"https:\/\/para-pharmacity.tn\/index.php?rest_route=\/wp\/v2\/product\/20646","targetHints":{"allow":["GET"]}}],"collection":[{"href":"https:\/\/para-pharmacity.tn\/index.php?rest_route=\/wp\/v2\/product"}],"about":[{"href":"https:\/\/para-pharmacity.tn\/index.php?rest_route=\/wp\/v2\/types\/product"}],"replies":[{"embeddable":true,"href":"https:\/\/para-pharmacity.tn\/index.php?rest_route=%2Fwp%2Fv2%2Fcomments&post=20646"}],"version-history":[{"count":2,"href":"https:\/\/para-pharmacity.tn\/index.php?rest_route=\/wp\/v2\/product\/20646\/revisions"}],"predecessor-version":[{"id":26658,"href":"https:\/\/para-pharmacity.tn\/index.php?rest_route=\/wp\/v2\/product\/20646\/revisions\/26658"}],"wp:featuredmedia":[{"embeddable":true,"href":"https:\/\/para-pharmacity.tn\/index.php?rest_route=\/wp\/v2\/media\/26657"}],"wp:attachment":[{"href":"https:\/\/para-pharmacity.tn\/index.php?rest_route=%2Fwp%2Fv2%2Fmedia&parent=20646"}],"wp:term":[{"taxonomy":"product_cat","embeddable":true,"href":"https:\/\/para-pharmacity.tn\/index.php?rest_route=%2Fwp%2Fv2%2Fproduct_cat&post=20646"},{"taxonomy":"product_tag","embeddable":true,"href":"https:\/\/para-pharmacity.tn\/index.php?rest_route=%2Fwp%2Fv2%2Fproduct_tag&post=20646"}],"curies":[{"name":"wp","href":"https:\/\/api.w.org\/{rel}","templated":true}]}}