{"id":20640,"date":"2024-07-11T10:15:57","date_gmt":"2024-07-11T10:15:57","guid":{"rendered":"https:\/\/para-pharmacity.tn\/?product=tynor-ceinture-abdominale-large-a03"},"modified":"2025-06-12T11:01:59","modified_gmt":"2025-06-12T11:01:59","slug":"tynor-ceinture-abdominale-large-a03","status":"publish","type":"product","link":"https:\/\/para-pharmacity.tn\/?product=tynor-ceinture-abdominale-large-a03","title":{"rendered":"TYNOR CEINTURE ABDOMINALE LARGE A03"},"content":{"rendered":"<p>La ceinture abdominale renforc\u00e9e soutient et comprime les muscles abdominaux pour r\u00e9duire la ligne de taille et est utilis\u00e9e comme aide postop\u00e9ratoire ou apr\u00e8s l\u2019accouchement.<\/p>\n<p>Mat\u00e9riaux respirants.Dermophillique.Pas de retournement, pas de flambage.Durable\u00b7 La sangle poreuse \u00e0 trois panneaux am\u00e9liore la ventilation et le confort.<\/p>\n<p>\u00b7 Large panneau de ruban auto-agrippant offrant une meilleure flexibilit\u00e9 de maintien et de dimensionnement.<\/p>\n<p>\u00b7 Compression optimale, tonifie les muscles abdominaux apr\u00e8s une chirurgie ou une grossesse.<\/p>\n<p>\u00b7 Une compression optimale lie les incisions chirurgicales et am\u00e9liore la cicatrisation de l\u2019abdomen et de la poitrine. Fournit un soulagement de la douleur pendant le mouvement ou la toux.<\/p>\n<p>\u00b7 Des rembourrages en nylon sp\u00e9ciaux emp\u00eachent le roulement de la ceinture.<\/p>\n<p>\u00b7 Peut \u00eatre utilis\u00e9 dans une hernie ventrale.<\/p>\n","protected":false},"excerpt":{"rendered":"<p>La ceinture abdominale renforc\u00e9e\u00a0soutient et comprime les muscles abdominaux pour r\u00e9duire la ligne de taille et est utilis\u00e9e comme aide postop\u00e9ratoire ou apr\u00e8s l\u2019accouchement.<\/p>\n","protected":false},"featured_media":26666,"comment_status":"open","ping_status":"closed","template":"","meta":[],"product_cat":[20],"product_tag":[],"class_list":{"0":"post-20640","1":"product","2":"type-product","3":"status-publish","4":"has-post-thumbnail","6":"product_cat-accessories","8":"first","9":"instock","10":"shipping-taxable","11":"purchasable","12":"product-type-simple"},"jetpack_sharing_enabled":true,"_links":{"self":[{"href":"https:\/\/para-pharmacity.tn\/index.php?rest_route=\/wp\/v2\/product\/20640","targetHints":{"allow":["GET"]}}],"collection":[{"href":"https:\/\/para-pharmacity.tn\/index.php?rest_route=\/wp\/v2\/product"}],"about":[{"href":"https:\/\/para-pharmacity.tn\/index.php?rest_route=\/wp\/v2\/types\/product"}],"replies":[{"embeddable":true,"href":"https:\/\/para-pharmacity.tn\/index.php?rest_route=%2Fwp%2Fv2%2Fcomments&post=20640"}],"version-history":[{"count":1,"href":"https:\/\/para-pharmacity.tn\/index.php?rest_route=\/wp\/v2\/product\/20640\/revisions"}],"predecessor-version":[{"id":26667,"href":"https:\/\/para-pharmacity.tn\/index.php?rest_route=\/wp\/v2\/product\/20640\/revisions\/26667"}],"wp:featuredmedia":[{"embeddable":true,"href":"https:\/\/para-pharmacity.tn\/index.php?rest_route=\/wp\/v2\/media\/26666"}],"wp:attachment":[{"href":"https:\/\/para-pharmacity.tn\/index.php?rest_route=%2Fwp%2Fv2%2Fmedia&parent=20640"}],"wp:term":[{"taxonomy":"product_cat","embeddable":true,"href":"https:\/\/para-pharmacity.tn\/index.php?rest_route=%2Fwp%2Fv2%2Fproduct_cat&post=20640"},{"taxonomy":"product_tag","embeddable":true,"href":"https:\/\/para-pharmacity.tn\/index.php?rest_route=%2Fwp%2Fv2%2Fproduct_tag&post=20640"}],"curies":[{"name":"wp","href":"https:\/\/api.w.org\/{rel}","templated":true}]}}