{"id":20637,"date":"2024-07-11T10:15:56","date_gmt":"2024-07-11T10:15:56","guid":{"rendered":"https:\/\/para-pharmacity.tn\/?product=tynor-blocage-d-epaule-multi-foncti-2"},"modified":"2025-06-12T13:04:29","modified_gmt":"2025-06-12T13:04:29","slug":"tynor-blocage-d-epaule-multi-foncti-2","status":"publish","type":"product","link":"https:\/\/para-pharmacity.tn\/?product=tynor-blocage-d-epaule-multi-foncti-2","title":{"rendered":"TYNOR BLOCAGE D EPAULE MULTI-FONCTI"},"content":{"rendered":"<p>Clavicle Brace with Buckle est scientifiquement con\u00e7u pour immobiliser, comprimer et assurer l\u2019union lin\u00e9aire des fractures impliquant l\u2019os de la clavicule. Il est utilis\u00e9 l\u00e0 o\u00f9 ni les troubles neuro-vasculaires ne sont graves ni une intervention chirurgicale.<\/p>\n","protected":false},"excerpt":{"rendered":"<p><strong data-start=\"44\" data-end=\"74\">Clavicle Brace with Buckle<\/strong> immobilise et aligne les fractures de la clavicule sans intervention chirurgicale, en l&rsquo;absence de complications neuro-vasculaires.<\/p>\n","protected":false},"featured_media":26672,"comment_status":"open","ping_status":"closed","template":"","meta":[],"product_cat":[20],"product_tag":[],"class_list":{"0":"post-20637","1":"product","2":"type-product","3":"status-publish","4":"has-post-thumbnail","6":"product_cat-accessories","8":"first","9":"instock","10":"shipping-taxable","11":"purchasable","12":"product-type-simple"},"jetpack_sharing_enabled":true,"_links":{"self":[{"href":"https:\/\/para-pharmacity.tn\/index.php?rest_route=\/wp\/v2\/product\/20637","targetHints":{"allow":["GET"]}}],"collection":[{"href":"https:\/\/para-pharmacity.tn\/index.php?rest_route=\/wp\/v2\/product"}],"about":[{"href":"https:\/\/para-pharmacity.tn\/index.php?rest_route=\/wp\/v2\/types\/product"}],"replies":[{"embeddable":true,"href":"https:\/\/para-pharmacity.tn\/index.php?rest_route=%2Fwp%2Fv2%2Fcomments&post=20637"}],"version-history":[{"count":2,"href":"https:\/\/para-pharmacity.tn\/index.php?rest_route=\/wp\/v2\/product\/20637\/revisions"}],"predecessor-version":[{"id":26673,"href":"https:\/\/para-pharmacity.tn\/index.php?rest_route=\/wp\/v2\/product\/20637\/revisions\/26673"}],"wp:featuredmedia":[{"embeddable":true,"href":"https:\/\/para-pharmacity.tn\/index.php?rest_route=\/wp\/v2\/media\/26672"}],"wp:attachment":[{"href":"https:\/\/para-pharmacity.tn\/index.php?rest_route=%2Fwp%2Fv2%2Fmedia&parent=20637"}],"wp:term":[{"taxonomy":"product_cat","embeddable":true,"href":"https:\/\/para-pharmacity.tn\/index.php?rest_route=%2Fwp%2Fv2%2Fproduct_cat&post=20637"},{"taxonomy":"product_tag","embeddable":true,"href":"https:\/\/para-pharmacity.tn\/index.php?rest_route=%2Fwp%2Fv2%2Fproduct_tag&post=20637"}],"curies":[{"name":"wp","href":"https:\/\/api.w.org\/{rel}","templated":true}]}}