{"id":20636,"date":"2024-07-11T10:15:55","date_gmt":"2024-07-11T10:15:55","guid":{"rendered":"https:\/\/para-pharmacity.tn\/?product=tynor-blocage-d-epaule-multi-foncti"},"modified":"2025-06-12T13:10:37","modified_gmt":"2025-06-12T13:10:37","slug":"tynor-blocage-d-epaule-multi-foncti","status":"publish","type":"product","link":"https:\/\/para-pharmacity.tn\/?product=tynor-blocage-d-epaule-multi-foncti","title":{"rendered":"TYNOR BLOCAGE D EPAULE MULTI-FONCTI"},"content":{"rendered":"<p><strong>Blocage d\u2019\u00e9paule multifonctions<\/strong>\u00a0est une conception l\u00e9g\u00e8re, \u00e9l\u00e9gante et intelligente pour assurer l\u2019immobilisation en cas de luxation de l\u2019\u00e9paule et de r\u00e9\u00e9ducation post-op\u00e9ratoire de l\u2019\u00e9paule.\u00a0Il r\u00e9duit l\u2019abduction et la rotation du bras en positionnant le bras pr\u00e8s du corps.<\/p>\n<ul>\n<li>Bien a\u00e9r\u00e9<\/li>\n<li>Intelligent et \u00e9l\u00e9gant<\/li>\n<li>Capuchon de compression suppl\u00e9mentaire<\/li>\n<li>Immobilisation \u00e0 quatre voies<\/li>\n<\/ul>\n<ul>\n<li>C\u2019est une\u00a0<strong>conception scientifique<\/strong>\u00a0qui offre une immobilisation \u00e0 six voies, il est bien<br \/>\nventil\u00e9, confortable, \u00e9l\u00e9gant et intelligent.\u00a0Peut \u00eatre utilis\u00e9 chez les patients ayant des plaies ouvertes autour de l\u2019\u00e9paule.\u00a0Efficace, m\u00eame chez les patients confin\u00e9s au lit.<\/li>\n<li>L\u2019\u00a0<strong>\u00e9paule<\/strong>\u00a0suppl\u00e9mentaire\u00a0am\u00e9liore l\u2019adh\u00e9rence sur l\u2019\u00e9paule bless\u00e9e, am\u00e9liore l\u2019immobilisation, fournit de la chaleur et acc\u00e9l\u00e8re le processus de gu\u00e9rison en plus de renforcer la confiance du patient<\/li>\n<\/ul>\n","protected":false},"excerpt":{"rendered":"<p><strong data-start=\"33\" data-end=\"68\">Blocage d\u2019\u00e9paule multifonctions<\/strong> assure une immobilisation efficace apr\u00e8s luxation ou chirurgie, en limitant l\u2019abduction et la rotation du bras.<\/p>\n","protected":false},"featured_media":26675,"comment_status":"open","ping_status":"closed","template":"","meta":[],"product_cat":[20],"product_tag":[],"class_list":{"0":"post-20636","1":"product","2":"type-product","3":"status-publish","4":"has-post-thumbnail","6":"product_cat-accessories","8":"first","9":"instock","10":"shipping-taxable","11":"purchasable","12":"product-type-simple"},"jetpack_sharing_enabled":true,"_links":{"self":[{"href":"https:\/\/para-pharmacity.tn\/index.php?rest_route=\/wp\/v2\/product\/20636","targetHints":{"allow":["GET"]}}],"collection":[{"href":"https:\/\/para-pharmacity.tn\/index.php?rest_route=\/wp\/v2\/product"}],"about":[{"href":"https:\/\/para-pharmacity.tn\/index.php?rest_route=\/wp\/v2\/types\/product"}],"replies":[{"embeddable":true,"href":"https:\/\/para-pharmacity.tn\/index.php?rest_route=%2Fwp%2Fv2%2Fcomments&post=20636"}],"version-history":[{"count":2,"href":"https:\/\/para-pharmacity.tn\/index.php?rest_route=\/wp\/v2\/product\/20636\/revisions"}],"predecessor-version":[{"id":26676,"href":"https:\/\/para-pharmacity.tn\/index.php?rest_route=\/wp\/v2\/product\/20636\/revisions\/26676"}],"wp:featuredmedia":[{"embeddable":true,"href":"https:\/\/para-pharmacity.tn\/index.php?rest_route=\/wp\/v2\/media\/26675"}],"wp:attachment":[{"href":"https:\/\/para-pharmacity.tn\/index.php?rest_route=%2Fwp%2Fv2%2Fmedia&parent=20636"}],"wp:term":[{"taxonomy":"product_cat","embeddable":true,"href":"https:\/\/para-pharmacity.tn\/index.php?rest_route=%2Fwp%2Fv2%2Fproduct_cat&post=20636"},{"taxonomy":"product_tag","embeddable":true,"href":"https:\/\/para-pharmacity.tn\/index.php?rest_route=%2Fwp%2Fv2%2Fproduct_tag&post=20636"}],"curies":[{"name":"wp","href":"https:\/\/api.w.org\/{rel}","templated":true}]}}