{"id":20628,"date":"2024-07-11T10:15:53","date_gmt":"2024-07-11T10:15:53","guid":{"rendered":"https:\/\/para-pharmacity.tn\/?product=tips-haler-forme-nourisson"},"modified":"2025-06-12T16:17:22","modified_gmt":"2025-06-12T16:17:22","slug":"tips-haler-forme-nourisson","status":"publish","type":"product","link":"https:\/\/para-pharmacity.tn\/?product=tips-haler-forme-nourisson","title":{"rendered":"TIPS HALER FORME NOURISSON"},"content":{"rendered":"<p>Une chambre d\u2019inhalation exclusive, sp\u00e9cifique au nourrisson de 0 \u00e0 1 an.<\/p>\n<p>Une chambre d\u2019inhalation avec un masque adapt\u00e9 \u00e0 la taille du visage du b\u00e9b\u00e9 est indispensable car les nourrissons ne sont pas capables d\u2019utiliser un a\u00e9rosol-doseur. La chambre d\u2019inhalation TipsHaler\u00ae nourrisson est sp\u00e9cialement con\u00e7ue pour optimiser les traitements inhal\u00e9s chez le nourrisson de mois d\u2019un an.<\/p>\n<p>Gr\u00e2ce \u00e0 ses sp\u00e9cificit\u00e9s techniques, elle optimise le d\u00e9p\u00f4t du m\u00e9dicament, dans le poumon profond, l\u00e0 o\u00f9 il est efficace.<\/p>\n<p>Les cortico\u00efdes inhal\u00e9s sont souvent utilis\u00e9s dans le traitement de l\u2019asthme et des maladies respiratoires. Leur inhalation mal ma\u00eetris\u00e9e, notamment chez le b\u00e9b\u00e9 qui pr\u00e9sente un faible volume respiratoire, peut diminuer significativement leur efficacit\u00e9 et g\u00e9n\u00e9rer des effets secondaires locaux et g\u00e9n\u00e9raux. Afin de faciliter l\u2019administration du traitement, une chambre d\u2019inhalation est n\u00e9cessaire.<\/p>\n<p>Placer le masque de TipsHaler\u00ae sur la bouche et le nez de b\u00e9b\u00e9 et appuyer doucement pour une bonne adh\u00e9rence du masque sur le visage.<\/p>\n<p>Appuyer sur l\u2019a\u00e9rosol-doseur pour lib\u00e9rer une dose de m\u00e9dicament et maintenir le masque sur le visage de l\u2019enfant tout en le faisant respirer pendant environ 15 secondes dans la chambre d\u2019inhalation.<\/p>\n<p>Puis \u00f4ter le masque du visage.<\/p>\n<p>Attendre 30 secondes avant d\u2019administrer une nouvelle dose de m\u00e9dicament selon la prescription m\u00e9dicale.<\/p>\n<p>Fabriqu\u00e9 en France, normes ISO 9001 et ISO 13485. Marquage CE.<\/p>\n","protected":false},"excerpt":{"rendered":"<p>Une chambre d\u2019inhalation exclusive, sp\u00e9cifique au nourrisson de 0 \u00e0 1 an. Une chambre d\u2019inhalation avec un masque adapt\u00e9 \u00e0<\/p>\n","protected":false},"featured_media":26725,"comment_status":"open","ping_status":"closed","template":"","meta":[],"product_cat":[230,410],"product_tag":[],"class_list":{"0":"post-20628","1":"product","2":"type-product","3":"status-publish","4":"has-post-thumbnail","6":"product_cat-hygiene","7":"product_cat-sante","9":"first","10":"instock","11":"shipping-taxable","12":"purchasable","13":"product-type-simple"},"jetpack_sharing_enabled":true,"_links":{"self":[{"href":"https:\/\/para-pharmacity.tn\/index.php?rest_route=\/wp\/v2\/product\/20628","targetHints":{"allow":["GET"]}}],"collection":[{"href":"https:\/\/para-pharmacity.tn\/index.php?rest_route=\/wp\/v2\/product"}],"about":[{"href":"https:\/\/para-pharmacity.tn\/index.php?rest_route=\/wp\/v2\/types\/product"}],"replies":[{"embeddable":true,"href":"https:\/\/para-pharmacity.tn\/index.php?rest_route=%2Fwp%2Fv2%2Fcomments&post=20628"}],"version-history":[{"count":2,"href":"https:\/\/para-pharmacity.tn\/index.php?rest_route=\/wp\/v2\/product\/20628\/revisions"}],"predecessor-version":[{"id":26726,"href":"https:\/\/para-pharmacity.tn\/index.php?rest_route=\/wp\/v2\/product\/20628\/revisions\/26726"}],"wp:featuredmedia":[{"embeddable":true,"href":"https:\/\/para-pharmacity.tn\/index.php?rest_route=\/wp\/v2\/media\/26725"}],"wp:attachment":[{"href":"https:\/\/para-pharmacity.tn\/index.php?rest_route=%2Fwp%2Fv2%2Fmedia&parent=20628"}],"wp:term":[{"taxonomy":"product_cat","embeddable":true,"href":"https:\/\/para-pharmacity.tn\/index.php?rest_route=%2Fwp%2Fv2%2Fproduct_cat&post=20628"},{"taxonomy":"product_tag","embeddable":true,"href":"https:\/\/para-pharmacity.tn\/index.php?rest_route=%2Fwp%2Fv2%2Fproduct_tag&post=20628"}],"curies":[{"name":"wp","href":"https:\/\/api.w.org\/{rel}","templated":true}]}}