{"id":20625,"date":"2024-07-11T10:15:52","date_gmt":"2024-07-11T10:15:52","guid":{"rendered":"https:\/\/para-pharmacity.tn\/?product=therapia-calmanxia"},"modified":"2025-06-13T13:18:31","modified_gmt":"2025-06-13T13:18:31","slug":"therapia-calmanxia","status":"publish","type":"product","link":"https:\/\/para-pharmacity.tn\/?product=therapia-calmanxia","title":{"rendered":"THERAPIA CALMANXIA"},"content":{"rendered":"<p><strong>THERAPIA CALMANXIA 30 G\u00c9LULES<\/strong><\/p>\n<ul>\n<li>Il est conseill\u00e9 dans le cas de surmenage, \u00a0de nervosit\u00e9 et d&rsquo;angoisses.<\/li>\n<li>Il est utile dans le cas d&rsquo;insomnies d\u2019origine nerveuse et \u00a0pour les \u00e9tats de stress.<\/li>\n<li>Il est indiqu\u00e9\u00a0pour am\u00e9liorer la qualit\u00e9 du sommeil et diminuer la fr\u00e9quence des r\u00e9veils nocturnes.<\/li>\n<\/ul>\n<p><strong>PROPRI\u00c9T\u00c9S ET MODE D\u2019ACTION:<\/strong><br \/>\nRhodiola :<\/p>\n<ul>\n<li>Acc\u00e9l\u00e9re\u00a0les taux de s\u00e9rotonine et de dopamine en r\u00e9duisant\u00a0le taux de COMT (cat\u00e9chol-O-m\u00e9thyltransf\u00e9rase, qui\u00a0permet de\u00a0d\u00e9grader s\u00e9rotonine et dopamine)<\/li>\n<li>Acc\u00e9l\u00e9re\u00a0l\u2019activit\u00e9 antid\u00e9pressive par inhibition de la monoamine oxydase A (enzymes intervenant dans le catabolisme de la s\u00e9rotonine).<\/li>\n<\/ul>\n<p>Houblon :<\/p>\n<ul>\n<li>Action s\u00e9dative par l\u2019huile essentielle (0,3 \u00e0 1%)<\/li>\n<\/ul>\n<p>M\u00e9lisse :<\/p>\n<ul>\n<li>Il pr\u00e9sente un\u00a0e\ufb00et tranquillisant qui est comparable \u00e0 celui obtenu avec les benzodiaz\u00e9pines<\/li>\n<li>Anxiolytique, la m\u00e9lisse agit au niveau des r\u00e9cepteurs GABA-ergiques,tout en\u00a0augmentant\u00a0le taux de GABA dans le cerveau \u00a0et en inhibant son catabolisme).<\/li>\n<li>L\u2019acide gamma-amino butyrique (GABA) est le principal neurotransmetteur inhibiteur du syst\u00e8me nerveux central.<\/li>\n<\/ul>\n<p>Coquelicot :<\/p>\n<ul>\n<li>Des d\u00e9riv\u00e9s voisins de la rhoeadine sont dopaminergiques et neuroleptiques.<\/li>\n<\/ul>\n<p><strong>COMPOSITION\/<\/strong><br \/>\nAub\u00e9pine, Rhodiola, Houblon, m\u00e9lisse, coquelicot<\/p>\n<p><strong>PR\u00c9CAUTIONS D\u2019EMPLOI:<\/strong><br \/>\nCe traitement ne pr\u00e9sente aucun\u00a0e\ufb00ets ind\u00e9sirables.<\/p>\n","protected":false},"excerpt":{"rendered":"<p>THERAPIA CALMANXIA 30 G\u00c9LULES Il est conseill\u00e9 dans le cas de surmenage, de nervosit\u00e9 et d&rsquo;angoisses. Il est utile dans le cas d&rsquo;insomnies d\u2019origine nerveuse et pour les \u00e9tats de stress.<\/p>\n","protected":false},"featured_media":26785,"comment_status":"open","ping_status":"closed","template":"","meta":[],"product_cat":[204,217],"product_tag":[],"class_list":{"0":"post-20625","1":"product","2":"type-product","3":"status-publish","4":"has-post-thumbnail","6":"product_cat-complement","7":"product_cat-vitamines","9":"first","10":"instock","11":"shipping-taxable","12":"purchasable","13":"product-type-simple"},"jetpack_sharing_enabled":true,"_links":{"self":[{"href":"https:\/\/para-pharmacity.tn\/index.php?rest_route=\/wp\/v2\/product\/20625","targetHints":{"allow":["GET"]}}],"collection":[{"href":"https:\/\/para-pharmacity.tn\/index.php?rest_route=\/wp\/v2\/product"}],"about":[{"href":"https:\/\/para-pharmacity.tn\/index.php?rest_route=\/wp\/v2\/types\/product"}],"replies":[{"embeddable":true,"href":"https:\/\/para-pharmacity.tn\/index.php?rest_route=%2Fwp%2Fv2%2Fcomments&post=20625"}],"version-history":[{"count":2,"href":"https:\/\/para-pharmacity.tn\/index.php?rest_route=\/wp\/v2\/product\/20625\/revisions"}],"predecessor-version":[{"id":26786,"href":"https:\/\/para-pharmacity.tn\/index.php?rest_route=\/wp\/v2\/product\/20625\/revisions\/26786"}],"wp:featuredmedia":[{"embeddable":true,"href":"https:\/\/para-pharmacity.tn\/index.php?rest_route=\/wp\/v2\/media\/26785"}],"wp:attachment":[{"href":"https:\/\/para-pharmacity.tn\/index.php?rest_route=%2Fwp%2Fv2%2Fmedia&parent=20625"}],"wp:term":[{"taxonomy":"product_cat","embeddable":true,"href":"https:\/\/para-pharmacity.tn\/index.php?rest_route=%2Fwp%2Fv2%2Fproduct_cat&post=20625"},{"taxonomy":"product_tag","embeddable":true,"href":"https:\/\/para-pharmacity.tn\/index.php?rest_route=%2Fwp%2Fv2%2Fproduct_tag&post=20625"}],"curies":[{"name":"wp","href":"https:\/\/api.w.org\/{rel}","templated":true}]}}