{"id":20622,"date":"2024-07-11T10:15:50","date_gmt":"2024-07-11T10:15:50","guid":{"rendered":"https:\/\/para-pharmacity.tn\/?product=tartrex-bain-de-bouche-purifiant-au-zinc"},"modified":"2025-06-16T13:12:45","modified_gmt":"2025-06-16T13:12:45","slug":"tartrex-bain-de-bouche-purifiant-au-zinc","status":"publish","type":"product","link":"https:\/\/para-pharmacity.tn\/?product=tartrex-bain-de-bouche-purifiant-au-zinc","title":{"rendered":"TARTREX BAIN DE BOUCHE PURIFIANT AU ZINC"},"content":{"rendered":"<p>Plongez dans une exp\u00e9rience rafra\u00eechissante et revitalisante avec le Bain de Bouche au Zinc Phyt\u00e9al Tartrex.\u00a0<strong>Con\u00e7u pour lutter contre les probl\u00e8mes d&rsquo;haleine d\u00e9sagr\u00e9able<\/strong>, qu&rsquo;ils soient sporadiques ou persistants, ce bain de bouche offre une solution naturelle et efficace.<\/p>\n<h2>Comment \u00e7a marche ?<\/h2>\n<p>Enrichi en huiles essentielles\u00a0<strong>aux propri\u00e9t\u00e9s bienfaisantes telles que le romarin, la menthe et le cypr\u00e8s<\/strong>, il cr\u00e9e une sensation de puret\u00e9 et de propret\u00e9 dans toute la cavit\u00e9 buccale.<\/p>\n<p>Les bienfaits de ce bain de bouche vont bien au-del\u00e0 de la simple fra\u00eecheur. Sa composition intelligente inclut \u00e9galement du zinc, un min\u00e9ral essentiel reconnu pour ses\u00a0<strong>propri\u00e9t\u00e9s antibact\u00e9riennes et purifiantes<\/strong>. En utilisant ce bain de bouche r\u00e9guli\u00e8rement, vous pouvez\u00a0<strong>pr\u00e9venir la formation de la plaque dentaire, r\u00e9duire les risques de probl\u00e8mes gingivaux et prolonger la blancheur naturelle de vos dents<\/strong>.<\/p>\n<p>Son action en profondeur vous aide \u00e0\u00a0<strong>conserver une hygi\u00e8ne buccale optimale<\/strong>, tout en vous\u00a0<strong>offrant une haleine fra\u00eeche et agr\u00e9able<\/strong>, jour apr\u00e8s jour. Adoptez ce Bain de Bouche au Zinc dans votre routine quotidienne pour une bouche revitalis\u00e9e, une confiance renforc\u00e9e et un sourire \u00e9clatant qui rayonne de sant\u00e9. Laissez la puissance des huiles essentielles naturelles et du zinc travailler en harmonie pour une sensation de bien-\u00eatre qui vous accompagne partout, \u00e0 chaque sourire.<\/p>\n","protected":false},"excerpt":{"rendered":"<p>TARTREX Bain de Bouche Purifiant au Zinc est efficace contre la mauvaise haleine chronique ou occasionnelle, gr\u00e2ce \u00e0 sa composition aux huiles essentielles naturelles (romarin, menthe, cypr\u00e8s) . Actif pour purifier la cavit\u00e9 buccale, emp\u00eacher la formation de la plaque dentaire et prolonger la blancheur des dents apr\u00e8s le brossage<\/p>\n","protected":false},"featured_media":26829,"comment_status":"open","ping_status":"closed","template":"","meta":[],"product_cat":[421],"product_tag":[],"class_list":{"0":"post-20622","1":"product","2":"type-product","3":"status-publish","4":"has-post-thumbnail","6":"product_cat-hygiene-buccodentaire","8":"first","9":"instock","10":"shipping-taxable","11":"purchasable","12":"product-type-simple"},"jetpack_sharing_enabled":true,"_links":{"self":[{"href":"https:\/\/para-pharmacity.tn\/index.php?rest_route=\/wp\/v2\/product\/20622","targetHints":{"allow":["GET"]}}],"collection":[{"href":"https:\/\/para-pharmacity.tn\/index.php?rest_route=\/wp\/v2\/product"}],"about":[{"href":"https:\/\/para-pharmacity.tn\/index.php?rest_route=\/wp\/v2\/types\/product"}],"replies":[{"embeddable":true,"href":"https:\/\/para-pharmacity.tn\/index.php?rest_route=%2Fwp%2Fv2%2Fcomments&post=20622"}],"version-history":[{"count":2,"href":"https:\/\/para-pharmacity.tn\/index.php?rest_route=\/wp\/v2\/product\/20622\/revisions"}],"predecessor-version":[{"id":26830,"href":"https:\/\/para-pharmacity.tn\/index.php?rest_route=\/wp\/v2\/product\/20622\/revisions\/26830"}],"wp:featuredmedia":[{"embeddable":true,"href":"https:\/\/para-pharmacity.tn\/index.php?rest_route=\/wp\/v2\/media\/26829"}],"wp:attachment":[{"href":"https:\/\/para-pharmacity.tn\/index.php?rest_route=%2Fwp%2Fv2%2Fmedia&parent=20622"}],"wp:term":[{"taxonomy":"product_cat","embeddable":true,"href":"https:\/\/para-pharmacity.tn\/index.php?rest_route=%2Fwp%2Fv2%2Fproduct_cat&post=20622"},{"taxonomy":"product_tag","embeddable":true,"href":"https:\/\/para-pharmacity.tn\/index.php?rest_route=%2Fwp%2Fv2%2Fproduct_tag&post=20622"}],"curies":[{"name":"wp","href":"https:\/\/api.w.org\/{rel}","templated":true}]}}