{"id":20476,"date":"2024-07-11T10:14:39","date_gmt":"2024-07-11T10:14:39","guid":{"rendered":"https:\/\/para-pharmacity.tn\/?product=heliocare-360-gel-oil-free-pearl"},"modified":"2024-09-12T14:57:12","modified_gmt":"2024-09-12T14:57:12","slug":"heliocare-360-gel-oil-free-pearl","status":"publish","type":"product","link":"https:\/\/para-pharmacity.tn\/?product=heliocare-360-gel-oil-free-pearl","title":{"rendered":"HELIOCARE 360\u00b0 GEL OIL FREE PEARL"},"content":{"rendered":"<h4><span style=\"color: #70ad47\">Description\u00a0:<\/span><\/h4>\n<p><strong>Heliocare 360\u00b0 Color Gel Oil-Free SPF 50+ Pearl 50ml\u00a0<\/strong>est un\u00a0<strong>\u00e9cran solaire teint\u00e9 au toucher sec<\/strong>\u00a0et \u00e0 l&rsquo;indice de protection \u00e9lev\u00e9.<\/p>\n<p>Il prot\u00e8ge la peau des rayons du soleil et\u00a0<strong>couvre les imperfections<\/strong>\u00a0pour un\u00a0<strong>fini naturel<\/strong>\u00a0et un\u00a0<strong>teint unifi\u00e9<\/strong>. Parmi ses nombreux bienfaits pour la peau se distinguent : la protection contre les rayons\u00a0<strong>UVB, UVA et IR<\/strong>, la\u00a0<strong>pr\u00e9vention<\/strong>\u00a0et la\u00a0<strong>r\u00e9paration<\/strong>\u00a0des dommages cellulaires caus\u00e9s par le rayonnement solaire, l&rsquo;am\u00e9lioration de l&rsquo;<strong>hydratation<\/strong>\u00a0de la peau, la r\u00e9duction de la perte d&rsquo;eau trans\u00e9pidermique gr\u00e2ce \u00e0 la pr\u00e9sence d&rsquo;<strong>arginine<\/strong>\u00a0et de cristaux liquides, ainsi que des propri\u00e9t\u00e9s\u00a0<strong>antioxydantes<\/strong>\u00a0et\u00a0<strong>r\u00e9paratrices<\/strong>.<\/p>\n<p>Sa formule oil free dispose d\u2019actifs qui fournissent une action s\u00e9bor\u00e9gulante et associe les avantages d\u2019un photoprotecteur avec ceux d\u2019un maquillage correcteur.<\/p>\n<p>Son\u00a0<strong>action s\u00e9bo-r\u00e9gulatrice<\/strong>\u00a0et\u00a0<strong>matifiante<\/strong>\u00a0contribue \u00e0 r\u00e9duire la brillance et ne laisse aucune sensation grasse.<\/p>\n<p>Elle convient aux\u00a0<strong>peaux mixtes, grasses et \u00e0 tendance acn\u00e9ique<\/strong>.<\/p>\n<p>De plus, sa texture de gel innovante est facile \u00e0 appliquer avec effet mat.<\/p>\n<p>Formul\u00e9e sans huile et sans parabens. Non com\u00e9dog\u00e8ne.<\/p>\n<p>Teinte : Pearl.<\/p>\n<hr \/>\n<h4><span style=\"color: #70ad47\">Conseils d&rsquo;utilisation\u00a0:<\/span><\/h4>\n<p>Agiter avant utilisation.<\/p>\n<p>Appliquer g\u00e9n\u00e9reusement 30 minutes avant l&rsquo;exposition au soleil.<\/p>\n<p>Renouveler fr\u00e9quemment l&rsquo;application, surtout apr\u00e8s vous \u00eatre baign\u00e9 ou avoir transpir\u00e9.<\/p>\n<hr \/>\n<h4><span style=\"color: #70ad47\">Composition :<\/span><\/h4>\n<p>FERNBLOCK FC, VITAMINE C, VITAMINE E, OTZ-10, ROXISOMES, M\u00c9LANINE BIOMIM\u00c9TIQUE FRACTIONN\u00c9E, PHYSAVIE, AMINE G, PHYTOSPHINGOSINES, ARGININE.<\/p>\n<p>*SANS PARABEN.<\/p>\n","protected":false},"excerpt":{"rendered":"<p>Heliocare 360\u00b0 Color Oil Free Gel SPF 50+\u00a0est un\u00a0\u00e9cran solaire teint\u00e9 au toucher sec\u00a0et \u00e0 l&rsquo;indice de protection \u00e9lev\u00e9.<\/p>\n<p>Il prot\u00e8ge la peau des rayons du soleil et couvre les imperfections pour un fini naturel et un teint unifi\u00e9.<\/p>\n","protected":false},"featured_media":24845,"comment_status":"open","ping_status":"closed","template":"","meta":[],"product_cat":[20],"product_tag":[],"class_list":{"0":"post-20476","1":"product","2":"type-product","3":"status-publish","4":"has-post-thumbnail","6":"product_cat-accessories","8":"first","9":"instock","10":"shipping-taxable","11":"product-type-simple"},"jetpack_sharing_enabled":true,"_links":{"self":[{"href":"https:\/\/para-pharmacity.tn\/index.php?rest_route=\/wp\/v2\/product\/20476","targetHints":{"allow":["GET"]}}],"collection":[{"href":"https:\/\/para-pharmacity.tn\/index.php?rest_route=\/wp\/v2\/product"}],"about":[{"href":"https:\/\/para-pharmacity.tn\/index.php?rest_route=\/wp\/v2\/types\/product"}],"replies":[{"embeddable":true,"href":"https:\/\/para-pharmacity.tn\/index.php?rest_route=%2Fwp%2Fv2%2Fcomments&post=20476"}],"version-history":[{"count":2,"href":"https:\/\/para-pharmacity.tn\/index.php?rest_route=\/wp\/v2\/product\/20476\/revisions"}],"predecessor-version":[{"id":24846,"href":"https:\/\/para-pharmacity.tn\/index.php?rest_route=\/wp\/v2\/product\/20476\/revisions\/24846"}],"wp:featuredmedia":[{"embeddable":true,"href":"https:\/\/para-pharmacity.tn\/index.php?rest_route=\/wp\/v2\/media\/24845"}],"wp:attachment":[{"href":"https:\/\/para-pharmacity.tn\/index.php?rest_route=%2Fwp%2Fv2%2Fmedia&parent=20476"}],"wp:term":[{"taxonomy":"product_cat","embeddable":true,"href":"https:\/\/para-pharmacity.tn\/index.php?rest_route=%2Fwp%2Fv2%2Fproduct_cat&post=20476"},{"taxonomy":"product_tag","embeddable":true,"href":"https:\/\/para-pharmacity.tn\/index.php?rest_route=%2Fwp%2Fv2%2Fproduct_tag&post=20476"}],"curies":[{"name":"wp","href":"https:\/\/api.w.org\/{rel}","templated":true}]}}