{"id":20407,"date":"2024-07-11T10:14:09","date_gmt":"2024-07-11T10:14:09","guid":{"rendered":"https:\/\/para-pharmacity.tn\/?product=beesline-ecran-invisible-fluide"},"modified":"2025-05-02T11:00:13","modified_gmt":"2025-05-02T11:00:13","slug":"beesline-ecran-invisible-fluide","status":"publish","type":"product","link":"https:\/\/para-pharmacity.tn\/?product=beesline-ecran-invisible-fluide","title":{"rendered":"BEESLINE ECRAN INVISIBLE FLUIDE"},"content":{"rendered":"<p><strong data-start=\"307\" data-end=\"342\">BEESLINE \u00c9CRAN INVISIBLE FLUIDE<\/strong> est un \u00e9cran solaire innovant formul\u00e9 pour offrir une <strong data-start=\"397\" data-end=\"451\">haute protection solaire \u00e0 large spectre (UVA\/UVB)<\/strong> tout en respectant votre peau. Gr\u00e2ce \u00e0 sa <strong data-start=\"494\" data-end=\"528\">texture ultra-l\u00e9g\u00e8re et fluide<\/strong>, il s\u2019applique facilement et p\u00e9n\u00e8tre rapidement sans laisser de film blanc ni de sensation collante. Enrichi en ingr\u00e9dients hydratants et antioxydants, il prot\u00e8ge contre les dommages du soleil tout en <strong data-start=\"730\" data-end=\"771\">pr\u00e9servant l\u2019\u00e9clat naturel de la peau<\/strong>. Convient \u00e0 tous les types de peau, m\u00eame sensibles, ce fluide invisible est id\u00e9al pour un usage quotidien, sous le maquillage ou seul.<\/p>\n","protected":false},"excerpt":{"rendered":"<p>\u00c9cran solaire fluide invisible, \u00e0 absorption rapide, offrant une haute protection SPF sans traces blanches ni effet gras.<\/p>\n","protected":false},"featured_media":25658,"comment_status":"open","ping_status":"closed","template":"","meta":[],"product_cat":[291],"product_tag":[],"class_list":{"0":"post-20407","1":"product","2":"type-product","3":"status-publish","4":"has-post-thumbnail","6":"product_cat-solaire","8":"first","9":"instock","10":"shipping-taxable","11":"purchasable","12":"product-type-simple"},"jetpack_sharing_enabled":true,"_links":{"self":[{"href":"https:\/\/para-pharmacity.tn\/index.php?rest_route=\/wp\/v2\/product\/20407","targetHints":{"allow":["GET"]}}],"collection":[{"href":"https:\/\/para-pharmacity.tn\/index.php?rest_route=\/wp\/v2\/product"}],"about":[{"href":"https:\/\/para-pharmacity.tn\/index.php?rest_route=\/wp\/v2\/types\/product"}],"replies":[{"embeddable":true,"href":"https:\/\/para-pharmacity.tn\/index.php?rest_route=%2Fwp%2Fv2%2Fcomments&post=20407"}],"version-history":[{"count":3,"href":"https:\/\/para-pharmacity.tn\/index.php?rest_route=\/wp\/v2\/product\/20407\/revisions"}],"predecessor-version":[{"id":25661,"href":"https:\/\/para-pharmacity.tn\/index.php?rest_route=\/wp\/v2\/product\/20407\/revisions\/25661"}],"wp:featuredmedia":[{"embeddable":true,"href":"https:\/\/para-pharmacity.tn\/index.php?rest_route=\/wp\/v2\/media\/25658"}],"wp:attachment":[{"href":"https:\/\/para-pharmacity.tn\/index.php?rest_route=%2Fwp%2Fv2%2Fmedia&parent=20407"}],"wp:term":[{"taxonomy":"product_cat","embeddable":true,"href":"https:\/\/para-pharmacity.tn\/index.php?rest_route=%2Fwp%2Fv2%2Fproduct_cat&post=20407"},{"taxonomy":"product_tag","embeddable":true,"href":"https:\/\/para-pharmacity.tn\/index.php?rest_route=%2Fwp%2Fv2%2Fproduct_tag&post=20407"}],"curies":[{"name":"wp","href":"https:\/\/api.w.org\/{rel}","templated":true}]}}