{"id":20399,"date":"2024-07-11T10:14:04","date_gmt":"2024-07-11T10:14:04","guid":{"rendered":"https:\/\/para-pharmacity.tn\/?product=babirose-coffret-bb-8pces"},"modified":"2025-04-18T15:17:38","modified_gmt":"2025-04-18T15:17:38","slug":"babirose-coffret-bb-8pces","status":"publish","type":"product","link":"https:\/\/para-pharmacity.tn\/?product=babirose-coffret-bb-8pces","title":{"rendered":"BABIROSE COFFRET BB 8PCES"},"content":{"rendered":"<p>Le coffret Babirose 8 pi\u00e8ces est une solution compl\u00e8te pour le soin quotidien de votre b\u00e9b\u00e9. Con\u00e7u sp\u00e9cialement pour les peaux sensibles des nourrissons, il contient tous les produits indispensables \u00e0 une hygi\u00e8ne douce et s\u00e9curis\u00e9e : gel lavant, shampooing, lait de toilette, cr\u00e8me protectrice, eau de toilette, poudre, coton-tiges et savon. Pratique, \u00e9l\u00e9gant et utile, ce coffret est parfait pour accompagner b\u00e9b\u00e9 d\u00e8s sa naissance, \u00e0 la maison comme en d\u00e9placement. Il constitue \u00e9galement un excellent choix de cadeau pour les jeunes parents.*<\/p>\n","protected":false},"excerpt":{"rendered":"<p>Coffret b\u00e9b\u00e9 complet contenant 8 produits essentiels pour l\u2019hygi\u00e8ne et le soin quotidien des nouveau-n\u00e9s. Id\u00e9al comme trousse de toilette ou cadeau de naissance.<\/p>\n","protected":false},"featured_media":25342,"comment_status":"open","ping_status":"closed","template":"","meta":[],"product_cat":[243],"product_tag":[],"class_list":{"0":"post-20399","1":"product","2":"type-product","3":"status-publish","4":"has-post-thumbnail","6":"product_cat-bebe-et-maman","8":"first","9":"instock","10":"shipping-taxable","11":"purchasable","12":"product-type-simple"},"jetpack_sharing_enabled":true,"_links":{"self":[{"href":"https:\/\/para-pharmacity.tn\/index.php?rest_route=\/wp\/v2\/product\/20399","targetHints":{"allow":["GET"]}}],"collection":[{"href":"https:\/\/para-pharmacity.tn\/index.php?rest_route=\/wp\/v2\/product"}],"about":[{"href":"https:\/\/para-pharmacity.tn\/index.php?rest_route=\/wp\/v2\/types\/product"}],"replies":[{"embeddable":true,"href":"https:\/\/para-pharmacity.tn\/index.php?rest_route=%2Fwp%2Fv2%2Fcomments&post=20399"}],"version-history":[{"count":2,"href":"https:\/\/para-pharmacity.tn\/index.php?rest_route=\/wp\/v2\/product\/20399\/revisions"}],"predecessor-version":[{"id":25344,"href":"https:\/\/para-pharmacity.tn\/index.php?rest_route=\/wp\/v2\/product\/20399\/revisions\/25344"}],"wp:featuredmedia":[{"embeddable":true,"href":"https:\/\/para-pharmacity.tn\/index.php?rest_route=\/wp\/v2\/media\/25342"}],"wp:attachment":[{"href":"https:\/\/para-pharmacity.tn\/index.php?rest_route=%2Fwp%2Fv2%2Fmedia&parent=20399"}],"wp:term":[{"taxonomy":"product_cat","embeddable":true,"href":"https:\/\/para-pharmacity.tn\/index.php?rest_route=%2Fwp%2Fv2%2Fproduct_cat&post=20399"},{"taxonomy":"product_tag","embeddable":true,"href":"https:\/\/para-pharmacity.tn\/index.php?rest_route=%2Fwp%2Fv2%2Fproduct_tag&post=20399"}],"curies":[{"name":"wp","href":"https:\/\/api.w.org\/{rel}","templated":true}]}}