{"id":20397,"date":"2024-07-11T10:14:04","date_gmt":"2024-07-11T10:14:04","guid":{"rendered":"https:\/\/para-pharmacity.tn\/?product=avent-chauffe-bib-275w-355-07"},"modified":"2025-04-18T14:21:32","modified_gmt":"2025-04-18T14:21:32","slug":"avent-chauffe-bib-275w-355-07","status":"publish","type":"product","link":"https:\/\/para-pharmacity.tn\/?product=avent-chauffe-bib-275w-355-07","title":{"rendered":"AVENT CHAUFFE BIB 275W 355\/07"},"content":{"rendered":"<p class=\"\" data-start=\"344\" data-end=\"425\"><span class=\"relative -mx-px my-[-0.2rem] rounded px-px py-[0.2rem] transition-colors duration-100 ease-in-out\">Le <strong data-start=\"3\" data-end=\"53\">chauffe-biberon rapide Philips Avent SCF355\/07<\/strong> est con\u00e7u pour simplifier la pr\u00e9paration des repas de b\u00e9b\u00e9 :<\/span>\u200b<\/p>\n<ul data-start=\"427\" data-end=\"1452\">\n<li class=\"\" data-start=\"427\" data-end=\"546\">\n<p class=\"\" data-start=\"429\" data-end=\"546\"><strong data-start=\"429\" data-end=\"460\">Chauffe rapide en 3 minutes<\/strong> : <span class=\"relative -mx-px my-[-0.2rem] rounded px-px py-[0.2rem] transition-colors duration-100 ease-in-out\">r\u00e9chauffe 150 ml de lait en seulement 3 minutes, id\u00e9al pour les moments press\u00e9s.<\/span>\u200b<strong data-start=\"550\" data-end=\"574\">R\u00e9chauffage uniforme<\/strong> : <span class=\"relative -mx-px my-[-0.2rem] rounded px-px py-[0.2rem] transition-colors duration-100 ease-in-out\">le lait est constamment m\u00e9lang\u00e9 pendant le chauffage, \u00e9vitant ainsi les points chauds.<\/span><\/p>\n<\/li>\n<li class=\"\" data-start=\"664\" data-end=\"789\">\n<p class=\"\" data-start=\"666\" data-end=\"789\"><strong data-start=\"666\" data-end=\"701\">Fonction de d\u00e9cong\u00e9lation douce<\/strong> : <span class=\"relative -mx-px my-[-0.2rem] rounded px-px py-[0.2rem] transition-colors duration-100 ease-in-out\">permet de d\u00e9congeler en toute s\u00e9curit\u00e9 le lait maternel ou les petits pots, plus s\u00fbr qu&rsquo;un micro-ondes.<\/span>\u200b<\/p>\n<\/li>\n<li class=\"\" data-start=\"791\" data-end=\"902\">\n<p class=\"\" data-start=\"793\" data-end=\"902\"><strong data-start=\"793\" data-end=\"814\">Maintien au chaud<\/strong> : <span class=\"relative -mx-px my-[-0.2rem] rounded px-px py-[0.2rem] transition-colors duration-100 ease-in-out\">garde le lait ou la nourriture \u00e0 la temp\u00e9rature id\u00e9ale jusqu&rsquo;\u00e0 60 minutes.<\/span>\u200b<\/p>\n<\/li>\n<li class=\"\" data-start=\"904\" data-end=\"1011\">\n<p class=\"\" data-start=\"906\" data-end=\"1011\"><strong data-start=\"906\" data-end=\"923\">Compatibilit\u00e9<\/strong> : <span class=\"relative -mx-px my-[-0.2rem] rounded px-px py-[0.2rem] transition-colors duration-100 ease-in-out\">fonctionne avec tous les biberons et pots Philips Avent, ainsi que la plupart des autres marques.<\/span>\u200b<strong data-start=\"1015\" data-end=\"1041\">Facilit\u00e9 d&rsquo;utilisation<\/strong> : <span class=\"relative -mx-px my-[-0.2rem] rounded px-px py-[0.2rem] transition-colors duration-100 ease-in-out\">\u00e9quip\u00e9 d&rsquo;un guide de chauffe pratique et d&rsquo;un bouton de commande unique.<\/span>\u200b<\/p>\n<\/li>\n<li class=\"\" data-start=\"1131\" data-end=\"1239\">\n<p class=\"\" data-start=\"1133\" data-end=\"1239\"><strong data-start=\"1133\" data-end=\"1151\">Design compact<\/strong> : <span class=\"relative -mx-px my-[-0.2rem] rounded px-px py-[0.2rem] transition-colors duration-100 ease-in-out\">dimensions de 16 x 13,9 x 14,8 cm, s&rsquo;int\u00e8gre facilement dans la cuisine ou la chambre.<\/span>\u200b<\/p>\n<\/li>\n<li class=\"\" data-start=\"1131\" data-end=\"1239\">\n<p class=\"\" data-start=\"1133\" data-end=\"1239\"><strong data-start=\"1243\" data-end=\"1272\">Sp\u00e9cifications techniques<\/strong> :<\/p>\n<ul data-start=\"1277\" data-end=\"1452\">\n<li class=\"\" data-start=\"1277\" data-end=\"1318\">\n<p class=\"\" data-start=\"1279\" data-end=\"1318\"><span class=\"relative -mx-px my-[-0.2rem] rounded px-px py-[0.2rem] transition-colors duration-100 ease-in-out\">Consommation \u00e9lectrique : 275 W<\/span><\/p>\n<\/li>\n<li class=\"\" data-start=\"1321\" data-end=\"1362\">\n<p class=\"\" data-start=\"1323\" data-end=\"1362\"><span class=\"relative -mx-px my-[-0.2rem] rounded px-px py-[0.2rem] transition-colors duration-100 ease-in-out\">Tension : 220 V~, 50 Hz<\/span><\/p>\n<\/li>\n<li class=\"\" data-start=\"1365\" data-end=\"1452\">\n<p class=\"\" data-start=\"1367\" data-end=\"1452\"><span class=\"relative -mx-px my-[-0.2rem] rounded px-px py-[0.2rem] transition-colors duration-100 ease-in-out\">Dimensions : L16 x H13,9 x P14,8 cm<\/span>\u200b<\/p>\n<\/li>\n<\/ul>\n<\/li>\n<\/ul>\n","protected":false},"excerpt":{"rendered":"<p><span class=\"relative -mx-px my-[-0.2rem] rounded px-px py-[0.2rem] transition-colors duration-100 ease-in-out\">Le chauffe-biberon Philips Avent SCF355\/07 r\u00e9chauffe rapidement et uniform\u00e9ment le lait ou les petits pots en seulement 3 minutes.<\/span> <span class=\"relative -mx-px my-[-0.2rem] rounded px-px py-[0.2rem] transition-colors duration-100 ease-in-out\">Dot\u00e9 de fonctions de d\u00e9cong\u00e9lation douce et de maintien au chaud, il est compatible avec tous les biberons et pots Philips Avent.<\/span> <span class=\"relative -mx-px my-[-0.2rem] rounded px-px py-[0.2rem] transition-colors duration-100 ease-in-out\">Compact et facile \u00e0 utiliser, il est id\u00e9al pour une utilisation quotidienne.<\/span><\/p>\n","protected":false},"featured_media":25324,"comment_status":"open","ping_status":"closed","template":"","meta":[],"product_cat":[243],"product_tag":[],"class_list":{"0":"post-20397","1":"product","2":"type-product","3":"status-publish","4":"has-post-thumbnail","6":"product_cat-bebe-et-maman","8":"first","9":"instock","10":"shipping-taxable","11":"purchasable","12":"product-type-simple"},"jetpack_sharing_enabled":true,"_links":{"self":[{"href":"https:\/\/para-pharmacity.tn\/index.php?rest_route=\/wp\/v2\/product\/20397","targetHints":{"allow":["GET"]}}],"collection":[{"href":"https:\/\/para-pharmacity.tn\/index.php?rest_route=\/wp\/v2\/product"}],"about":[{"href":"https:\/\/para-pharmacity.tn\/index.php?rest_route=\/wp\/v2\/types\/product"}],"replies":[{"embeddable":true,"href":"https:\/\/para-pharmacity.tn\/index.php?rest_route=%2Fwp%2Fv2%2Fcomments&post=20397"}],"version-history":[{"count":2,"href":"https:\/\/para-pharmacity.tn\/index.php?rest_route=\/wp\/v2\/product\/20397\/revisions"}],"predecessor-version":[{"id":25326,"href":"https:\/\/para-pharmacity.tn\/index.php?rest_route=\/wp\/v2\/product\/20397\/revisions\/25326"}],"wp:featuredmedia":[{"embeddable":true,"href":"https:\/\/para-pharmacity.tn\/index.php?rest_route=\/wp\/v2\/media\/25324"}],"wp:attachment":[{"href":"https:\/\/para-pharmacity.tn\/index.php?rest_route=%2Fwp%2Fv2%2Fmedia&parent=20397"}],"wp:term":[{"taxonomy":"product_cat","embeddable":true,"href":"https:\/\/para-pharmacity.tn\/index.php?rest_route=%2Fwp%2Fv2%2Fproduct_cat&post=20397"},{"taxonomy":"product_tag","embeddable":true,"href":"https:\/\/para-pharmacity.tn\/index.php?rest_route=%2Fwp%2Fv2%2Fproduct_tag&post=20397"}],"curies":[{"name":"wp","href":"https:\/\/api.w.org\/{rel}","templated":true}]}}