{"id":20393,"date":"2024-07-11T10:14:02","date_gmt":"2024-07-11T10:14:02","guid":{"rendered":"https:\/\/para-pharmacity.tn\/?product=anycare-chambre-inh-adulte"},"modified":"2025-04-16T08:49:14","modified_gmt":"2025-04-16T08:49:14","slug":"anycare-chambre-inh-adulte","status":"publish","type":"product","link":"https:\/\/para-pharmacity.tn\/?product=anycare-chambre-inh-adulte","title":{"rendered":"ANYCARE CHAMBRE INH ADULTE"},"content":{"rendered":"<p class=\"\" data-start=\"390\" data-end=\"744\">La <strong data-start=\"393\" data-end=\"432\">Chambre d&rsquo;Inhalation Adulte Anycare<\/strong> est un dispositif m\u00e9dical con\u00e7u pour faciliter l&rsquo;inhalation des m\u00e9dicaments sous forme de spray (a\u00e9rosols-doseurs) chez l&rsquo;adulte. Gr\u00e2ce \u00e0 son design ergonomique et <strong data-start=\"597\" data-end=\"613\">antistatique<\/strong>, elle optimise la diffusion des particules m\u00e9dicamenteuses dans les voies respiratoires, garantissant une <strong data-start=\"720\" data-end=\"743\">inhalation efficace<\/strong>.<\/p>\n<p class=\"\" data-start=\"746\" data-end=\"987\">Fabriqu\u00e9e <strong data-start=\"756\" data-end=\"777\">sans latex ni BPA<\/strong>, cette chambre d&rsquo;inhalation est <strong data-start=\"810\" data-end=\"825\">s\u00e9curitaire<\/strong> et respecte les normes de sant\u00e9. Elle est <strong data-start=\"868\" data-end=\"913\">compatible avec tous les a\u00e9rosols-doseurs<\/strong> disponibles sur le march\u00e9 et offre un <strong data-start=\"952\" data-end=\"977\">confort d\u2019utilisation<\/strong> maximal.<\/p>\n<p class=\"\" data-start=\"989\" data-end=\"1273\">De plus, la chambre est <strong data-start=\"1013\" data-end=\"1034\">facile \u00e0 nettoyer<\/strong>, ce qui assure une hygi\u00e8ne optimale apr\u00e8s chaque utilisation. Pratique, elle est id\u00e9ale pour les traitements respiratoires \u00e0 domicile, permettant un soin adapt\u00e9 et rapide en cas de pathologies respiratoires comme l\u2019asthme ou la bronchite.<\/p>\n<p class=\"\" data-start=\"1275\" data-end=\"1297\"><strong data-start=\"1275\" data-end=\"1295\">Caract\u00e9ristiques<\/strong> :<\/p>\n<ul data-start=\"1298\" data-end=\"1476\">\n<li class=\"\" data-start=\"1298\" data-end=\"1346\">\n<p class=\"\" data-start=\"1300\" data-end=\"1346\"><strong data-start=\"1300\" data-end=\"1345\">Compatible avec tous les a\u00e9rosols-doseurs<\/strong>.<\/p>\n<\/li>\n<li class=\"\" data-start=\"1347\" data-end=\"1381\">\n<p class=\"\" data-start=\"1349\" data-end=\"1381\">Fabriqu\u00e9e sans <strong data-start=\"1364\" data-end=\"1380\">latex ni BPA<\/strong>.<\/p>\n<\/li>\n<li class=\"\" data-start=\"1382\" data-end=\"1437\">\n<p class=\"\" data-start=\"1384\" data-end=\"1437\"><strong data-start=\"1384\" data-end=\"1407\">Design antistatique<\/strong> pour une inhalation optimale.<\/p>\n<\/li>\n<li class=\"\" data-start=\"1438\" data-end=\"1476\">\n<p class=\"\" data-start=\"1440\" data-end=\"1476\">Facile \u00e0 utiliser et <strong data-start=\"1461\" data-end=\"1475\">\u00e0 nettoyer<\/strong>.<\/p>\n<\/li>\n<\/ul>\n<p class=\"\" data-start=\"1478\" data-end=\"1645\"><strong data-start=\"1478\" data-end=\"1504\">Conseils d\u2019utilisation<\/strong> : Utiliser en suivant les instructions de votre m\u00e9decin ou pharmacien. Nettoyez apr\u00e8s chaque utilisation pour garantir une hygi\u00e8ne optimale.<\/p>\n","protected":false},"excerpt":{"rendered":"<p>Chambre d\u2019inhalation pour adultes, compatible avec tous les a\u00e9rosols-doseurs. Fabriqu\u00e9e sans latex ni BPA, elle offre une inhalation efficace gr\u00e2ce \u00e0 son design antistatique. Facile \u00e0 utiliser et \u00e0 nettoyer.\u200b<\/p>\n","protected":false},"featured_media":25211,"comment_status":"open","ping_status":"closed","template":"","meta":[],"product_cat":[20],"product_tag":[],"class_list":{"0":"post-20393","1":"product","2":"type-product","3":"status-publish","4":"has-post-thumbnail","6":"product_cat-accessories","8":"first","9":"instock","10":"shipping-taxable","11":"purchasable","12":"product-type-simple"},"jetpack_sharing_enabled":true,"_links":{"self":[{"href":"https:\/\/para-pharmacity.tn\/index.php?rest_route=\/wp\/v2\/product\/20393","targetHints":{"allow":["GET"]}}],"collection":[{"href":"https:\/\/para-pharmacity.tn\/index.php?rest_route=\/wp\/v2\/product"}],"about":[{"href":"https:\/\/para-pharmacity.tn\/index.php?rest_route=\/wp\/v2\/types\/product"}],"replies":[{"embeddable":true,"href":"https:\/\/para-pharmacity.tn\/index.php?rest_route=%2Fwp%2Fv2%2Fcomments&post=20393"}],"version-history":[{"count":2,"href":"https:\/\/para-pharmacity.tn\/index.php?rest_route=\/wp\/v2\/product\/20393\/revisions"}],"predecessor-version":[{"id":25213,"href":"https:\/\/para-pharmacity.tn\/index.php?rest_route=\/wp\/v2\/product\/20393\/revisions\/25213"}],"wp:featuredmedia":[{"embeddable":true,"href":"https:\/\/para-pharmacity.tn\/index.php?rest_route=\/wp\/v2\/media\/25211"}],"wp:attachment":[{"href":"https:\/\/para-pharmacity.tn\/index.php?rest_route=%2Fwp%2Fv2%2Fmedia&parent=20393"}],"wp:term":[{"taxonomy":"product_cat","embeddable":true,"href":"https:\/\/para-pharmacity.tn\/index.php?rest_route=%2Fwp%2Fv2%2Fproduct_cat&post=20393"},{"taxonomy":"product_tag","embeddable":true,"href":"https:\/\/para-pharmacity.tn\/index.php?rest_route=%2Fwp%2Fv2%2Fproduct_tag&post=20393"}],"curies":[{"name":"wp","href":"https:\/\/api.w.org\/{rel}","templated":true}]}}