{"id":20388,"date":"2024-07-11T10:14:01","date_gmt":"2024-07-11T10:14:01","guid":{"rendered":"https:\/\/para-pharmacity.tn\/?product=almaflore-huile-ess-cannelle-ceylan"},"modified":"2025-04-15T15:13:13","modified_gmt":"2025-04-15T15:13:13","slug":"almaflore-huile-ess-cannelle-ceylan","status":"publish","type":"product","link":"https:\/\/para-pharmacity.tn\/?product=almaflore-huile-ess-cannelle-ceylan","title":{"rendered":"ALMAFLORE HUILE ESS CANNELLE CEYLAN"},"content":{"rendered":"<p class=\"\" data-start=\"377\" data-end=\"623\">L\u2019huile essentielle de Cannelle de Ceylan ALMAFLORE est une huile 100% pure, extraite de l\u2019\u00e9corce du cannelier. Tr\u00e8s concentr\u00e9e en actifs, elle est reconnue pour ses propri\u00e9t\u00e9s antibact\u00e9riennes puissantes, antivirales, stimulantes et tonifiantes.<\/p>\n<p class=\"\" data-start=\"625\" data-end=\"925\">Elle aide \u00e0 renforcer l\u2019immunit\u00e9, lutter contre les infections hivernales, stimuler la circulation et redonner de l\u2019\u00e9nergie en cas de fatigue. En diffusion, elle parfume agr\u00e9ablement tout en purifiant l\u2019air. En usage cutan\u00e9, elle doit toujours \u00eatre <strong data-start=\"874\" data-end=\"894\">fortement dilu\u00e9e<\/strong>, car elle est dermo-caustique.<\/p>\n<p class=\"\" data-start=\"927\" data-end=\"1130\"><strong data-start=\"927\" data-end=\"942\">Utilisation<\/strong> : \u00e0 utiliser avec pr\u00e9caution \u2013 toujours diluer dans une huile v\u00e9g\u00e9tale (1 goutte pour 10 \u00e0 20 gouttes d\u2019huile v\u00e9g\u00e9tale). Ne pas utiliser chez la femme enceinte, allaitante ou les enfants.<\/p>\n","protected":false},"excerpt":{"rendered":"<p>Huile essentielle 100% pure et puissante. Antibact\u00e9rienne, stimulante et r\u00e9chauffante. Id\u00e9ale en diffusion ou dilu\u00e9e pour les massages tonifiants.<\/p>\n","protected":false},"featured_media":25148,"comment_status":"open","ping_status":"closed","template":"","meta":[],"product_cat":[211],"product_tag":[],"class_list":{"0":"post-20388","1":"product","2":"type-product","3":"status-publish","4":"has-post-thumbnail","6":"product_cat-cheveux","8":"first","9":"instock","10":"shipping-taxable","11":"purchasable","12":"product-type-simple"},"jetpack_sharing_enabled":true,"_links":{"self":[{"href":"https:\/\/para-pharmacity.tn\/index.php?rest_route=\/wp\/v2\/product\/20388","targetHints":{"allow":["GET"]}}],"collection":[{"href":"https:\/\/para-pharmacity.tn\/index.php?rest_route=\/wp\/v2\/product"}],"about":[{"href":"https:\/\/para-pharmacity.tn\/index.php?rest_route=\/wp\/v2\/types\/product"}],"replies":[{"embeddable":true,"href":"https:\/\/para-pharmacity.tn\/index.php?rest_route=%2Fwp%2Fv2%2Fcomments&post=20388"}],"version-history":[{"count":2,"href":"https:\/\/para-pharmacity.tn\/index.php?rest_route=\/wp\/v2\/product\/20388\/revisions"}],"predecessor-version":[{"id":25149,"href":"https:\/\/para-pharmacity.tn\/index.php?rest_route=\/wp\/v2\/product\/20388\/revisions\/25149"}],"wp:featuredmedia":[{"embeddable":true,"href":"https:\/\/para-pharmacity.tn\/index.php?rest_route=\/wp\/v2\/media\/25148"}],"wp:attachment":[{"href":"https:\/\/para-pharmacity.tn\/index.php?rest_route=%2Fwp%2Fv2%2Fmedia&parent=20388"}],"wp:term":[{"taxonomy":"product_cat","embeddable":true,"href":"https:\/\/para-pharmacity.tn\/index.php?rest_route=%2Fwp%2Fv2%2Fproduct_cat&post=20388"},{"taxonomy":"product_tag","embeddable":true,"href":"https:\/\/para-pharmacity.tn\/index.php?rest_route=%2Fwp%2Fv2%2Fproduct_tag&post=20388"}],"curies":[{"name":"wp","href":"https:\/\/api.w.org\/{rel}","templated":true}]}}