{"id":20385,"date":"2024-07-11T10:14:00","date_gmt":"2024-07-11T10:14:00","guid":{"rendered":"https:\/\/para-pharmacity.tn\/?product=almaflore-huile-de-carthame-10-ml"},"modified":"2025-04-15T11:55:39","modified_gmt":"2025-04-15T11:55:39","slug":"almaflore-huile-de-carthame-10-ml","status":"publish","type":"product","link":"https:\/\/para-pharmacity.tn\/?product=almaflore-huile-de-carthame-10-ml","title":{"rendered":"ALMAFLORE HUILE DE CARTHAME 10 ML"},"content":{"rendered":"<p class=\"\" data-start=\"311\" data-end=\"623\">L\u2019<strong data-start=\"313\" data-end=\"344\">huile de carthame Almaflore<\/strong> est riche en <strong data-start=\"358\" data-end=\"394\">acides gras essentiels (om\u00e9ga-6)<\/strong> et en <strong data-start=\"401\" data-end=\"415\">vitamine K<\/strong>, id\u00e9ale pour les <strong data-start=\"433\" data-end=\"449\">peaux s\u00e8ches<\/strong>, <strong data-start=\"451\" data-end=\"467\">d\u00e9shydrat\u00e9es<\/strong> ou sujettes aux rougeurs. Elle favorise la <strong data-start=\"511\" data-end=\"531\">microcirculation<\/strong>, am\u00e9liore la <strong data-start=\"545\" data-end=\"569\">souplesse de la peau<\/strong> et aide \u00e0 lutter contre le <strong data-start=\"597\" data-end=\"622\">vieillissement cutan\u00e9<\/strong>.<\/p>\n<ul data-start=\"625\" data-end=\"795\">\n<li class=\"\" data-start=\"625\" data-end=\"658\">\n<p class=\"\" data-start=\"627\" data-end=\"658\">R\u00e9hydrate et r\u00e9g\u00e9n\u00e8re la peau<\/p>\n<\/li>\n<li class=\"\" data-start=\"659\" data-end=\"697\">\n<p class=\"\" data-start=\"661\" data-end=\"697\">Am\u00e9liore la texture et la tonicit\u00e9<\/p>\n<\/li>\n<li class=\"\" data-start=\"698\" data-end=\"745\">\n<p class=\"\" data-start=\"700\" data-end=\"745\">Convient aux peaux sensibles ou couperos\u00e9es<\/p>\n<\/li>\n<li class=\"\" data-start=\"746\" data-end=\"795\">\n<p class=\"\" data-start=\"748\" data-end=\"795\">Peut \u00eatre utilis\u00e9e comme soin visage ou massage<\/p>\n<\/li>\n<\/ul>\n","protected":false},"excerpt":{"rendered":"<p class=\"\" data-start=\"131\" data-end=\"230\"><strong data-start=\"131\" data-end=\"168\">Almaflore Huile de Carthame 10 ml<\/strong><br data-start=\"168\" data-end=\"171\" \/>Huile revitalisante pour <strong data-start=\"196\" data-end=\"212\">peaux s\u00e8ches<\/strong> et <strong data-start=\"216\" data-end=\"227\">mat\u00fbres<\/strong>.<\/p>\n<ul data-start=\"231\" data-end=\"271\">\n<li class=\"\" data-start=\"231\" data-end=\"271\">\n<p class=\"\" data-start=\"233\" data-end=\"271\">Nourrit, assouplit et am\u00e9liore l\u2019\u00e9clat<\/p>\n<\/li>\n<\/ul>\n","protected":false},"featured_media":25105,"comment_status":"open","ping_status":"closed","template":"","meta":[],"product_cat":[211],"product_tag":[],"class_list":{"0":"post-20385","1":"product","2":"type-product","3":"status-publish","4":"has-post-thumbnail","6":"product_cat-cheveux","8":"first","9":"instock","10":"shipping-taxable","11":"purchasable","12":"product-type-simple"},"jetpack_sharing_enabled":true,"_links":{"self":[{"href":"https:\/\/para-pharmacity.tn\/index.php?rest_route=\/wp\/v2\/product\/20385","targetHints":{"allow":["GET"]}}],"collection":[{"href":"https:\/\/para-pharmacity.tn\/index.php?rest_route=\/wp\/v2\/product"}],"about":[{"href":"https:\/\/para-pharmacity.tn\/index.php?rest_route=\/wp\/v2\/types\/product"}],"replies":[{"embeddable":true,"href":"https:\/\/para-pharmacity.tn\/index.php?rest_route=%2Fwp%2Fv2%2Fcomments&post=20385"}],"version-history":[{"count":2,"href":"https:\/\/para-pharmacity.tn\/index.php?rest_route=\/wp\/v2\/product\/20385\/revisions"}],"predecessor-version":[{"id":25106,"href":"https:\/\/para-pharmacity.tn\/index.php?rest_route=\/wp\/v2\/product\/20385\/revisions\/25106"}],"wp:featuredmedia":[{"embeddable":true,"href":"https:\/\/para-pharmacity.tn\/index.php?rest_route=\/wp\/v2\/media\/25105"}],"wp:attachment":[{"href":"https:\/\/para-pharmacity.tn\/index.php?rest_route=%2Fwp%2Fv2%2Fmedia&parent=20385"}],"wp:term":[{"taxonomy":"product_cat","embeddable":true,"href":"https:\/\/para-pharmacity.tn\/index.php?rest_route=%2Fwp%2Fv2%2Fproduct_cat&post=20385"},{"taxonomy":"product_tag","embeddable":true,"href":"https:\/\/para-pharmacity.tn\/index.php?rest_route=%2Fwp%2Fv2%2Fproduct_tag&post=20385"}],"curies":[{"name":"wp","href":"https:\/\/api.w.org\/{rel}","templated":true}]}}