{"id":20382,"date":"2024-07-11T10:13:59","date_gmt":"2024-07-11T10:13:59","guid":{"rendered":"https:\/\/para-pharmacity.tn\/?product=almaflore-argile-rose-100-g"},"modified":"2025-04-15T15:06:50","modified_gmt":"2025-04-15T15:06:50","slug":"almaflore-argile-rose-100-g","status":"publish","type":"product","link":"https:\/\/para-pharmacity.tn\/?product=almaflore-argile-rose-100-g","title":{"rendered":"ALMAFLORE ARGILE ROSE 100 G"},"content":{"rendered":"<p class=\"\" data-start=\"349\" data-end=\"727\"><strong data-start=\"349\" data-end=\"374\">Almaflore Argile Rose<\/strong> est un m\u00e9lange d\u2019<strong data-start=\"392\" data-end=\"419\">argile blanche et rouge<\/strong>, r\u00e9put\u00e9e pour sa douceur et ses propri\u00e9t\u00e9s <strong data-start=\"463\" data-end=\"477\">apaisantes<\/strong>. Elle nettoie en profondeur sans agresser la peau, tout en <strong data-start=\"537\" data-end=\"565\">r\u00e9v\u00e9lant l\u2019\u00e9clat naturel<\/strong> du teint. Id\u00e9ale pour les <strong data-start=\"592\" data-end=\"644\">peaux sensibles, ternes ou sujettes aux rougeurs<\/strong>, elle peut \u00eatre utilis\u00e9e en <strong data-start=\"673\" data-end=\"690\">masque visage<\/strong>, <strong data-start=\"692\" data-end=\"706\">cataplasme<\/strong> ou pour le <strong data-start=\"718\" data-end=\"726\">bain<\/strong>.<\/p>\n<p class=\"\" data-start=\"731\" data-end=\"773\">Purifie en douceur et resserre les pores<\/p>\n<p class=\"\" data-start=\"776\" data-end=\"813\">Apaise les <strong data-start=\"787\" data-end=\"811\">irritations cutan\u00e9es<\/strong><\/p>\n<p class=\"\" data-start=\"816\" data-end=\"860\">Redonne <strong data-start=\"824\" data-end=\"833\">\u00e9clat<\/strong> et <strong data-start=\"837\" data-end=\"848\">douceur<\/strong> \u00e0 la peau<\/p>\n<p class=\"\" data-start=\"863\" data-end=\"921\">Convient aussi aux <strong data-start=\"882\" data-end=\"902\">femmes enceintes<\/strong> et peaux d\u00e9licates<\/p>\n","protected":false},"excerpt":{"rendered":"<p class=\"\" data-start=\"125\" data-end=\"251\"><strong data-start=\"125\" data-end=\"156\">Almaflore Argile Rose 100 g<\/strong><br data-start=\"156\" data-end=\"159\" \/>Soin doux pour le <strong data-start=\"177\" data-end=\"199\">visage et le corps<\/strong>, id\u00e9al pour les <strong data-start=\"216\" data-end=\"235\">peaux sensibles<\/strong> et r\u00e9actives.<\/p>\n<p class=\"\" data-start=\"254\" data-end=\"292\">Purifie, apaise et illumine le teint<\/p>\n<p class=\"\" data-start=\"295\" data-end=\"309\">100% naturelle<\/p>\n","protected":false},"featured_media":25146,"comment_status":"open","ping_status":"closed","template":"","meta":[],"product_cat":[211],"product_tag":[],"class_list":{"0":"post-20382","1":"product","2":"type-product","3":"status-publish","4":"has-post-thumbnail","6":"product_cat-cheveux","8":"first","9":"instock","10":"shipping-taxable","11":"purchasable","12":"product-type-simple"},"jetpack_sharing_enabled":true,"_links":{"self":[{"href":"https:\/\/para-pharmacity.tn\/index.php?rest_route=\/wp\/v2\/product\/20382","targetHints":{"allow":["GET"]}}],"collection":[{"href":"https:\/\/para-pharmacity.tn\/index.php?rest_route=\/wp\/v2\/product"}],"about":[{"href":"https:\/\/para-pharmacity.tn\/index.php?rest_route=\/wp\/v2\/types\/product"}],"replies":[{"embeddable":true,"href":"https:\/\/para-pharmacity.tn\/index.php?rest_route=%2Fwp%2Fv2%2Fcomments&post=20382"}],"version-history":[{"count":2,"href":"https:\/\/para-pharmacity.tn\/index.php?rest_route=\/wp\/v2\/product\/20382\/revisions"}],"predecessor-version":[{"id":25070,"href":"https:\/\/para-pharmacity.tn\/index.php?rest_route=\/wp\/v2\/product\/20382\/revisions\/25070"}],"wp:featuredmedia":[{"embeddable":true,"href":"https:\/\/para-pharmacity.tn\/index.php?rest_route=\/wp\/v2\/media\/25146"}],"wp:attachment":[{"href":"https:\/\/para-pharmacity.tn\/index.php?rest_route=%2Fwp%2Fv2%2Fmedia&parent=20382"}],"wp:term":[{"taxonomy":"product_cat","embeddable":true,"href":"https:\/\/para-pharmacity.tn\/index.php?rest_route=%2Fwp%2Fv2%2Fproduct_cat&post=20382"},{"taxonomy":"product_tag","embeddable":true,"href":"https:\/\/para-pharmacity.tn\/index.php?rest_route=%2Fwp%2Fv2%2Fproduct_tag&post=20382"}],"curies":[{"name":"wp","href":"https:\/\/api.w.org\/{rel}","templated":true}]}}