{"id":20381,"date":"2024-07-11T10:13:59","date_gmt":"2024-07-11T10:13:59","guid":{"rendered":"https:\/\/para-pharmacity.tn\/?product=aktiv-vital-arteres"},"modified":"2025-04-14T13:14:42","modified_gmt":"2025-04-14T13:14:42","slug":"aktiv-vital-arteres","status":"publish","type":"product","link":"https:\/\/para-pharmacity.tn\/?product=aktiv-vital-arteres","title":{"rendered":"AKTIV VITAL ARTERES"},"content":{"rendered":"<p class=\"\" data-start=\"432\" data-end=\"940\"><strong data-start=\"432\" data-end=\"455\">AKTIV VITAL ART\u00c8RES<\/strong><br data-start=\"455\" data-end=\"458\" \/>Un compl\u00e9ment alimentaire sp\u00e9cialement formul\u00e9 pour soutenir la <strong data-start=\"522\" data-end=\"543\">sant\u00e9 des art\u00e8res<\/strong> et favoriser une <strong data-start=\"561\" data-end=\"594\">circulation sanguine optimale<\/strong>. Gr\u00e2ce \u00e0 sa combinaison d\u2019<strong data-start=\"621\" data-end=\"632\">om\u00e9ga-3<\/strong>, de <strong data-start=\"637\" data-end=\"651\">vitamine E<\/strong>, et d&rsquo;<strong data-start=\"658\" data-end=\"679\">extraits v\u00e9g\u00e9taux<\/strong>, il aide \u00e0 maintenir une <strong data-start=\"705\" data-end=\"734\">pression art\u00e9rielle saine<\/strong> et \u00e0 prot\u00e9ger les art\u00e8res des dommages caus\u00e9s par le stress oxydatif. Ce produit est id\u00e9al pour les personnes cherchant \u00e0 am\u00e9liorer leur <strong data-start=\"872\" data-end=\"898\">sant\u00e9 cardiovasculaire<\/strong> et \u00e0 maintenir un <strong data-start=\"917\" data-end=\"939\">cholest\u00e9rol normal<\/strong>.<\/p>\n<ul data-start=\"942\" data-end=\"1251\">\n<li class=\"\" data-start=\"942\" data-end=\"1036\">\n<p class=\"\" data-start=\"944\" data-end=\"1036\"><strong data-start=\"944\" data-end=\"955\">Om\u00e9ga-3<\/strong> : contribuent \u00e0 r\u00e9duire l\u2019inflammation et \u00e0 maintenir la souplesse des art\u00e8res<\/p>\n<\/li>\n<li class=\"\" data-start=\"1037\" data-end=\"1131\">\n<p class=\"\" data-start=\"1039\" data-end=\"1131\"><strong data-start=\"1039\" data-end=\"1053\">Vitamine E<\/strong> : puissant antioxydant pour prot\u00e9ger les cellules et les vaisseaux sanguins<\/p>\n<\/li>\n<li class=\"\" data-start=\"1132\" data-end=\"1251\">\n<p class=\"\" data-start=\"1134\" data-end=\"1251\"><strong data-start=\"1134\" data-end=\"1157\">Extraits de plantes<\/strong> : aident \u00e0 am\u00e9liorer la circulation et \u00e0 pr\u00e9venir l\u2019accumulation de graisses dans les art\u00e8res<\/p>\n<\/li>\n<\/ul>\n","protected":false},"excerpt":{"rendered":"<p class=\"\" data-start=\"109\" data-end=\"201\"><strong data-start=\"109\" data-end=\"132\">AKTIV VITAL ART\u00c8RES<\/strong><br data-start=\"132\" data-end=\"135\" \/>Compl\u00e9ment alimentaire pour maintenir la sant\u00e9 cardiovasculaire.<\/p>\n<ul data-start=\"202\" data-end=\"395\">\n<li class=\"\" data-start=\"202\" data-end=\"269\">\n<p class=\"\" data-start=\"204\" data-end=\"269\">Enrichi en <strong data-start=\"215\" data-end=\"226\">om\u00e9ga-3<\/strong>, <strong data-start=\"228\" data-end=\"242\">vitamine E<\/strong> et <strong data-start=\"246\" data-end=\"267\">extraits v\u00e9g\u00e9taux<\/strong><\/p>\n<\/li>\n<li class=\"\" data-start=\"270\" data-end=\"348\">\n<p class=\"\" data-start=\"272\" data-end=\"348\">Contribue \u00e0 la <strong data-start=\"287\" data-end=\"313\">protection des art\u00e8res<\/strong> et \u00e0 la <strong data-start=\"322\" data-end=\"346\">circulation sanguine<\/strong><\/p>\n<\/li>\n<li class=\"\" data-start=\"349\" data-end=\"395\">\n<p class=\"\" data-start=\"351\" data-end=\"395\">Aide \u00e0 maintenir un <strong data-start=\"371\" data-end=\"393\">cholest\u00e9rol normal<\/strong><\/p>\n<\/li>\n<\/ul>\n","protected":false},"featured_media":25018,"comment_status":"open","ping_status":"closed","template":"","meta":[],"product_cat":[204,202],"product_tag":[],"class_list":{"0":"post-20381","1":"product","2":"type-product","3":"status-publish","4":"has-post-thumbnail","6":"product_cat-complement","7":"product_cat-consommable","9":"first","10":"instock","11":"shipping-taxable","12":"purchasable","13":"product-type-simple"},"jetpack_sharing_enabled":true,"_links":{"self":[{"href":"https:\/\/para-pharmacity.tn\/index.php?rest_route=\/wp\/v2\/product\/20381","targetHints":{"allow":["GET"]}}],"collection":[{"href":"https:\/\/para-pharmacity.tn\/index.php?rest_route=\/wp\/v2\/product"}],"about":[{"href":"https:\/\/para-pharmacity.tn\/index.php?rest_route=\/wp\/v2\/types\/product"}],"replies":[{"embeddable":true,"href":"https:\/\/para-pharmacity.tn\/index.php?rest_route=%2Fwp%2Fv2%2Fcomments&post=20381"}],"version-history":[{"count":2,"href":"https:\/\/para-pharmacity.tn\/index.php?rest_route=\/wp\/v2\/product\/20381\/revisions"}],"predecessor-version":[{"id":25020,"href":"https:\/\/para-pharmacity.tn\/index.php?rest_route=\/wp\/v2\/product\/20381\/revisions\/25020"}],"wp:featuredmedia":[{"embeddable":true,"href":"https:\/\/para-pharmacity.tn\/index.php?rest_route=\/wp\/v2\/media\/25018"}],"wp:attachment":[{"href":"https:\/\/para-pharmacity.tn\/index.php?rest_route=%2Fwp%2Fv2%2Fmedia&parent=20381"}],"wp:term":[{"taxonomy":"product_cat","embeddable":true,"href":"https:\/\/para-pharmacity.tn\/index.php?rest_route=%2Fwp%2Fv2%2Fproduct_cat&post=20381"},{"taxonomy":"product_tag","embeddable":true,"href":"https:\/\/para-pharmacity.tn\/index.php?rest_route=%2Fwp%2Fv2%2Fproduct_tag&post=20381"}],"curies":[{"name":"wp","href":"https:\/\/api.w.org\/{rel}","templated":true}]}}